{"id":73,"date":"2022-11-23T15:19:39","date_gmt":"2022-11-23T15:19:39","guid":{"rendered":"https:\/\/noaksark.test\/goteborg-vastra-gotaland\/?page_id=73"},"modified":"2023-11-14T11:39:13","modified_gmt":"2023-11-14T10:39:13","slug":"bli-medlem-eller-stod-oss","status":"publish","type":"page","link":"https:\/\/noaksark.org\/gvg\/engagera-dig\/bli-medlem-eller-stod-oss\/","title":{"rendered":"Bli medlem eller st\u00f6d oss"},"content":{"rendered":"\n<h2 class=\"wp-block-heading\" id=\"h-din-insats-betyder-allt\">Din insats betyder allt!<\/h2>\n\n\n\n<p>Bli medlem, ditt engagemang, sm\u00e5tt som stort hj\u00e4lper v\u00e5rt uppdrag! Vi vet att alla \u00e4r upptagna med sitt, men din tid, bidrag, tankar eller f\u00f6rslag hj\u00e4lper oss kunna utveckla och sprida kunskap om hiv och dess konsekvenser.<\/p>\n\n\n\n<p>Ditt st\u00f6d hj\u00e4lper oss i;<\/p>\n\n\n\n<ul class=\"wp-block-list\">\n<li>v\u00e5rt arbete i att sprida kunskap och p\u00e5 s\u00e5 vis minska spridningen av hiv och andra sexuellt \u00f6verf\u00f6rbara infektioner.<\/li>\n\n\n\n<li>v\u00e5rt arbete i att motverka diskriminering, stigma och utanf\u00f6rskap.<\/li>\n\n\n\n<li>att f\u00e5 fler att f\u00f6rst\u00e5 och engagera sig i fr\u00e5gan.<\/li>\n<\/ul>\n\n\n\n<p>St\u00f6d oss p\u00e5 dina villkor genom att;<\/p>\n\n\n\n<ul class=\"wp-block-list\">\n<li>bli medlem<\/li>\n\n\n\n<li>donera<\/li>\n\n\n\n<li>gilla, sprida och dela inl\u00e4gg fr\u00e5n v\u00e5ra sociala kanaler<\/li>\n\n\n\n<li>h\u00f6ra av dig till oss med utvecklingsf\u00f6rslag, fr\u00e5gor eller samarbeten<\/li>\n<\/ul>\n\n\n\n<p>Litet som stort \u2013 varje insats hj\u00e4lper oss i v\u00e5rt arbete!<\/p>\n\n\n\n<h2 class=\"wp-block-heading\" id=\"h-detta-ingar-i-ditt-medlemskap\">Detta ing\u00e5r i ditt medlemskap<\/h2>\n\n\n\n<ul class=\"wp-block-list\">\n<li>M\u00f6jligheter till engagemang, aktiviteter och uppdrag.<\/li>\n\n\n\n<li>M\u00f6jlighet att ing\u00e5 i Noaks Arks n\u00e4tverk f\u00f6r sexualpolitiska fr\u00e5gor.<\/li>\n\n\n\n<li>M\u00f6jlighet att ta del av v\u00e5rt nyhetsbrev med st\u00e4ndiga uppdateringar om behandlingsmetoder, l\u00e4kemedel och forskning.<\/li>\n\n\n\n<li>Information om f\u00f6reningens arbete, aktuella f\u00f6rel\u00e4sningar, kurser och aktiviteter.<\/li>\n<\/ul>\n\n\n\n<p><\/p>\n\n\n\n<p><\/p>\n\n\n\n<h2 class=\"wp-block-heading\" id=\"h-hur-blir-du-medlem\">Hur blir du medlem?<\/h2>\n\n\n\n<p>Fyll i medlemsformul\u00e4ret <strong><a href=\"https:\/\/forms.gle\/E3TKY3adRwdpgcLK8\">h\u00e4r<\/a>\u00a0<\/strong> \u2013 d\u00e4r fyller du i n\u00e5gra rader med ditt namn, e-post och telefonnummer (valfritt) s\u00e5 att vi kan registrera dig som medlem. \u263a\ufe0f<\/p>\n\n\n\n<p>Medlemsavgiften \u00e4r 25 kr\/kalender\u00e5r.<\/p>\n\n\n\n<p>Medlemsavgiften s\u00e4tts in enligt f\u00f6ljande efter att medlemsformul\u00e4ret \u00e4r ifyllt (samma info finns i formul\u00e4ret ovan):<br>Bankgironummer: 121-7694<br>Swish: 123 280 1272<\/p>\n\n\n\n<p>Ange vilket \u00e5r medlemskapet g\u00e4ller vid betalning. \ud83d\ude4f\ud83c\udffc<\/p>\n\n\n\n<p><strong>TACK f\u00f6r ditt st\u00f6d!<\/strong><\/p>\n\n\n\n<figure class=\"wp-block-image size-large\"><img loading=\"lazy\" decoding=\"async\" width=\"1024\" height=\"683\" src=\"https:\/\/noaksark.org\/gvg\/wp-content\/uploads\/sites\/7\/2023\/11\/sharon-mccutcheon-Jv_oD5CuVfw-unsplash-1024x683.jpg\" alt=\"\" class=\"wp-image-2809\" srcset=\"https:\/\/noaksark.org\/gvg\/wp-content\/uploads\/sites\/7\/2023\/11\/sharon-mccutcheon-Jv_oD5CuVfw-unsplash-1024x683.jpg 1024w, https:\/\/noaksark.org\/gvg\/wp-content\/uploads\/sites\/7\/2023\/11\/sharon-mccutcheon-Jv_oD5CuVfw-unsplash-300x200.jpg 300w, https:\/\/noaksark.org\/gvg\/wp-content\/uploads\/sites\/7\/2023\/11\/sharon-mccutcheon-Jv_oD5CuVfw-unsplash-768x512.jpg 768w, https:\/\/noaksark.org\/gvg\/wp-content\/uploads\/sites\/7\/2023\/11\/sharon-mccutcheon-Jv_oD5CuVfw-unsplash-1536x1024.jpg 1536w, https:\/\/noaksark.org\/gvg\/wp-content\/uploads\/sites\/7\/2023\/11\/sharon-mccutcheon-Jv_oD5CuVfw-unsplash-2048x1365.jpg 2048w, https:\/\/noaksark.org\/gvg\/wp-content\/uploads\/sites\/7\/2023\/11\/sharon-mccutcheon-Jv_oD5CuVfw-unsplash-150x100.jpg 150w, https:\/\/noaksark.org\/gvg\/wp-content\/uploads\/sites\/7\/2023\/11\/sharon-mccutcheon-Jv_oD5CuVfw-unsplash-1152x768.jpg 1152w\" sizes=\"auto, (max-width: 1024px) 100vw, 1024px\" \/><\/figure>\n\n\n\n<ul class=\"wp-block-list\"><\/ul>\n","protected":false},"excerpt":{"rendered":"<p>Din insats betyder allt! Bli medlem, ditt engagemang, sm\u00e5tt som stort hj\u00e4lper v\u00e5rt uppdrag! Vi vet att alla \u00e4r upptagna med sitt, men din tid, bidrag, tankar eller f\u00f6rslag hj\u00e4lper oss kunna utveckla och sprida&#8230;<\/p>\n","protected":false},"author":27,"featured_media":0,"parent":34,"menu_order":0,"comment_status":"closed","ping_status":"closed","template":"","meta":{"_acf_changed":false,"footnotes":""},"class_list":["post-73","page","type-page","status-publish","hentry"],"acf":[],"yoast_head":"<!-- This site is optimized with the Yoast SEO Premium plugin v27.3 (Yoast SEO v27.4) - https:\/\/yoast.com\/product\/yoast-seo-premium-wordpress\/ -->\n<title>Bli medlem eller st\u00f6d oss - Noaks Ark G\u00f6teborg &amp; V\u00e4stra G\u00f6taland<\/title>\n<meta name=\"robots\" content=\"index, follow, max-snippet:-1, max-image-preview:large, max-video-preview:-1\" \/>\n<link rel=\"canonical\" href=\"https:\/\/noaksark.org\/gvg\/engagera-dig\/bli-medlem-eller-stod-oss\/\" \/>\n<meta property=\"og:locale\" content=\"sv_SE\" \/>\n<meta property=\"og:type\" content=\"article\" \/>\n<meta property=\"og:title\" content=\"Bli medlem eller st\u00f6d oss\" \/>\n<meta property=\"og:description\" content=\"Din insats betyder allt! Bli medlem, ditt engagemang, sm\u00e5tt som stort hj\u00e4lper v\u00e5rt uppdrag! Vi vet att alla \u00e4r upptagna med sitt, men din tid, bidrag, tankar eller f\u00f6rslag hj\u00e4lper oss kunna utveckla och sprida...\" \/>\n<meta property=\"og:url\" content=\"https:\/\/noaksark.org\/gvg\/engagera-dig\/bli-medlem-eller-stod-oss\/\" \/>\n<meta property=\"og:site_name\" content=\"Noaks Ark G\u00f6teborg &amp; V\u00e4stra G\u00f6taland\" \/>\n<meta property=\"article:modified_time\" content=\"2023-11-14T10:39:13+00:00\" \/>\n<meta property=\"og:image\" content=\"https:\/\/noaksark.org\/gvg\/wp-content\/uploads\/sites\/7\/2023\/11\/sharon-mccutcheon-Jv_oD5CuVfw-unsplash-1024x683.jpg\" \/>\n<meta name=\"twitter:card\" content=\"summary_large_image\" \/>\n<meta name=\"twitter:label1\" content=\"Ber\u00e4knad l\u00e4stid\" \/>\n\t<meta name=\"twitter:data1\" content=\"2 minuter\" \/>\n<script type=\"application\/ld+json\" class=\"yoast-schema-graph\">{\"@context\":\"https:\\\/\\\/schema.org\",\"@graph\":[{\"@type\":\"WebPage\",\"@id\":\"https:\\\/\\\/noaksark.org\\\/gvg\\\/engagera-dig\\\/bli-medlem-eller-stod-oss\\\/\",\"url\":\"https:\\\/\\\/noaksark.org\\\/gvg\\\/engagera-dig\\\/bli-medlem-eller-stod-oss\\\/\",\"name\":\"Bli medlem eller st\u00f6d oss - Noaks Ark G\u00f6teborg &amp; V\u00e4stra G\u00f6taland\",\"isPartOf\":{\"@id\":\"https:\\\/\\\/noaksark.org\\\/gvg\\\/#website\"},\"primaryImageOfPage\":{\"@id\":\"https:\\\/\\\/noaksark.org\\\/gvg\\\/engagera-dig\\\/bli-medlem-eller-stod-oss\\\/#primaryimage\"},\"image\":{\"@id\":\"https:\\\/\\\/noaksark.org\\\/gvg\\\/engagera-dig\\\/bli-medlem-eller-stod-oss\\\/#primaryimage\"},\"thumbnailUrl\":\"https:\\\/\\\/noaksark.org\\\/gvg\\\/wp-content\\\/uploads\\\/sites\\\/7\\\/2023\\\/11\\\/sharon-mccutcheon-Jv_oD5CuVfw-unsplash-1024x683.jpg\",\"datePublished\":\"2022-11-23T15:19:39+00:00\",\"dateModified\":\"2023-11-14T10:39:13+00:00\",\"breadcrumb\":{\"@id\":\"https:\\\/\\\/noaksark.org\\\/gvg\\\/engagera-dig\\\/bli-medlem-eller-stod-oss\\\/#breadcrumb\"},\"inLanguage\":\"sv-SE\",\"potentialAction\":[{\"@type\":\"ReadAction\",\"target\":[\"https:\\\/\\\/noaksark.org\\\/gvg\\\/engagera-dig\\\/bli-medlem-eller-stod-oss\\\/\"]}]},{\"@type\":\"ImageObject\",\"inLanguage\":\"sv-SE\",\"@id\":\"https:\\\/\\\/noaksark.org\\\/gvg\\\/engagera-dig\\\/bli-medlem-eller-stod-oss\\\/#primaryimage\",\"url\":\"https:\\\/\\\/noaksark.org\\\/gvg\\\/wp-content\\\/uploads\\\/sites\\\/7\\\/2023\\\/11\\\/sharon-mccutcheon-Jv_oD5CuVfw-unsplash-scaled.jpg\",\"contentUrl\":\"https:\\\/\\\/noaksark.org\\\/gvg\\\/wp-content\\\/uploads\\\/sites\\\/7\\\/2023\\\/11\\\/sharon-mccutcheon-Jv_oD5CuVfw-unsplash-scaled.jpg\",\"width\":2560,\"height\":1707},{\"@type\":\"BreadcrumbList\",\"@id\":\"https:\\\/\\\/noaksark.org\\\/gvg\\\/engagera-dig\\\/bli-medlem-eller-stod-oss\\\/#breadcrumb\",\"itemListElement\":[{\"@type\":\"ListItem\",\"position\":1,\"name\":\"Home\",\"item\":\"https:\\\/\\\/noaksark.org\\\/gvg\\\/\"},{\"@type\":\"ListItem\",\"position\":2,\"name\":\"Engagera dig\",\"item\":\"https:\\\/\\\/noaksark.org\\\/gvg\\\/engagera-dig\\\/\"},{\"@type\":\"ListItem\",\"position\":3,\"name\":\"Bli medlem eller st\u00f6d oss\"}]},{\"@type\":\"WebSite\",\"@id\":\"https:\\\/\\\/noaksark.org\\\/gvg\\\/#website\",\"url\":\"https:\\\/\\\/noaksark.org\\\/gvg\\\/\",\"name\":\"Noaks Ark G\u00f6teborg &amp; V\u00e4stra G\u00f6taland\",\"description\":\"\",\"potentialAction\":[{\"@type\":\"SearchAction\",\"target\":{\"@type\":\"EntryPoint\",\"urlTemplate\":\"https:\\\/\\\/noaksark.org\\\/gvg\\\/?s={search_term_string}\"},\"query-input\":{\"@type\":\"PropertyValueSpecification\",\"valueRequired\":true,\"valueName\":\"search_term_string\"}}],\"inLanguage\":\"sv-SE\"}]}<\/script>\n<!-- \/ Yoast SEO Premium plugin. -->","yoast_head_json":{"title":"Bli medlem eller st\u00f6d oss - Noaks Ark G\u00f6teborg &amp; V\u00e4stra G\u00f6taland","robots":{"index":"index","follow":"follow","max-snippet":"max-snippet:-1","max-image-preview":"max-image-preview:large","max-video-preview":"max-video-preview:-1"},"canonical":"https:\/\/noaksark.org\/gvg\/engagera-dig\/bli-medlem-eller-stod-oss\/","og_locale":"sv_SE","og_type":"article","og_title":"Bli medlem eller st\u00f6d oss","og_description":"Din insats betyder allt! Bli medlem, ditt engagemang, sm\u00e5tt som stort hj\u00e4lper v\u00e5rt uppdrag! Vi vet att alla \u00e4r upptagna med sitt, men din tid, bidrag, tankar eller f\u00f6rslag hj\u00e4lper oss kunna utveckla och sprida...","og_url":"https:\/\/noaksark.org\/gvg\/engagera-dig\/bli-medlem-eller-stod-oss\/","og_site_name":"Noaks Ark G\u00f6teborg &amp; V\u00e4stra G\u00f6taland","article_modified_time":"2023-11-14T10:39:13+00:00","og_image":[{"url":"https:\/\/noaksark.org\/gvg\/wp-content\/uploads\/sites\/7\/2023\/11\/sharon-mccutcheon-Jv_oD5CuVfw-unsplash-1024x683.jpg","type":"","width":"","height":""}],"twitter_card":"summary_large_image","twitter_misc":{"Ber\u00e4knad l\u00e4stid":"2 minuter"},"schema":{"@context":"https:\/\/schema.org","@graph":[{"@type":"WebPage","@id":"https:\/\/noaksark.org\/gvg\/engagera-dig\/bli-medlem-eller-stod-oss\/","url":"https:\/\/noaksark.org\/gvg\/engagera-dig\/bli-medlem-eller-stod-oss\/","name":"Bli medlem eller st\u00f6d oss - Noaks Ark G\u00f6teborg &amp; V\u00e4stra G\u00f6taland","isPartOf":{"@id":"https:\/\/noaksark.org\/gvg\/#website"},"primaryImageOfPage":{"@id":"https:\/\/noaksark.org\/gvg\/engagera-dig\/bli-medlem-eller-stod-oss\/#primaryimage"},"image":{"@id":"https:\/\/noaksark.org\/gvg\/engagera-dig\/bli-medlem-eller-stod-oss\/#primaryimage"},"thumbnailUrl":"https:\/\/noaksark.org\/gvg\/wp-content\/uploads\/sites\/7\/2023\/11\/sharon-mccutcheon-Jv_oD5CuVfw-unsplash-1024x683.jpg","datePublished":"2022-11-23T15:19:39+00:00","dateModified":"2023-11-14T10:39:13+00:00","breadcrumb":{"@id":"https:\/\/noaksark.org\/gvg\/engagera-dig\/bli-medlem-eller-stod-oss\/#breadcrumb"},"inLanguage":"sv-SE","potentialAction":[{"@type":"ReadAction","target":["https:\/\/noaksark.org\/gvg\/engagera-dig\/bli-medlem-eller-stod-oss\/"]}]},{"@type":"ImageObject","inLanguage":"sv-SE","@id":"https:\/\/noaksark.org\/gvg\/engagera-dig\/bli-medlem-eller-stod-oss\/#primaryimage","url":"https:\/\/noaksark.org\/gvg\/wp-content\/uploads\/sites\/7\/2023\/11\/sharon-mccutcheon-Jv_oD5CuVfw-unsplash-scaled.jpg","contentUrl":"https:\/\/noaksark.org\/gvg\/wp-content\/uploads\/sites\/7\/2023\/11\/sharon-mccutcheon-Jv_oD5CuVfw-unsplash-scaled.jpg","width":2560,"height":1707},{"@type":"BreadcrumbList","@id":"https:\/\/noaksark.org\/gvg\/engagera-dig\/bli-medlem-eller-stod-oss\/#breadcrumb","itemListElement":[{"@type":"ListItem","position":1,"name":"Home","item":"https:\/\/noaksark.org\/gvg\/"},{"@type":"ListItem","position":2,"name":"Engagera dig","item":"https:\/\/noaksark.org\/gvg\/engagera-dig\/"},{"@type":"ListItem","position":3,"name":"Bli medlem eller st\u00f6d oss"}]},{"@type":"WebSite","@id":"https:\/\/noaksark.org\/gvg\/#website","url":"https:\/\/noaksark.org\/gvg\/","name":"Noaks Ark G\u00f6teborg &amp; V\u00e4stra G\u00f6taland","description":"","potentialAction":[{"@type":"SearchAction","target":{"@type":"EntryPoint","urlTemplate":"https:\/\/noaksark.org\/gvg\/?s={search_term_string}"},"query-input":{"@type":"PropertyValueSpecification","valueRequired":true,"valueName":"search_term_string"}}],"inLanguage":"sv-SE"}]}},"_links":{"self":[{"href":"https:\/\/noaksark.org\/gvg\/wp-json\/wp\/v2\/pages\/73","targetHints":{"allow":["GET"]}}],"collection":[{"href":"https:\/\/noaksark.org\/gvg\/wp-json\/wp\/v2\/pages"}],"about":[{"href":"https:\/\/noaksark.org\/gvg\/wp-json\/wp\/v2\/types\/page"}],"author":[{"embeddable":true,"href":"https:\/\/noaksark.org\/gvg\/wp-json\/wp\/v2\/users\/27"}],"replies":[{"embeddable":true,"href":"https:\/\/noaksark.org\/gvg\/wp-json\/wp\/v2\/comments?post=73"}],"version-history":[{"count":17,"href":"https:\/\/noaksark.org\/gvg\/wp-json\/wp\/v2\/pages\/73\/revisions"}],"predecessor-version":[{"id":2821,"href":"https:\/\/noaksark.org\/gvg\/wp-json\/wp\/v2\/pages\/73\/revisions\/2821"}],"up":[{"embeddable":true,"href":"https:\/\/noaksark.org\/gvg\/wp-json\/wp\/v2\/pages\/34"}],"wp:attachment":[{"href":"https:\/\/noaksark.org\/gvg\/wp-json\/wp\/v2\/media?parent=73"}],"curies":[{"name":"wp","href":"https:\/\/api.w.org\/{rel}","templated":true}]}}