{"id":71,"date":"2022-11-23T15:18:28","date_gmt":"2022-11-23T15:18:28","guid":{"rendered":"https:\/\/noaksark.test\/goteborg-vastra-gotaland\/?page_id=71"},"modified":"2024-09-25T15:07:32","modified_gmt":"2024-09-25T13:07:32","slug":"bli-volontar","status":"publish","type":"page","link":"https:\/\/noaksark.org\/gvg\/engagera-dig\/bli-volontar\/","title":{"rendered":"Bli En Del Av Gemenskapen- Bli Volont\u00e4r!"},"content":{"rendered":"\n<h2 class=\"wp-block-heading\" id=\"h-hjalp-oss-gora-skillnad\">Hj\u00e4lp oss g\u00f6ra skillnad!<\/h2>\n\n\n\n<p>Engagera dig och bidra till ett samh\u00e4lle d\u00e4r kunskap f\u00f6reg\u00e5r r\u00e4dsla.<\/p>\n\n\n\n<p>Gillar du att snacka sex, samlevnad och relationer? \u00c4r du intresserad av samh\u00e4llsfr\u00e5gor som j\u00e4mst\u00e4lldhet och m\u00e4nskliga r\u00e4ttigheter?<\/p>\n\n\n\n<p><strong>D\u00e5 s\u00f6ker vi just dig!<\/strong><\/p>\n\n\n\n<p>G\u00f6r skillnad och bli volont\u00e4r hos oss! Vi p\u00e5 Noaks Ark G\u00f6teborg &amp; V\u00e4stra G\u00f6taland tycker att kunskap \u00e4r makt och arbetar f\u00f6r att skapa en trygg och inkluderande milj\u00f6 d\u00e4r man kan diskutera sex, relationer och h\u00e4lsa utan stigma eller skam.\u00a0<br>Som volont\u00e4r engagerar du dig frivilligt och har m\u00f6jlighet till flera intressanta uppdrag inom V\u00e4stra G\u00f6taland. Du f\u00e5r tillsammans med andra volont\u00e4rer hj\u00e4lpa till med kunskapsh\u00f6jande aktiviteter som:<\/p>\n\n\n\n<ul class=\"wp-block-list\">\n<li>samtalsgrupper f\u00f6r ungdomar<\/li>\n\n\n\n<li>studiecirklar f\u00f6r nyanl\u00e4nda<\/li>\n\n\n\n<li>f\u00f6rel\u00e4sningar i \u201cSexualitet, samtycke och relationer\u201d f\u00f6r gymnasieelever\u00a0<\/li>\n\n\n\n<li>m\u00e4ssor som West Pride och Frihamnsdagarna.<\/li>\n<\/ul>\n\n\n\n<p>Du f\u00e5r kostnadsfria utbildningar i f\u00f6rel\u00e4sningsteknik, sexuell och reproduktiv h\u00e4lsa och r\u00e4ttigheter, sexuellt \u00f6verf\u00f6rbara infektioner och j\u00e4mst\u00e4lldhet utifr\u00e5n ett normkritiskt, sexualpositivt och fr\u00e4mjande perspektiv.<\/p>\n\n\n\n<p>Att vara volont\u00e4r ger dig \u00f6kad kunskap och kompetens, sociala n\u00e4tverk, gemenskap, meriter och kontakter i arbetslivet. Men fr\u00e4mst ger det dig m\u00f6jligheten att g\u00f6ra en fin insats och hj\u00e4lpa oss g\u00f6ra v\u00e4rlden lite b\u00e4ttre.<\/p>\n\n\n\n<p>Hoppas vi h\u00f6rs!<\/p>\n\n\n\n<div class=\"wp-block-contact-form-7-contact-form-selector\">\n<div class=\"wpcf7 no-js\" id=\"wpcf7-f4-o1\" lang=\"sv-SE\" dir=\"ltr\" data-wpcf7-id=\"4\">\n<div class=\"screen-reader-response\"><p role=\"status\" aria-live=\"polite\" aria-atomic=\"true\"><\/p> <ul><\/ul><\/div>\n<form action=\"\/gvg\/wp-json\/wp\/v2\/pages\/71#wpcf7-f4-o1\" method=\"post\" class=\"wpcf7-form init\" aria-label=\"Kontaktformul\u00e4r\" novalidate=\"novalidate\" data-status=\"init\">\n<fieldset class=\"hidden-fields-container\"><input type=\"hidden\" name=\"_wpcf7\" value=\"4\" \/><input type=\"hidden\" name=\"_wpcf7_version\" value=\"6.1.5\" \/><input type=\"hidden\" name=\"_wpcf7_locale\" value=\"sv_SE\" \/><input type=\"hidden\" name=\"_wpcf7_unit_tag\" value=\"wpcf7-f4-o1\" \/><input type=\"hidden\" name=\"_wpcf7_container_post\" value=\"0\" \/><input type=\"hidden\" name=\"_wpcf7_posted_data_hash\" value=\"\" \/><input type=\"hidden\" name=\"_wpcf7_recaptcha_response\" value=\"\" \/>\n<\/fieldset>\n<div class=\"business-partner-form p-3\">\n\t<h4>Vill du bli en av oss?\n\t<\/h4>\n\t<p class=\"lead\">Skicka en ans\u00f6kan via formul\u00e4ret nedan d\u00e4r du ber\u00e4ttar lite om dig sj\u00e4lv s\u00e5 kontaktar vi dig.\n\t<\/p>\n\t<div class=\"row\">\n\t\t<div class=\"col-sm-12\">\n\t\t\t<h6>Namn\n\t\t\t<\/h6>\n\t\t\t<p><span class=\"wpcf7-form-control-wrap\" data-name=\"your-name\"><input size=\"40\" maxlength=\"400\" class=\"wpcf7-form-control wpcf7-text wpcf7-validates-as-required form-control\" aria-required=\"true\" aria-invalid=\"false\" value=\"\" type=\"text\" name=\"your-name\" \/><\/span>\n\t\t\t<\/p>\n\t\t<\/div>\n\t\t<div class=\"col-sm-12 col-lg-6\">\n\t\t\t<h6>Telefonnummer\n\t\t\t<\/h6>\n\t\t\t<p><span class=\"wpcf7-form-control-wrap\" data-name=\"phone-number\"><input size=\"40\" maxlength=\"400\" class=\"wpcf7-form-control wpcf7-text form-control\" aria-invalid=\"false\" value=\"\" type=\"text\" name=\"phone-number\" \/><\/span>\n\t\t\t<\/p>\n\t\t<\/div>\n\t\t<div class=\"col-sm-12 col-lg-6\">\n\t\t\t<h6>E-mail\n\t\t\t<\/h6>\n\t\t\t<p><span class=\"wpcf7-form-control-wrap\" data-name=\"your-subject\"><input size=\"40\" maxlength=\"400\" class=\"wpcf7-form-control wpcf7-text wpcf7-validates-as-required form-control\" aria-required=\"true\" aria-invalid=\"false\" value=\"\" type=\"text\" name=\"your-subject\" \/><\/span>\n\t\t\t<\/p>\n\t\t<\/div>\n\t\t<div class=\"col-sm-12\">\n\t\t\t<h6>Ditt meddelande\n\t\t\t<\/h6>\n\t\t\t<p><span class=\"wpcf7-form-control-wrap\" data-name=\"your-message\"><textarea cols=\"40\" rows=\"10\" maxlength=\"2000\" class=\"wpcf7-form-control wpcf7-textarea form-control\" aria-invalid=\"false\" name=\"your-message\"><\/textarea><\/span>\n\t\t\t<\/p>\n\t\t<\/div>\n\t\t<p><span class=\"wpcf7-form-control-wrap\" data-name=\"acceptance-41\"><span class=\"wpcf7-form-control wpcf7-acceptance\"><span class=\"wpcf7-list-item\"><label><input type=\"checkbox\" name=\"acceptance-41\" value=\"1\" aria-invalid=\"false\" \/><span class=\"wpcf7-list-item-label\">Jag godk\u00e4nner Noaks Arks <a href=\"https:\/\/noaksark.org\/om-oss\/personuppgiftspolicy\/\">behandling av mina personuppgifter.<\/a><\/span><\/label><\/span><\/span><\/span>\n\t\t<\/p>\n\t\t<p><input class=\"wpcf7-form-control wpcf7-submit has-spinner\" type=\"submit\" value=\"Skicka intresseanm\u00e4lan\" \/>\n\t\t<\/p>\n\t\t<p>Eller <a href=\"https:\/\/noaksark.org\/gvg\/om-oss\/kontakta-oss\/\">kontakta oss<\/a> om du har n\u00e5gra fr\u00e5gor!\n\t\t<\/p>\n\t<\/div>\n<\/div><div class=\"wpcf7-response-output\" aria-hidden=\"true\"><\/div>\n<\/form>\n<\/div>\n<\/div>\n\n\n\n<p>Hoppas vi h\u00f6rs!<\/p>\n","protected":false},"excerpt":{"rendered":"<p>Hj\u00e4lp oss g\u00f6ra skillnad! Engagera dig och bidra till ett samh\u00e4lle d\u00e4r kunskap f\u00f6reg\u00e5r r\u00e4dsla. Gillar du att snacka sex, samlevnad och relationer? \u00c4r du intresserad av samh\u00e4llsfr\u00e5gor som j\u00e4mst\u00e4lldhet och m\u00e4nskliga r\u00e4ttigheter? D\u00e5 s\u00f6ker&#8230;<\/p>\n","protected":false},"author":27,"featured_media":0,"parent":34,"menu_order":0,"comment_status":"closed","ping_status":"closed","template":"","meta":{"_acf_changed":false,"footnotes":""},"class_list":["post-71","page","type-page","status-publish","hentry"],"acf":[],"yoast_head":"<!-- This site is optimized with the Yoast SEO Premium plugin v27.3 (Yoast SEO v27.4) - https:\/\/yoast.com\/product\/yoast-seo-premium-wordpress\/ -->\n<title>Bli En Del Av Gemenskapen- Bli Volont\u00e4r! - Noaks Ark G\u00f6teborg &amp; V\u00e4stra G\u00f6taland<\/title>\n<meta name=\"robots\" content=\"index, follow, max-snippet:-1, max-image-preview:large, max-video-preview:-1\" \/>\n<link rel=\"canonical\" href=\"https:\/\/noaksark.org\/gvg\/engagera-dig\/bli-volontar\/\" \/>\n<meta property=\"og:locale\" content=\"sv_SE\" \/>\n<meta property=\"og:type\" content=\"article\" \/>\n<meta property=\"og:title\" content=\"Bli En Del Av Gemenskapen- Bli Volont\u00e4r!\" \/>\n<meta property=\"og:description\" content=\"Hj\u00e4lp oss g\u00f6ra skillnad! Engagera dig och bidra till ett samh\u00e4lle d\u00e4r kunskap f\u00f6reg\u00e5r r\u00e4dsla. Gillar du att snacka sex, samlevnad och relationer? \u00c4r du intresserad av samh\u00e4llsfr\u00e5gor som j\u00e4mst\u00e4lldhet och m\u00e4nskliga r\u00e4ttigheter? D\u00e5 s\u00f6ker...\" \/>\n<meta property=\"og:url\" content=\"https:\/\/noaksark.org\/gvg\/engagera-dig\/bli-volontar\/\" \/>\n<meta property=\"og:site_name\" content=\"Noaks Ark G\u00f6teborg &amp; V\u00e4stra G\u00f6taland\" \/>\n<meta property=\"article:modified_time\" content=\"2024-09-25T13:07:32+00:00\" \/>\n<meta name=\"twitter:card\" content=\"summary_large_image\" \/>\n<meta name=\"twitter:label1\" content=\"Ber\u00e4knad l\u00e4stid\" \/>\n\t<meta name=\"twitter:data1\" content=\"1 minut\" \/>\n<script type=\"application\/ld+json\" class=\"yoast-schema-graph\">{\"@context\":\"https:\\\/\\\/schema.org\",\"@graph\":[{\"@type\":\"WebPage\",\"@id\":\"https:\\\/\\\/noaksark.org\\\/gvg\\\/engagera-dig\\\/bli-volontar\\\/\",\"url\":\"https:\\\/\\\/noaksark.org\\\/gvg\\\/engagera-dig\\\/bli-volontar\\\/\",\"name\":\"Bli En Del Av Gemenskapen- Bli Volont\u00e4r! - Noaks Ark G\u00f6teborg &amp; V\u00e4stra G\u00f6taland\",\"isPartOf\":{\"@id\":\"https:\\\/\\\/noaksark.org\\\/gvg\\\/#website\"},\"datePublished\":\"2022-11-23T15:18:28+00:00\",\"dateModified\":\"2024-09-25T13:07:32+00:00\",\"breadcrumb\":{\"@id\":\"https:\\\/\\\/noaksark.org\\\/gvg\\\/engagera-dig\\\/bli-volontar\\\/#breadcrumb\"},\"inLanguage\":\"sv-SE\",\"potentialAction\":[{\"@type\":\"ReadAction\",\"target\":[\"https:\\\/\\\/noaksark.org\\\/gvg\\\/engagera-dig\\\/bli-volontar\\\/\"]}]},{\"@type\":\"BreadcrumbList\",\"@id\":\"https:\\\/\\\/noaksark.org\\\/gvg\\\/engagera-dig\\\/bli-volontar\\\/#breadcrumb\",\"itemListElement\":[{\"@type\":\"ListItem\",\"position\":1,\"name\":\"Home\",\"item\":\"https:\\\/\\\/noaksark.org\\\/gvg\\\/\"},{\"@type\":\"ListItem\",\"position\":2,\"name\":\"Engagera dig\",\"item\":\"https:\\\/\\\/noaksark.org\\\/gvg\\\/engagera-dig\\\/\"},{\"@type\":\"ListItem\",\"position\":3,\"name\":\"Bli En Del Av Gemenskapen- Bli Volont\u00e4r!\"}]},{\"@type\":\"WebSite\",\"@id\":\"https:\\\/\\\/noaksark.org\\\/gvg\\\/#website\",\"url\":\"https:\\\/\\\/noaksark.org\\\/gvg\\\/\",\"name\":\"Noaks Ark G\u00f6teborg &amp; V\u00e4stra G\u00f6taland\",\"description\":\"\",\"potentialAction\":[{\"@type\":\"SearchAction\",\"target\":{\"@type\":\"EntryPoint\",\"urlTemplate\":\"https:\\\/\\\/noaksark.org\\\/gvg\\\/?s={search_term_string}\"},\"query-input\":{\"@type\":\"PropertyValueSpecification\",\"valueRequired\":true,\"valueName\":\"search_term_string\"}}],\"inLanguage\":\"sv-SE\"}]}<\/script>\n<!-- \/ Yoast SEO Premium plugin. -->","yoast_head_json":{"title":"Bli En Del Av Gemenskapen- Bli Volont\u00e4r! - Noaks Ark G\u00f6teborg &amp; V\u00e4stra G\u00f6taland","robots":{"index":"index","follow":"follow","max-snippet":"max-snippet:-1","max-image-preview":"max-image-preview:large","max-video-preview":"max-video-preview:-1"},"canonical":"https:\/\/noaksark.org\/gvg\/engagera-dig\/bli-volontar\/","og_locale":"sv_SE","og_type":"article","og_title":"Bli En Del Av Gemenskapen- Bli Volont\u00e4r!","og_description":"Hj\u00e4lp oss g\u00f6ra skillnad! Engagera dig och bidra till ett samh\u00e4lle d\u00e4r kunskap f\u00f6reg\u00e5r r\u00e4dsla. Gillar du att snacka sex, samlevnad och relationer? \u00c4r du intresserad av samh\u00e4llsfr\u00e5gor som j\u00e4mst\u00e4lldhet och m\u00e4nskliga r\u00e4ttigheter? D\u00e5 s\u00f6ker...","og_url":"https:\/\/noaksark.org\/gvg\/engagera-dig\/bli-volontar\/","og_site_name":"Noaks Ark G\u00f6teborg &amp; V\u00e4stra G\u00f6taland","article_modified_time":"2024-09-25T13:07:32+00:00","twitter_card":"summary_large_image","twitter_misc":{"Ber\u00e4knad l\u00e4stid":"1 minut"},"schema":{"@context":"https:\/\/schema.org","@graph":[{"@type":"WebPage","@id":"https:\/\/noaksark.org\/gvg\/engagera-dig\/bli-volontar\/","url":"https:\/\/noaksark.org\/gvg\/engagera-dig\/bli-volontar\/","name":"Bli En Del Av Gemenskapen- Bli Volont\u00e4r! - Noaks Ark G\u00f6teborg &amp; V\u00e4stra G\u00f6taland","isPartOf":{"@id":"https:\/\/noaksark.org\/gvg\/#website"},"datePublished":"2022-11-23T15:18:28+00:00","dateModified":"2024-09-25T13:07:32+00:00","breadcrumb":{"@id":"https:\/\/noaksark.org\/gvg\/engagera-dig\/bli-volontar\/#breadcrumb"},"inLanguage":"sv-SE","potentialAction":[{"@type":"ReadAction","target":["https:\/\/noaksark.org\/gvg\/engagera-dig\/bli-volontar\/"]}]},{"@type":"BreadcrumbList","@id":"https:\/\/noaksark.org\/gvg\/engagera-dig\/bli-volontar\/#breadcrumb","itemListElement":[{"@type":"ListItem","position":1,"name":"Home","item":"https:\/\/noaksark.org\/gvg\/"},{"@type":"ListItem","position":2,"name":"Engagera dig","item":"https:\/\/noaksark.org\/gvg\/engagera-dig\/"},{"@type":"ListItem","position":3,"name":"Bli En Del Av Gemenskapen- Bli Volont\u00e4r!"}]},{"@type":"WebSite","@id":"https:\/\/noaksark.org\/gvg\/#website","url":"https:\/\/noaksark.org\/gvg\/","name":"Noaks Ark G\u00f6teborg &amp; V\u00e4stra G\u00f6taland","description":"","potentialAction":[{"@type":"SearchAction","target":{"@type":"EntryPoint","urlTemplate":"https:\/\/noaksark.org\/gvg\/?s={search_term_string}"},"query-input":{"@type":"PropertyValueSpecification","valueRequired":true,"valueName":"search_term_string"}}],"inLanguage":"sv-SE"}]}},"_links":{"self":[{"href":"https:\/\/noaksark.org\/gvg\/wp-json\/wp\/v2\/pages\/71","targetHints":{"allow":["GET"]}}],"collection":[{"href":"https:\/\/noaksark.org\/gvg\/wp-json\/wp\/v2\/pages"}],"about":[{"href":"https:\/\/noaksark.org\/gvg\/wp-json\/wp\/v2\/types\/page"}],"author":[{"embeddable":true,"href":"https:\/\/noaksark.org\/gvg\/wp-json\/wp\/v2\/users\/27"}],"replies":[{"embeddable":true,"href":"https:\/\/noaksark.org\/gvg\/wp-json\/wp\/v2\/comments?post=71"}],"version-history":[{"count":7,"href":"https:\/\/noaksark.org\/gvg\/wp-json\/wp\/v2\/pages\/71\/revisions"}],"predecessor-version":[{"id":2914,"href":"https:\/\/noaksark.org\/gvg\/wp-json\/wp\/v2\/pages\/71\/revisions\/2914"}],"up":[{"embeddable":true,"href":"https:\/\/noaksark.org\/gvg\/wp-json\/wp\/v2\/pages\/34"}],"wp:attachment":[{"href":"https:\/\/noaksark.org\/gvg\/wp-json\/wp\/v2\/media?parent=71"}],"curies":[{"name":"wp","href":"https:\/\/api.w.org\/{rel}","templated":true}]}}