{"id":65,"date":"2022-11-23T15:15:40","date_gmt":"2022-11-23T15:15:40","guid":{"rendered":"https:\/\/noaksark.test\/goteborg-vastra-gotaland\/?page_id=65"},"modified":"2026-01-13T14:43:35","modified_gmt":"2026-01-13T13:43:35","slug":"quiz","status":"publish","type":"page","link":"https:\/\/noaksark.org\/gvg\/stod-och-rad\/lar-dig-mer\/quiz\/","title":{"rendered":"Quiz"},"content":{"rendered":"\n<div class=\"quizbox-block\">\n    <a href=\"https:\/\/www.riddle.com\/view\/MrPSZ36H\" target=\"_blank\">\n        <div class=\"image-wrapper\">\n            <img decoding=\"async\" src=\"https:\/\/noaksark.org\/gvg\/wp-content\/uploads\/sites\/7\/2024\/09\/getty-images-cJ13AKK8NOM-unsplash-scaled.jpg\">\n        <\/div>\n        <div class=\"quizbox-content\">\n            <h4>Hiv idag.<\/h4>\n            <p>Hiv idag \u00e4r inte vad hiv var f\u00f6rr. Har du h\u00e4ngt med i sv\u00e4ngarna? G\u00f6r v\u00e5rt quiz och testa dina kunskaper f\u00f6r att f\u00e5 reda p\u00e5 det senaste om hiv &#8211; du kanske blir \u00f6verraskad! \ud83c\udf8a<\/p>\n            <hr>\n            <div class=\"text-center\">\n                <button class=\"btn btn-inverted btn-sm me-2 mb-2\">Starta quiz<\/button>\n            <\/div>\n        <\/div>\n    <\/a>\n<\/div>\n\n\n\n\n<div class=\"quizbox-block\">\n    <a href=\"https:\/\/www.riddle.com\/view\/390175\" target=\"_blank\">\n        <div class=\"image-wrapper\">\n            <img decoding=\"async\" src=\"https:\/\/noaksark.org\/gvg\/wp-content\/uploads\/sites\/7\/2024\/04\/caspar-camille-rubin-VbGYLwHnw88-unsplash-scaled.jpg\">\n        <\/div>\n        <div class=\"quizbox-content\">\n            <h4>Netflix &amp; Chill<\/h4>\n            <p>\u00c4r du redo f\u00f6r Netflix &amp; Chill? I denna quiz f\u00e5r du lite matnyttig information som kan vara till hj\u00e4lp n\u00e4r du \u00e4r redo f\u00f6r dina chill-m\u00f6ten \ud83d\udc41\ufe0f\ud83d\udc44\ud83d\udc41\ufe0f<\/p>\n            <hr>\n            <div class=\"text-center\">\n                <button class=\"btn btn-inverted btn-sm me-2 mb-2\">Starta quiz<\/button>\n            <\/div>\n        <\/div>\n    <\/a>\n<\/div>\n\n\n\n\n<div class=\"wp-block-columns is-layout-flex wp-container-core-columns-is-layout-9d6595d7 wp-block-columns-is-layout-flex\">\n<div class=\"wp-block-column is-layout-flow wp-block-column-is-layout-flow\">\n<div class=\"quizbox-block\">\n    <a href=\"https:\/\/www.riddle.com\/view\/392085\" target=\"_blank\">\n        <div class=\"image-wrapper\">\n            <img decoding=\"async\" src=\"https:\/\/noaksark.org\/gvg\/wp-content\/uploads\/sites\/7\/2023\/05\/reproductive-health-supplies-coalition-lYR44OXwMA4-unsplash-scaled.jpg\">\n        <\/div>\n        <div class=\"quizbox-content\">\n            <h4>Hur mycket kan du om:<\/h4>\n            <p>preventivmedel, kondomen och dess historia?<\/p>\n            <hr>\n            <div class=\"text-center\">\n                <button class=\"btn btn-inverted btn-sm me-2 mb-2\">Starta quiz<\/button>\n            <\/div>\n        <\/div>\n    <\/a>\n<\/div>\n\n<\/div>\n<\/div>\n\n\n\n<div class=\"quizbox-block\">\n    <a href=\"https:\/\/www.riddle.com\/view\/3L9FLdhO\" target=\"_blank\">\n        <div class=\"image-wrapper\">\n            <img decoding=\"async\" src=\"https:\/\/noaksark.org\/gvg\/wp-content\/uploads\/sites\/7\/2024\/06\/edu-lauton-TyQ-0lPp6e4-unsplash-scaled.jpg\">\n        <\/div>\n        <div class=\"quizbox-content\">\n            <h4>Vad vet du om hiv?<\/h4>\n            <p>Kan man skaffa barn n\u00e4r man har hiv? Beh\u00f6ver man ber\u00e4tta f\u00f6r sin partner att man har hiv? Det finns en stor kunksapslucka och m\u00e5nga myter kring hiv! G\u00f6r v\u00e5rt quiz och utmana dina kunskaper \u2013 kanske l\u00e4r du dig n\u00e5got nytt och viktigt!<\/p>\n            <hr>\n            <div class=\"text-center\">\n                <button class=\"btn btn-inverted btn-sm me-2 mb-2\">Starta quiz<\/button>\n            <\/div>\n        <\/div>\n    <\/a>\n<\/div>\n\n","protected":false},"excerpt":{"rendered":"","protected":false},"author":27,"featured_media":0,"parent":3189,"menu_order":0,"comment_status":"closed","ping_status":"closed","template":"","meta":{"_acf_changed":false,"footnotes":""},"class_list":["post-65","page","type-page","status-publish","hentry"],"acf":[],"yoast_head":"<!-- This site is optimized with the Yoast SEO Premium plugin v27.4 (Yoast SEO v27.4) - https:\/\/yoast.com\/product\/yoast-seo-premium-wordpress\/ -->\n<title>Quiz - Noaks Ark G\u00f6teborg &amp; V\u00e4stra G\u00f6taland<\/title>\n<meta name=\"description\" content=\"Testa dina kunskaper om hiv och andra sexuellt \u00f6verf\u00f6rbara infektioner h\u00e4r p\u00e5 Noaksark.org. L\u00e4s mer om hiv och andra sti:er p\u00e5 Noaksark.org\" \/>\n<meta name=\"robots\" content=\"index, follow, max-snippet:-1, max-image-preview:large, max-video-preview:-1\" \/>\n<link rel=\"canonical\" href=\"https:\/\/noaksark.org\/gvg\/stod-och-rad\/lar-dig-mer\/quiz\/\" \/>\n<meta property=\"og:locale\" content=\"sv_SE\" \/>\n<meta property=\"og:type\" content=\"article\" \/>\n<meta property=\"og:title\" content=\"Quiz\" \/>\n<meta property=\"og:description\" content=\"Testa dina kunskaper om hiv och andra sexuellt \u00f6verf\u00f6rbara infektioner h\u00e4r p\u00e5 Noaksark.org. L\u00e4s mer om hiv och andra sti:er p\u00e5 Noaksark.org\" \/>\n<meta property=\"og:url\" content=\"https:\/\/noaksark.org\/gvg\/stod-och-rad\/lar-dig-mer\/quiz\/\" \/>\n<meta property=\"og:site_name\" content=\"Noaks Ark G\u00f6teborg &amp; V\u00e4stra G\u00f6taland\" \/>\n<meta property=\"article:modified_time\" content=\"2026-01-13T13:43:35+00:00\" \/>\n<meta name=\"twitter:card\" content=\"summary_large_image\" \/>\n<script type=\"application\/ld+json\" class=\"yoast-schema-graph\">{\"@context\":\"https:\\\/\\\/schema.org\",\"@graph\":[{\"@type\":\"WebPage\",\"@id\":\"https:\\\/\\\/noaksark.org\\\/gvg\\\/stod-och-rad\\\/lar-dig-mer\\\/quiz\\\/\",\"url\":\"https:\\\/\\\/noaksark.org\\\/gvg\\\/stod-och-rad\\\/lar-dig-mer\\\/quiz\\\/\",\"name\":\"Quiz - Noaks Ark G\u00f6teborg &amp; V\u00e4stra G\u00f6taland\",\"isPartOf\":{\"@id\":\"https:\\\/\\\/noaksark.org\\\/gvg\\\/#website\"},\"datePublished\":\"2022-11-23T15:15:40+00:00\",\"dateModified\":\"2026-01-13T13:43:35+00:00\",\"description\":\"Testa dina kunskaper om hiv och andra sexuellt \u00f6verf\u00f6rbara infektioner h\u00e4r p\u00e5 Noaksark.org. L\u00e4s mer om hiv och andra sti:er p\u00e5 Noaksark.org\",\"breadcrumb\":{\"@id\":\"https:\\\/\\\/noaksark.org\\\/gvg\\\/stod-och-rad\\\/lar-dig-mer\\\/quiz\\\/#breadcrumb\"},\"inLanguage\":\"sv-SE\",\"potentialAction\":[{\"@type\":\"ReadAction\",\"target\":[\"https:\\\/\\\/noaksark.org\\\/gvg\\\/stod-och-rad\\\/lar-dig-mer\\\/quiz\\\/\"]}]},{\"@type\":\"BreadcrumbList\",\"@id\":\"https:\\\/\\\/noaksark.org\\\/gvg\\\/stod-och-rad\\\/lar-dig-mer\\\/quiz\\\/#breadcrumb\",\"itemListElement\":[{\"@type\":\"ListItem\",\"position\":1,\"name\":\"Home\",\"item\":\"https:\\\/\\\/noaksark.org\\\/gvg\\\/\"},{\"@type\":\"ListItem\",\"position\":2,\"name\":\"St\u00f6d &amp; R\u00e5d\",\"item\":\"https:\\\/\\\/noaksark.org\\\/gvg\\\/stod-och-rad\\\/\"},{\"@type\":\"ListItem\",\"position\":3,\"name\":\"L\u00e4r dig mer\",\"item\":\"https:\\\/\\\/noaksark.org\\\/gvg\\\/stod-och-rad\\\/lar-dig-mer\\\/\"},{\"@type\":\"ListItem\",\"position\":4,\"name\":\"Quiz\"}]},{\"@type\":\"WebSite\",\"@id\":\"https:\\\/\\\/noaksark.org\\\/gvg\\\/#website\",\"url\":\"https:\\\/\\\/noaksark.org\\\/gvg\\\/\",\"name\":\"Noaks Ark G\u00f6teborg &amp; V\u00e4stra G\u00f6taland\",\"description\":\"\",\"potentialAction\":[{\"@type\":\"SearchAction\",\"target\":{\"@type\":\"EntryPoint\",\"urlTemplate\":\"https:\\\/\\\/noaksark.org\\\/gvg\\\/?s={search_term_string}\"},\"query-input\":{\"@type\":\"PropertyValueSpecification\",\"valueRequired\":true,\"valueName\":\"search_term_string\"}}],\"inLanguage\":\"sv-SE\"}]}<\/script>\n<!-- \/ Yoast SEO Premium plugin. -->","yoast_head_json":{"title":"Quiz - Noaks Ark G\u00f6teborg &amp; V\u00e4stra G\u00f6taland","description":"Testa dina kunskaper om hiv och andra sexuellt \u00f6verf\u00f6rbara infektioner h\u00e4r p\u00e5 Noaksark.org. L\u00e4s mer om hiv och andra sti:er p\u00e5 Noaksark.org","robots":{"index":"index","follow":"follow","max-snippet":"max-snippet:-1","max-image-preview":"max-image-preview:large","max-video-preview":"max-video-preview:-1"},"canonical":"https:\/\/noaksark.org\/gvg\/stod-och-rad\/lar-dig-mer\/quiz\/","og_locale":"sv_SE","og_type":"article","og_title":"Quiz","og_description":"Testa dina kunskaper om hiv och andra sexuellt \u00f6verf\u00f6rbara infektioner h\u00e4r p\u00e5 Noaksark.org. L\u00e4s mer om hiv och andra sti:er p\u00e5 Noaksark.org","og_url":"https:\/\/noaksark.org\/gvg\/stod-och-rad\/lar-dig-mer\/quiz\/","og_site_name":"Noaks Ark G\u00f6teborg &amp; V\u00e4stra G\u00f6taland","article_modified_time":"2026-01-13T13:43:35+00:00","twitter_card":"summary_large_image","schema":{"@context":"https:\/\/schema.org","@graph":[{"@type":"WebPage","@id":"https:\/\/noaksark.org\/gvg\/stod-och-rad\/lar-dig-mer\/quiz\/","url":"https:\/\/noaksark.org\/gvg\/stod-och-rad\/lar-dig-mer\/quiz\/","name":"Quiz - Noaks Ark G\u00f6teborg &amp; V\u00e4stra G\u00f6taland","isPartOf":{"@id":"https:\/\/noaksark.org\/gvg\/#website"},"datePublished":"2022-11-23T15:15:40+00:00","dateModified":"2026-01-13T13:43:35+00:00","description":"Testa dina kunskaper om hiv och andra sexuellt \u00f6verf\u00f6rbara infektioner h\u00e4r p\u00e5 Noaksark.org. L\u00e4s mer om hiv och andra sti:er p\u00e5 Noaksark.org","breadcrumb":{"@id":"https:\/\/noaksark.org\/gvg\/stod-och-rad\/lar-dig-mer\/quiz\/#breadcrumb"},"inLanguage":"sv-SE","potentialAction":[{"@type":"ReadAction","target":["https:\/\/noaksark.org\/gvg\/stod-och-rad\/lar-dig-mer\/quiz\/"]}]},{"@type":"BreadcrumbList","@id":"https:\/\/noaksark.org\/gvg\/stod-och-rad\/lar-dig-mer\/quiz\/#breadcrumb","itemListElement":[{"@type":"ListItem","position":1,"name":"Home","item":"https:\/\/noaksark.org\/gvg\/"},{"@type":"ListItem","position":2,"name":"St\u00f6d &amp; R\u00e5d","item":"https:\/\/noaksark.org\/gvg\/stod-och-rad\/"},{"@type":"ListItem","position":3,"name":"L\u00e4r dig mer","item":"https:\/\/noaksark.org\/gvg\/stod-och-rad\/lar-dig-mer\/"},{"@type":"ListItem","position":4,"name":"Quiz"}]},{"@type":"WebSite","@id":"https:\/\/noaksark.org\/gvg\/#website","url":"https:\/\/noaksark.org\/gvg\/","name":"Noaks Ark G\u00f6teborg &amp; V\u00e4stra G\u00f6taland","description":"","potentialAction":[{"@type":"SearchAction","target":{"@type":"EntryPoint","urlTemplate":"https:\/\/noaksark.org\/gvg\/?s={search_term_string}"},"query-input":{"@type":"PropertyValueSpecification","valueRequired":true,"valueName":"search_term_string"}}],"inLanguage":"sv-SE"}]}},"_links":{"self":[{"href":"https:\/\/noaksark.org\/gvg\/wp-json\/wp\/v2\/pages\/65","targetHints":{"allow":["GET"]}}],"collection":[{"href":"https:\/\/noaksark.org\/gvg\/wp-json\/wp\/v2\/pages"}],"about":[{"href":"https:\/\/noaksark.org\/gvg\/wp-json\/wp\/v2\/types\/page"}],"author":[{"embeddable":true,"href":"https:\/\/noaksark.org\/gvg\/wp-json\/wp\/v2\/users\/27"}],"replies":[{"embeddable":true,"href":"https:\/\/noaksark.org\/gvg\/wp-json\/wp\/v2\/comments?post=65"}],"version-history":[{"count":17,"href":"https:\/\/noaksark.org\/gvg\/wp-json\/wp\/v2\/pages\/65\/revisions"}],"predecessor-version":[{"id":2950,"href":"https:\/\/noaksark.org\/gvg\/wp-json\/wp\/v2\/pages\/65\/revisions\/2950"}],"up":[{"embeddable":true,"href":"https:\/\/noaksark.org\/gvg\/wp-json\/wp\/v2\/pages\/3189"}],"wp:attachment":[{"href":"https:\/\/noaksark.org\/gvg\/wp-json\/wp\/v2\/media?parent=65"}],"curies":[{"name":"wp","href":"https:\/\/api.w.org\/{rel}","templated":true}]}}