{"id":34,"date":"2022-11-23T14:52:14","date_gmt":"2022-11-23T14:52:14","guid":{"rendered":"https:\/\/noaksark.test\/goteborg-vastra-gotaland\/?page_id=34"},"modified":"2024-09-25T15:37:19","modified_gmt":"2024-09-25T13:37:19","slug":"engagera-dig","status":"publish","type":"page","link":"https:\/\/noaksark.org\/gvg\/engagera-dig\/","title":{"rendered":"Engagera dig"},"content":{"rendered":"\n<p>Inte alla hj\u00e4ltar b\u00e4r cape. Hj\u00e4lp oss g\u00f6ra v\u00e4rlden lite b\u00e4ttre &#8211; bli medlem, st\u00f6d oss eller bidra med din tid och engagemang som volont\u00e4r!<\/p>\n\n\n\n<p>Har du inte m\u00f6jlighet till n\u00e5got av detta? Ingen fara, vi blir glada om du f\u00f6ljer oss p\u00e5 v\u00e5ra sociala medier, gillar, delar och sprider v\u00e5rt budskap!<\/p>\n\n\n\n<p>Tack!<\/p>\n","protected":false},"excerpt":{"rendered":"<p>Inte alla hj\u00e4ltar b\u00e4r cape. Hj\u00e4lp oss g\u00f6ra v\u00e4rlden lite b\u00e4ttre &#8211; bli medlem, st\u00f6d oss eller bidra med din tid och engagemang som volont\u00e4r! Har du inte m\u00f6jlighet till n\u00e5got av detta? Ingen fara,&#8230;<\/p>\n","protected":false},"author":27,"featured_media":2915,"parent":0,"menu_order":0,"comment_status":"closed","ping_status":"closed","template":"","meta":{"_acf_changed":false,"footnotes":""},"class_list":["post-34","page","type-page","status-publish","has-post-thumbnail","hentry"],"acf":[],"yoast_head":"<!-- This site is optimized with the Yoast SEO Premium plugin v27.5 (Yoast SEO v27.5) - https:\/\/yoast.com\/product\/yoast-seo-premium-wordpress\/ -->\n<title>Engagera dig - Noaks Ark G\u00f6teborg &amp; V\u00e4stra G\u00f6taland<\/title>\n<meta name=\"robots\" content=\"index, follow, max-snippet:-1, max-image-preview:large, max-video-preview:-1\" \/>\n<link rel=\"canonical\" href=\"https:\/\/noaksark.org\/gvg\/engagera-dig\/\" \/>\n<meta property=\"og:locale\" content=\"sv_SE\" \/>\n<meta property=\"og:type\" content=\"article\" \/>\n<meta property=\"og:title\" content=\"Engagera dig\" \/>\n<meta property=\"og:description\" content=\"Inte alla hj\u00e4ltar b\u00e4r cape. Hj\u00e4lp oss g\u00f6ra v\u00e4rlden lite b\u00e4ttre &#8211; bli medlem, st\u00f6d oss eller bidra med din tid och engagemang som volont\u00e4r! Har du inte m\u00f6jlighet till n\u00e5got av detta? Ingen fara,...\" \/>\n<meta property=\"og:url\" content=\"https:\/\/noaksark.org\/gvg\/engagera-dig\/\" \/>\n<meta property=\"og:site_name\" content=\"Noaks Ark G\u00f6teborg &amp; V\u00e4stra G\u00f6taland\" \/>\n<meta property=\"article:modified_time\" content=\"2024-09-25T13:37:19+00:00\" \/>\n<meta property=\"og:image\" content=\"https:\/\/noaksark.org\/gvg\/wp-content\/uploads\/sites\/7\/2024\/09\/nicolas-lobos-KTfAuP8gtYM-unsplash-scaled.jpg\" \/>\n\t<meta property=\"og:image:width\" content=\"2560\" \/>\n\t<meta property=\"og:image:height\" content=\"1710\" \/>\n\t<meta property=\"og:image:type\" content=\"image\/jpeg\" \/>\n<meta name=\"twitter:card\" content=\"summary_large_image\" \/>\n<meta name=\"twitter:label1\" content=\"Ber\u00e4knad l\u00e4stid\" \/>\n\t<meta name=\"twitter:data1\" content=\"1 minut\" \/>\n<script type=\"application\/ld+json\" class=\"yoast-schema-graph\">{\"@context\":\"https:\\\/\\\/schema.org\",\"@graph\":[{\"@type\":\"WebPage\",\"@id\":\"https:\\\/\\\/noaksark.org\\\/gvg\\\/engagera-dig\\\/\",\"url\":\"https:\\\/\\\/noaksark.org\\\/gvg\\\/engagera-dig\\\/\",\"name\":\"Engagera dig - Noaks Ark G\u00f6teborg &amp; V\u00e4stra G\u00f6taland\",\"isPartOf\":{\"@id\":\"https:\\\/\\\/noaksark.org\\\/gvg\\\/#website\"},\"primaryImageOfPage\":{\"@id\":\"https:\\\/\\\/noaksark.org\\\/gvg\\\/engagera-dig\\\/#primaryimage\"},\"image\":{\"@id\":\"https:\\\/\\\/noaksark.org\\\/gvg\\\/engagera-dig\\\/#primaryimage\"},\"thumbnailUrl\":\"https:\\\/\\\/noaksark.org\\\/gvg\\\/wp-content\\\/uploads\\\/sites\\\/7\\\/2024\\\/09\\\/nicolas-lobos-KTfAuP8gtYM-unsplash-scaled.jpg\",\"datePublished\":\"2022-11-23T14:52:14+00:00\",\"dateModified\":\"2024-09-25T13:37:19+00:00\",\"breadcrumb\":{\"@id\":\"https:\\\/\\\/noaksark.org\\\/gvg\\\/engagera-dig\\\/#breadcrumb\"},\"inLanguage\":\"sv-SE\",\"potentialAction\":[{\"@type\":\"ReadAction\",\"target\":[\"https:\\\/\\\/noaksark.org\\\/gvg\\\/engagera-dig\\\/\"]}]},{\"@type\":\"ImageObject\",\"inLanguage\":\"sv-SE\",\"@id\":\"https:\\\/\\\/noaksark.org\\\/gvg\\\/engagera-dig\\\/#primaryimage\",\"url\":\"https:\\\/\\\/noaksark.org\\\/gvg\\\/wp-content\\\/uploads\\\/sites\\\/7\\\/2024\\\/09\\\/nicolas-lobos-KTfAuP8gtYM-unsplash-scaled.jpg\",\"contentUrl\":\"https:\\\/\\\/noaksark.org\\\/gvg\\\/wp-content\\\/uploads\\\/sites\\\/7\\\/2024\\\/09\\\/nicolas-lobos-KTfAuP8gtYM-unsplash-scaled.jpg\",\"width\":2560,\"height\":1710},{\"@type\":\"BreadcrumbList\",\"@id\":\"https:\\\/\\\/noaksark.org\\\/gvg\\\/engagera-dig\\\/#breadcrumb\",\"itemListElement\":[{\"@type\":\"ListItem\",\"position\":1,\"name\":\"Home\",\"item\":\"https:\\\/\\\/noaksark.org\\\/gvg\\\/\"},{\"@type\":\"ListItem\",\"position\":2,\"name\":\"Engagera dig\"}]},{\"@type\":\"WebSite\",\"@id\":\"https:\\\/\\\/noaksark.org\\\/gvg\\\/#website\",\"url\":\"https:\\\/\\\/noaksark.org\\\/gvg\\\/\",\"name\":\"Noaks Ark G\u00f6teborg &amp; V\u00e4stra G\u00f6taland\",\"description\":\"\",\"potentialAction\":[{\"@type\":\"SearchAction\",\"target\":{\"@type\":\"EntryPoint\",\"urlTemplate\":\"https:\\\/\\\/noaksark.org\\\/gvg\\\/?s={search_term_string}\"},\"query-input\":{\"@type\":\"PropertyValueSpecification\",\"valueRequired\":true,\"valueName\":\"search_term_string\"}}],\"inLanguage\":\"sv-SE\"}]}<\/script>\n<!-- \/ Yoast SEO Premium plugin. -->","yoast_head_json":{"title":"Engagera dig - Noaks Ark G\u00f6teborg &amp; V\u00e4stra G\u00f6taland","robots":{"index":"index","follow":"follow","max-snippet":"max-snippet:-1","max-image-preview":"max-image-preview:large","max-video-preview":"max-video-preview:-1"},"canonical":"https:\/\/noaksark.org\/gvg\/engagera-dig\/","og_locale":"sv_SE","og_type":"article","og_title":"Engagera dig","og_description":"Inte alla hj\u00e4ltar b\u00e4r cape. Hj\u00e4lp oss g\u00f6ra v\u00e4rlden lite b\u00e4ttre &#8211; bli medlem, st\u00f6d oss eller bidra med din tid och engagemang som volont\u00e4r! Har du inte m\u00f6jlighet till n\u00e5got av detta? Ingen fara,...","og_url":"https:\/\/noaksark.org\/gvg\/engagera-dig\/","og_site_name":"Noaks Ark G\u00f6teborg &amp; V\u00e4stra G\u00f6taland","article_modified_time":"2024-09-25T13:37:19+00:00","og_image":[{"width":2560,"height":1710,"url":"https:\/\/noaksark.org\/gvg\/wp-content\/uploads\/sites\/7\/2024\/09\/nicolas-lobos-KTfAuP8gtYM-unsplash-scaled.jpg","type":"image\/jpeg"}],"twitter_card":"summary_large_image","twitter_misc":{"Ber\u00e4knad l\u00e4stid":"1 minut"},"schema":{"@context":"https:\/\/schema.org","@graph":[{"@type":"WebPage","@id":"https:\/\/noaksark.org\/gvg\/engagera-dig\/","url":"https:\/\/noaksark.org\/gvg\/engagera-dig\/","name":"Engagera dig - Noaks Ark G\u00f6teborg &amp; V\u00e4stra G\u00f6taland","isPartOf":{"@id":"https:\/\/noaksark.org\/gvg\/#website"},"primaryImageOfPage":{"@id":"https:\/\/noaksark.org\/gvg\/engagera-dig\/#primaryimage"},"image":{"@id":"https:\/\/noaksark.org\/gvg\/engagera-dig\/#primaryimage"},"thumbnailUrl":"https:\/\/noaksark.org\/gvg\/wp-content\/uploads\/sites\/7\/2024\/09\/nicolas-lobos-KTfAuP8gtYM-unsplash-scaled.jpg","datePublished":"2022-11-23T14:52:14+00:00","dateModified":"2024-09-25T13:37:19+00:00","breadcrumb":{"@id":"https:\/\/noaksark.org\/gvg\/engagera-dig\/#breadcrumb"},"inLanguage":"sv-SE","potentialAction":[{"@type":"ReadAction","target":["https:\/\/noaksark.org\/gvg\/engagera-dig\/"]}]},{"@type":"ImageObject","inLanguage":"sv-SE","@id":"https:\/\/noaksark.org\/gvg\/engagera-dig\/#primaryimage","url":"https:\/\/noaksark.org\/gvg\/wp-content\/uploads\/sites\/7\/2024\/09\/nicolas-lobos-KTfAuP8gtYM-unsplash-scaled.jpg","contentUrl":"https:\/\/noaksark.org\/gvg\/wp-content\/uploads\/sites\/7\/2024\/09\/nicolas-lobos-KTfAuP8gtYM-unsplash-scaled.jpg","width":2560,"height":1710},{"@type":"BreadcrumbList","@id":"https:\/\/noaksark.org\/gvg\/engagera-dig\/#breadcrumb","itemListElement":[{"@type":"ListItem","position":1,"name":"Home","item":"https:\/\/noaksark.org\/gvg\/"},{"@type":"ListItem","position":2,"name":"Engagera dig"}]},{"@type":"WebSite","@id":"https:\/\/noaksark.org\/gvg\/#website","url":"https:\/\/noaksark.org\/gvg\/","name":"Noaks Ark G\u00f6teborg &amp; V\u00e4stra G\u00f6taland","description":"","potentialAction":[{"@type":"SearchAction","target":{"@type":"EntryPoint","urlTemplate":"https:\/\/noaksark.org\/gvg\/?s={search_term_string}"},"query-input":{"@type":"PropertyValueSpecification","valueRequired":true,"valueName":"search_term_string"}}],"inLanguage":"sv-SE"}]}},"_links":{"self":[{"href":"https:\/\/noaksark.org\/gvg\/wp-json\/wp\/v2\/pages\/34","targetHints":{"allow":["GET"]}}],"collection":[{"href":"https:\/\/noaksark.org\/gvg\/wp-json\/wp\/v2\/pages"}],"about":[{"href":"https:\/\/noaksark.org\/gvg\/wp-json\/wp\/v2\/types\/page"}],"author":[{"embeddable":true,"href":"https:\/\/noaksark.org\/gvg\/wp-json\/wp\/v2\/users\/27"}],"replies":[{"embeddable":true,"href":"https:\/\/noaksark.org\/gvg\/wp-json\/wp\/v2\/comments?post=34"}],"version-history":[{"count":2,"href":"https:\/\/noaksark.org\/gvg\/wp-json\/wp\/v2\/pages\/34\/revisions"}],"predecessor-version":[{"id":524,"href":"https:\/\/noaksark.org\/gvg\/wp-json\/wp\/v2\/pages\/34\/revisions\/524"}],"wp:featuredmedia":[{"embeddable":true,"href":"https:\/\/noaksark.org\/gvg\/wp-json\/wp\/v2\/media\/2915"}],"wp:attachment":[{"href":"https:\/\/noaksark.org\/gvg\/wp-json\/wp\/v2\/media?parent=34"}],"curies":[{"name":"wp","href":"https:\/\/api.w.org\/{rel}","templated":true}]}}