{"id":29,"date":"2022-11-23T14:51:40","date_gmt":"2022-11-23T14:51:40","guid":{"rendered":"https:\/\/noaksark.test\/goteborg-vastra-gotaland\/?page_id=29"},"modified":"2026-01-13T16:32:54","modified_gmt":"2026-01-13T15:32:54","slug":"stod-och-rad","status":"publish","type":"page","link":"https:\/\/noaksark.org\/gvg\/stod-och-rad\/","title":{"rendered":"St\u00f6d &amp; R\u00e5d"},"content":{"rendered":"\n<div style=\"height:65px\" aria-hidden=\"true\" class=\"wp-block-spacer\"><\/div>\n\n\n\n<h3 class=\"wp-block-heading has-text-color has-link-color wp-elements-e94345679144217b31fdfb0c74fa8bc6\" id=\"h-har-hittar-du-stod-samtal-och-vagledning-kring-hiv-och-sexuell-halsa-vi-finns-for-dig-i-vastra-gotaland-oavsett-om-du-sjalv-lever-med-hiv-ar-narstaende-eller-arbetar-med-fragorna\" style=\"color:#1f284d\">H\u00e4r hittar du st\u00f6d, samtal och v\u00e4gledning kring hiv och sexuell h\u00e4lsa.<br>Vi finns f\u00f6r dig i V\u00e4stra G\u00f6taland \u2013 oavsett om du sj\u00e4lv lever med hiv, \u00e4r n\u00e4rst\u00e5ende eller arbetar med fr\u00e5gorna.<\/h3>\n\n\n\n<div style=\"height:65px\" aria-hidden=\"true\" class=\"wp-block-spacer\"><\/div>\n\n\n\n<h4 class=\"wp-block-heading\" id=\"h-behover-du-prata-med-nagon-nu\">Beh\u00f6ver du prata med n\u00e5gon nu?<\/h4>\n\n\n\n    <p class=\"text-start\">\n        <a href=\"https:\/\/noaksark.org\/gvg\/stod-och-rad\/stodlinje-chatt\/\" class=\"bootstrap-btn-block btn btn-primary\">\n            St\u00f6dlinje &amp; Chatt        <\/a>\n    <\/p>\n\n\n\n\n<div style=\"height:65px\" aria-hidden=\"true\" class=\"wp-block-spacer\"><\/div>\n\n\n\n<h4 class=\"wp-block-heading\" id=\"h-valj-det-som-passar-dig\">V\u00e4lj det som passar dig:<\/h4>\n\n\n\n<ul class=\"wp-block-list\">\n<li><a href=\"https:\/\/noaksark.org\/gvg\/stod-och-rad\/for-dig-som-lever-med-hiv\/\">F\u00f6r dig som lever med hiv<\/a><\/li>\n\n\n\n<li><a href=\"https:\/\/noaksark.org\/gvg\/stod-och-rad\/for-dig-som-ar-narstaende\/\">F\u00f6r dig som \u00e4r n\u00e4rst\u00e5ende<\/a><\/li>\n\n\n\n<li><a href=\"https:\/\/noaksark.org\/gvg\/stod-och-rad\/for-dig-i-din-yrkesroll\/\">F\u00f6r dig i din yrkesroll<\/a> <\/li>\n<\/ul>\n\n\n\n<p>Vill du hellre ta del av podd, quiz och f\u00f6rdjupning?<br>G\u00e5 till <strong>Podd <\/strong>&amp;<strong> Quiz<\/strong>.<\/p>\n","protected":false},"excerpt":{"rendered":"<p>H\u00e4r hittar du st\u00f6d, samtal och v\u00e4gledning kring hiv och sexuell h\u00e4lsa.Vi finns f\u00f6r dig i V\u00e4stra G\u00f6taland \u2013 oavsett om du sj\u00e4lv lever med hiv, \u00e4r n\u00e4rst\u00e5ende eller arbetar med fr\u00e5gorna. Beh\u00f6ver du prata&#8230;<\/p>\n","protected":false},"author":27,"featured_media":2919,"parent":0,"menu_order":0,"comment_status":"closed","ping_status":"closed","template":"","meta":{"_acf_changed":false,"footnotes":""},"class_list":["post-29","page","type-page","status-publish","has-post-thumbnail","hentry"],"acf":[],"yoast_head":"<!-- This site is optimized with the Yoast SEO Premium plugin v27.4 (Yoast SEO v27.5) - https:\/\/yoast.com\/product\/yoast-seo-premium-wordpress\/ -->\n<title>St\u00f6d &amp; R\u00e5d - Noaks Ark G\u00f6teborg &amp; V\u00e4stra G\u00f6taland<\/title>\n<meta name=\"robots\" content=\"index, follow, max-snippet:-1, max-image-preview:large, max-video-preview:-1\" \/>\n<link rel=\"canonical\" href=\"https:\/\/noaksark.org\/gvg\/stod-och-rad\/\" \/>\n<meta property=\"og:locale\" content=\"sv_SE\" \/>\n<meta property=\"og:type\" content=\"article\" \/>\n<meta property=\"og:title\" content=\"St\u00f6d &amp; R\u00e5d\" \/>\n<meta property=\"og:description\" content=\"H\u00e4r hittar du st\u00f6d, samtal och v\u00e4gledning kring hiv och sexuell h\u00e4lsa.Vi finns f\u00f6r dig i V\u00e4stra G\u00f6taland \u2013 oavsett om du sj\u00e4lv lever med hiv, \u00e4r n\u00e4rst\u00e5ende eller arbetar med fr\u00e5gorna. Beh\u00f6ver du prata...\" \/>\n<meta property=\"og:url\" content=\"https:\/\/noaksark.org\/gvg\/stod-och-rad\/\" \/>\n<meta property=\"og:site_name\" content=\"Noaks Ark G\u00f6teborg &amp; V\u00e4stra G\u00f6taland\" \/>\n<meta property=\"article:modified_time\" content=\"2026-01-13T15:32:54+00:00\" \/>\n<meta property=\"og:image\" content=\"https:\/\/noaksark.org\/gvg\/wp-content\/uploads\/sites\/7\/2024\/09\/getty-images-cJ13AKK8NOM-unsplash-scaled.jpg\" \/>\n\t<meta property=\"og:image:width\" content=\"2560\" \/>\n\t<meta property=\"og:image:height\" content=\"1707\" \/>\n\t<meta property=\"og:image:type\" content=\"image\/jpeg\" \/>\n<meta name=\"twitter:card\" content=\"summary_large_image\" \/>\n<meta name=\"twitter:label1\" content=\"Ber\u00e4knad l\u00e4stid\" \/>\n\t<meta name=\"twitter:data1\" content=\"1 minut\" \/>\n<script type=\"application\/ld+json\" class=\"yoast-schema-graph\">{\"@context\":\"https:\\\/\\\/schema.org\",\"@graph\":[{\"@type\":\"WebPage\",\"@id\":\"https:\\\/\\\/noaksark.org\\\/gvg\\\/stod-och-rad\\\/\",\"url\":\"https:\\\/\\\/noaksark.org\\\/gvg\\\/stod-och-rad\\\/\",\"name\":\"St\u00f6d &amp; R\u00e5d - Noaks Ark G\u00f6teborg &amp; V\u00e4stra G\u00f6taland\",\"isPartOf\":{\"@id\":\"https:\\\/\\\/noaksark.org\\\/gvg\\\/#website\"},\"primaryImageOfPage\":{\"@id\":\"https:\\\/\\\/noaksark.org\\\/gvg\\\/stod-och-rad\\\/#primaryimage\"},\"image\":{\"@id\":\"https:\\\/\\\/noaksark.org\\\/gvg\\\/stod-och-rad\\\/#primaryimage\"},\"thumbnailUrl\":\"https:\\\/\\\/noaksark.org\\\/gvg\\\/wp-content\\\/uploads\\\/sites\\\/7\\\/2024\\\/09\\\/getty-images-cJ13AKK8NOM-unsplash-scaled.jpg\",\"datePublished\":\"2022-11-23T14:51:40+00:00\",\"dateModified\":\"2026-01-13T15:32:54+00:00\",\"breadcrumb\":{\"@id\":\"https:\\\/\\\/noaksark.org\\\/gvg\\\/stod-och-rad\\\/#breadcrumb\"},\"inLanguage\":\"sv-SE\",\"potentialAction\":[{\"@type\":\"ReadAction\",\"target\":[\"https:\\\/\\\/noaksark.org\\\/gvg\\\/stod-och-rad\\\/\"]}]},{\"@type\":\"ImageObject\",\"inLanguage\":\"sv-SE\",\"@id\":\"https:\\\/\\\/noaksark.org\\\/gvg\\\/stod-och-rad\\\/#primaryimage\",\"url\":\"https:\\\/\\\/noaksark.org\\\/gvg\\\/wp-content\\\/uploads\\\/sites\\\/7\\\/2024\\\/09\\\/getty-images-cJ13AKK8NOM-unsplash-scaled.jpg\",\"contentUrl\":\"https:\\\/\\\/noaksark.org\\\/gvg\\\/wp-content\\\/uploads\\\/sites\\\/7\\\/2024\\\/09\\\/getty-images-cJ13AKK8NOM-unsplash-scaled.jpg\",\"width\":2560,\"height\":1707,\"caption\":\"Noaks Ark - G\u00f6teborg &amp; V\u00e4stra G\u00f6taland - F\u00f6r dig\"},{\"@type\":\"BreadcrumbList\",\"@id\":\"https:\\\/\\\/noaksark.org\\\/gvg\\\/stod-och-rad\\\/#breadcrumb\",\"itemListElement\":[{\"@type\":\"ListItem\",\"position\":1,\"name\":\"Home\",\"item\":\"https:\\\/\\\/noaksark.org\\\/gvg\\\/\"},{\"@type\":\"ListItem\",\"position\":2,\"name\":\"St\u00f6d &amp; R\u00e5d\"}]},{\"@type\":\"WebSite\",\"@id\":\"https:\\\/\\\/noaksark.org\\\/gvg\\\/#website\",\"url\":\"https:\\\/\\\/noaksark.org\\\/gvg\\\/\",\"name\":\"Noaks Ark G\u00f6teborg &amp; V\u00e4stra G\u00f6taland\",\"description\":\"\",\"potentialAction\":[{\"@type\":\"SearchAction\",\"target\":{\"@type\":\"EntryPoint\",\"urlTemplate\":\"https:\\\/\\\/noaksark.org\\\/gvg\\\/?s={search_term_string}\"},\"query-input\":{\"@type\":\"PropertyValueSpecification\",\"valueRequired\":true,\"valueName\":\"search_term_string\"}}],\"inLanguage\":\"sv-SE\"}]}<\/script>\n<!-- \/ Yoast SEO Premium plugin. -->","yoast_head_json":{"title":"St\u00f6d &amp; R\u00e5d - Noaks Ark G\u00f6teborg &amp; V\u00e4stra G\u00f6taland","robots":{"index":"index","follow":"follow","max-snippet":"max-snippet:-1","max-image-preview":"max-image-preview:large","max-video-preview":"max-video-preview:-1"},"canonical":"https:\/\/noaksark.org\/gvg\/stod-och-rad\/","og_locale":"sv_SE","og_type":"article","og_title":"St\u00f6d &amp; R\u00e5d","og_description":"H\u00e4r hittar du st\u00f6d, samtal och v\u00e4gledning kring hiv och sexuell h\u00e4lsa.Vi finns f\u00f6r dig i V\u00e4stra G\u00f6taland \u2013 oavsett om du sj\u00e4lv lever med hiv, \u00e4r n\u00e4rst\u00e5ende eller arbetar med fr\u00e5gorna. Beh\u00f6ver du prata...","og_url":"https:\/\/noaksark.org\/gvg\/stod-och-rad\/","og_site_name":"Noaks Ark G\u00f6teborg &amp; V\u00e4stra G\u00f6taland","article_modified_time":"2026-01-13T15:32:54+00:00","og_image":[{"width":2560,"height":1707,"url":"https:\/\/noaksark.org\/gvg\/wp-content\/uploads\/sites\/7\/2024\/09\/getty-images-cJ13AKK8NOM-unsplash-scaled.jpg","type":"image\/jpeg"}],"twitter_card":"summary_large_image","twitter_misc":{"Ber\u00e4knad l\u00e4stid":"1 minut"},"schema":{"@context":"https:\/\/schema.org","@graph":[{"@type":"WebPage","@id":"https:\/\/noaksark.org\/gvg\/stod-och-rad\/","url":"https:\/\/noaksark.org\/gvg\/stod-och-rad\/","name":"St\u00f6d &amp; R\u00e5d - Noaks Ark G\u00f6teborg &amp; V\u00e4stra G\u00f6taland","isPartOf":{"@id":"https:\/\/noaksark.org\/gvg\/#website"},"primaryImageOfPage":{"@id":"https:\/\/noaksark.org\/gvg\/stod-och-rad\/#primaryimage"},"image":{"@id":"https:\/\/noaksark.org\/gvg\/stod-och-rad\/#primaryimage"},"thumbnailUrl":"https:\/\/noaksark.org\/gvg\/wp-content\/uploads\/sites\/7\/2024\/09\/getty-images-cJ13AKK8NOM-unsplash-scaled.jpg","datePublished":"2022-11-23T14:51:40+00:00","dateModified":"2026-01-13T15:32:54+00:00","breadcrumb":{"@id":"https:\/\/noaksark.org\/gvg\/stod-och-rad\/#breadcrumb"},"inLanguage":"sv-SE","potentialAction":[{"@type":"ReadAction","target":["https:\/\/noaksark.org\/gvg\/stod-och-rad\/"]}]},{"@type":"ImageObject","inLanguage":"sv-SE","@id":"https:\/\/noaksark.org\/gvg\/stod-och-rad\/#primaryimage","url":"https:\/\/noaksark.org\/gvg\/wp-content\/uploads\/sites\/7\/2024\/09\/getty-images-cJ13AKK8NOM-unsplash-scaled.jpg","contentUrl":"https:\/\/noaksark.org\/gvg\/wp-content\/uploads\/sites\/7\/2024\/09\/getty-images-cJ13AKK8NOM-unsplash-scaled.jpg","width":2560,"height":1707,"caption":"Noaks Ark - G\u00f6teborg &amp; V\u00e4stra G\u00f6taland - F\u00f6r dig"},{"@type":"BreadcrumbList","@id":"https:\/\/noaksark.org\/gvg\/stod-och-rad\/#breadcrumb","itemListElement":[{"@type":"ListItem","position":1,"name":"Home","item":"https:\/\/noaksark.org\/gvg\/"},{"@type":"ListItem","position":2,"name":"St\u00f6d &amp; R\u00e5d"}]},{"@type":"WebSite","@id":"https:\/\/noaksark.org\/gvg\/#website","url":"https:\/\/noaksark.org\/gvg\/","name":"Noaks Ark G\u00f6teborg &amp; V\u00e4stra G\u00f6taland","description":"","potentialAction":[{"@type":"SearchAction","target":{"@type":"EntryPoint","urlTemplate":"https:\/\/noaksark.org\/gvg\/?s={search_term_string}"},"query-input":{"@type":"PropertyValueSpecification","valueRequired":true,"valueName":"search_term_string"}}],"inLanguage":"sv-SE"}]}},"_links":{"self":[{"href":"https:\/\/noaksark.org\/gvg\/wp-json\/wp\/v2\/pages\/29","targetHints":{"allow":["GET"]}}],"collection":[{"href":"https:\/\/noaksark.org\/gvg\/wp-json\/wp\/v2\/pages"}],"about":[{"href":"https:\/\/noaksark.org\/gvg\/wp-json\/wp\/v2\/types\/page"}],"author":[{"embeddable":true,"href":"https:\/\/noaksark.org\/gvg\/wp-json\/wp\/v2\/users\/27"}],"replies":[{"embeddable":true,"href":"https:\/\/noaksark.org\/gvg\/wp-json\/wp\/v2\/comments?post=29"}],"version-history":[{"count":7,"href":"https:\/\/noaksark.org\/gvg\/wp-json\/wp\/v2\/pages\/29\/revisions"}],"predecessor-version":[{"id":3252,"href":"https:\/\/noaksark.org\/gvg\/wp-json\/wp\/v2\/pages\/29\/revisions\/3252"}],"wp:featuredmedia":[{"embeddable":true,"href":"https:\/\/noaksark.org\/gvg\/wp-json\/wp\/v2\/media\/2919"}],"wp:attachment":[{"href":"https:\/\/noaksark.org\/gvg\/wp-json\/wp\/v2\/media?parent=29"}],"curies":[{"name":"wp","href":"https:\/\/api.w.org\/{rel}","templated":true}]}}