{"id":3329,"date":"2025-11-05T15:17:08","date_gmt":"2025-11-05T14:17:08","guid":{"rendered":"https:\/\/noaksark.org\/gvg\/take-an-hiv-test\/"},"modified":"2026-04-09T15:46:54","modified_gmt":"2026-04-09T13:46:54","slug":"take-an-hiv-test","status":"publish","type":"page","link":"https:\/\/noaksark.org\/gvg\/en\/take-an-hiv-test\/","title":{"rendered":"Take an HIV test"},"content":{"rendered":"\n<h2 class=\"wp-block-heading\" id=\"h-there-are-no-bad-hiv-test-results-anymore\">There are no bad HIV test results anymore.<\/h2>\n\n\n\n<p>If you test positive, you\u2019ll receive treatment that keeps you healthy and prevents transmission. If you test negative, you know your status. Treated HIV cannot be transmitted.<\/p>\n\n\n\n<p>HIV is a virus that causes a chronic infection, but today\u2019s treatment is so effective that people living with HIV can live just as long as anyone else. Effective treatment means HIV is not passed on during sex. Get tested if you think you may have been exposed to a risk. The result can give you a healthy life.<\/p>\n\n\n\n    <p class=\"text-start\">\n        <a href=\"#testing-faq-section\" class=\"bootstrap-btn-block btn mb-4 btn-primary\">\n            Do you have questions about an HIV test?        <\/a>\n    <\/p>\n\n\n\n\n<h3 class=\"wp-block-heading\" id=\"h-this-is-where-you-can-take-hiv-test-ini-goteborg-amp-vastra-gotaland\">This is where you can take HIV test ini G\u00f6teborg &amp; V\u00e4stra G\u00f6taland<\/h3>\n","protected":false},"excerpt":{"rendered":"<p>There are no bad HIV test results anymore. If you test positive, you\u2019ll receive treatment that keeps you healthy and prevents transmission. If you test negative, you know your status. Treated HIV cannot be transmitted&#8230;.<\/p>\n","protected":false},"author":27,"featured_media":3087,"parent":0,"menu_order":0,"comment_status":"closed","ping_status":"closed","template":"_template-test-landing.php","meta":{"_acf_changed":false,"footnotes":""},"class_list":["post-3329","page","type-page","status-publish","has-post-thumbnail","hentry"],"acf":[],"yoast_head":"<!-- This site is optimized with the Yoast SEO Premium plugin v27.4 (Yoast SEO v27.5) - https:\/\/yoast.com\/product\/yoast-seo-premium-wordpress\/ -->\n<title>Take an HIV test - Noaks Ark G\u00f6teborg &amp; V\u00e4stra G\u00f6taland<\/title>\n<meta name=\"description\" content=\"On this page, you can find out where to get an HIV test in Gothenburg and the V\u00e4stra G\u00f6taland region. Read more on Noaksark.org\" \/>\n<meta name=\"robots\" content=\"index, follow, max-snippet:-1, max-image-preview:large, max-video-preview:-1\" \/>\n<link rel=\"canonical\" href=\"https:\/\/noaksark.org\/gvg\/en\/take-an-hiv-test\/\" \/>\n<meta property=\"og:locale\" content=\"en_US\" \/>\n<meta property=\"og:type\" content=\"article\" \/>\n<meta property=\"og:title\" content=\"Take an HIV test\" \/>\n<meta property=\"og:description\" content=\"On this page, you can find out where to get an HIV test in Gothenburg and the V\u00e4stra G\u00f6taland region. Read more on Noaksark.org\" \/>\n<meta property=\"og:url\" content=\"https:\/\/noaksark.org\/gvg\/en\/take-an-hiv-test\/\" \/>\n<meta property=\"og:site_name\" content=\"Noaks Ark G\u00f6teborg &amp; V\u00e4stra G\u00f6taland\" \/>\n<meta property=\"article:modified_time\" content=\"2026-04-09T13:46:54+00:00\" \/>\n<meta property=\"og:image\" content=\"https:\/\/noaksark.org\/gvg\/wp-content\/uploads\/sites\/7\/2025\/11\/noaks-ark-hivtesta-dig-hero.jpg\" \/>\n\t<meta property=\"og:image:width\" content=\"2500\" \/>\n\t<meta property=\"og:image:height\" content=\"1667\" \/>\n\t<meta property=\"og:image:type\" content=\"image\/jpeg\" \/>\n<meta name=\"twitter:card\" content=\"summary_large_image\" \/>\n<meta name=\"twitter:label1\" content=\"Est. reading time\" \/>\n\t<meta name=\"twitter:data1\" content=\"2 minutes\" \/>\n<script type=\"application\/ld+json\" class=\"yoast-schema-graph\">{\"@context\":\"https:\\\/\\\/schema.org\",\"@graph\":[{\"@type\":\"WebPage\",\"@id\":\"https:\\\/\\\/noaksark.org\\\/gvg\\\/en\\\/take-an-hiv-test\\\/\",\"url\":\"https:\\\/\\\/noaksark.org\\\/gvg\\\/en\\\/take-an-hiv-test\\\/\",\"name\":\"Take an HIV test - Noaks Ark G\u00f6teborg &amp; V\u00e4stra G\u00f6taland\",\"isPartOf\":{\"@id\":\"https:\\\/\\\/noaksark.org\\\/gvg\\\/en\\\/#website\"},\"primaryImageOfPage\":{\"@id\":\"https:\\\/\\\/noaksark.org\\\/gvg\\\/en\\\/take-an-hiv-test\\\/#primaryimage\"},\"image\":{\"@id\":\"https:\\\/\\\/noaksark.org\\\/gvg\\\/en\\\/take-an-hiv-test\\\/#primaryimage\"},\"thumbnailUrl\":\"https:\\\/\\\/noaksark.org\\\/gvg\\\/wp-content\\\/uploads\\\/sites\\\/7\\\/2025\\\/11\\\/noaks-ark-hivtesta-dig-hero.jpg\",\"datePublished\":\"2025-11-05T14:17:08+00:00\",\"dateModified\":\"2026-04-09T13:46:54+00:00\",\"description\":\"On this page, you can find out where to get an HIV test in Gothenburg and the V\u00e4stra G\u00f6taland region. Read more on Noaksark.org\",\"breadcrumb\":{\"@id\":\"https:\\\/\\\/noaksark.org\\\/gvg\\\/en\\\/take-an-hiv-test\\\/#breadcrumb\"},\"inLanguage\":\"en-US\",\"potentialAction\":[{\"@type\":\"ReadAction\",\"target\":[\"https:\\\/\\\/noaksark.org\\\/gvg\\\/en\\\/take-an-hiv-test\\\/\"]}]},{\"@type\":\"ImageObject\",\"inLanguage\":\"en-US\",\"@id\":\"https:\\\/\\\/noaksark.org\\\/gvg\\\/en\\\/take-an-hiv-test\\\/#primaryimage\",\"url\":\"https:\\\/\\\/noaksark.org\\\/gvg\\\/wp-content\\\/uploads\\\/sites\\\/7\\\/2025\\\/11\\\/noaks-ark-hivtesta-dig-hero.jpg\",\"contentUrl\":\"https:\\\/\\\/noaksark.org\\\/gvg\\\/wp-content\\\/uploads\\\/sites\\\/7\\\/2025\\\/11\\\/noaks-ark-hivtesta-dig-hero.jpg\",\"width\":2500,\"height\":1667,\"caption\":\"Noaks Ark G\u00f6teborg &amp; V\u00e4stra G\u00f6taland - Take an HIV test\"},{\"@type\":\"BreadcrumbList\",\"@id\":\"https:\\\/\\\/noaksark.org\\\/gvg\\\/en\\\/take-an-hiv-test\\\/#breadcrumb\",\"itemListElement\":[{\"@type\":\"ListItem\",\"position\":1,\"name\":\"Home\",\"item\":\"https:\\\/\\\/noaksark.org\\\/gvg\\\/en\\\/\"},{\"@type\":\"ListItem\",\"position\":2,\"name\":\"Take an HIV test\"}]},{\"@type\":\"WebSite\",\"@id\":\"https:\\\/\\\/noaksark.org\\\/gvg\\\/en\\\/#website\",\"url\":\"https:\\\/\\\/noaksark.org\\\/gvg\\\/en\\\/\",\"name\":\"Noaks Ark G\u00f6teborg &amp; V\u00e4stra G\u00f6taland\",\"description\":\"\",\"potentialAction\":[{\"@type\":\"SearchAction\",\"target\":{\"@type\":\"EntryPoint\",\"urlTemplate\":\"https:\\\/\\\/noaksark.org\\\/gvg\\\/en\\\/?s={search_term_string}\"},\"query-input\":{\"@type\":\"PropertyValueSpecification\",\"valueRequired\":true,\"valueName\":\"search_term_string\"}}],\"inLanguage\":\"en-US\"}]}<\/script>\n<!-- \/ Yoast SEO Premium plugin. -->","yoast_head_json":{"title":"Take an HIV test - Noaks Ark G\u00f6teborg &amp; V\u00e4stra G\u00f6taland","description":"On this page, you can find out where to get an HIV test in Gothenburg and the V\u00e4stra G\u00f6taland region. Read more on Noaksark.org","robots":{"index":"index","follow":"follow","max-snippet":"max-snippet:-1","max-image-preview":"max-image-preview:large","max-video-preview":"max-video-preview:-1"},"canonical":"https:\/\/noaksark.org\/gvg\/en\/take-an-hiv-test\/","og_locale":"en_US","og_type":"article","og_title":"Take an HIV test","og_description":"On this page, you can find out where to get an HIV test in Gothenburg and the V\u00e4stra G\u00f6taland region. Read more on Noaksark.org","og_url":"https:\/\/noaksark.org\/gvg\/en\/take-an-hiv-test\/","og_site_name":"Noaks Ark G\u00f6teborg &amp; V\u00e4stra G\u00f6taland","article_modified_time":"2026-04-09T13:46:54+00:00","og_image":[{"width":2500,"height":1667,"url":"https:\/\/noaksark.org\/gvg\/wp-content\/uploads\/sites\/7\/2025\/11\/noaks-ark-hivtesta-dig-hero.jpg","type":"image\/jpeg"}],"twitter_card":"summary_large_image","twitter_misc":{"Est. reading time":"2 minutes"},"schema":{"@context":"https:\/\/schema.org","@graph":[{"@type":"WebPage","@id":"https:\/\/noaksark.org\/gvg\/en\/take-an-hiv-test\/","url":"https:\/\/noaksark.org\/gvg\/en\/take-an-hiv-test\/","name":"Take an HIV test - Noaks Ark G\u00f6teborg &amp; V\u00e4stra G\u00f6taland","isPartOf":{"@id":"https:\/\/noaksark.org\/gvg\/en\/#website"},"primaryImageOfPage":{"@id":"https:\/\/noaksark.org\/gvg\/en\/take-an-hiv-test\/#primaryimage"},"image":{"@id":"https:\/\/noaksark.org\/gvg\/en\/take-an-hiv-test\/#primaryimage"},"thumbnailUrl":"https:\/\/noaksark.org\/gvg\/wp-content\/uploads\/sites\/7\/2025\/11\/noaks-ark-hivtesta-dig-hero.jpg","datePublished":"2025-11-05T14:17:08+00:00","dateModified":"2026-04-09T13:46:54+00:00","description":"On this page, you can find out where to get an HIV test in Gothenburg and the V\u00e4stra G\u00f6taland region. Read more on Noaksark.org","breadcrumb":{"@id":"https:\/\/noaksark.org\/gvg\/en\/take-an-hiv-test\/#breadcrumb"},"inLanguage":"en-US","potentialAction":[{"@type":"ReadAction","target":["https:\/\/noaksark.org\/gvg\/en\/take-an-hiv-test\/"]}]},{"@type":"ImageObject","inLanguage":"en-US","@id":"https:\/\/noaksark.org\/gvg\/en\/take-an-hiv-test\/#primaryimage","url":"https:\/\/noaksark.org\/gvg\/wp-content\/uploads\/sites\/7\/2025\/11\/noaks-ark-hivtesta-dig-hero.jpg","contentUrl":"https:\/\/noaksark.org\/gvg\/wp-content\/uploads\/sites\/7\/2025\/11\/noaks-ark-hivtesta-dig-hero.jpg","width":2500,"height":1667,"caption":"Noaks Ark G\u00f6teborg &amp; V\u00e4stra G\u00f6taland - Take an HIV test"},{"@type":"BreadcrumbList","@id":"https:\/\/noaksark.org\/gvg\/en\/take-an-hiv-test\/#breadcrumb","itemListElement":[{"@type":"ListItem","position":1,"name":"Home","item":"https:\/\/noaksark.org\/gvg\/en\/"},{"@type":"ListItem","position":2,"name":"Take an HIV test"}]},{"@type":"WebSite","@id":"https:\/\/noaksark.org\/gvg\/en\/#website","url":"https:\/\/noaksark.org\/gvg\/en\/","name":"Noaks Ark G\u00f6teborg &amp; V\u00e4stra G\u00f6taland","description":"","potentialAction":[{"@type":"SearchAction","target":{"@type":"EntryPoint","urlTemplate":"https:\/\/noaksark.org\/gvg\/en\/?s={search_term_string}"},"query-input":{"@type":"PropertyValueSpecification","valueRequired":true,"valueName":"search_term_string"}}],"inLanguage":"en-US"}]}},"_links":{"self":[{"href":"https:\/\/noaksark.org\/gvg\/en\/wp-json\/wp\/v2\/pages\/3329","targetHints":{"allow":["GET"]}}],"collection":[{"href":"https:\/\/noaksark.org\/gvg\/en\/wp-json\/wp\/v2\/pages"}],"about":[{"href":"https:\/\/noaksark.org\/gvg\/en\/wp-json\/wp\/v2\/types\/page"}],"author":[{"embeddable":true,"href":"https:\/\/noaksark.org\/gvg\/en\/wp-json\/wp\/v2\/users\/27"}],"replies":[{"embeddable":true,"href":"https:\/\/noaksark.org\/gvg\/en\/wp-json\/wp\/v2\/comments?post=3329"}],"version-history":[{"count":6,"href":"https:\/\/noaksark.org\/gvg\/en\/wp-json\/wp\/v2\/pages\/3329\/revisions"}],"predecessor-version":[{"id":3339,"href":"https:\/\/noaksark.org\/gvg\/en\/wp-json\/wp\/v2\/pages\/3329\/revisions\/3339"}],"wp:featuredmedia":[{"embeddable":true,"href":"https:\/\/noaksark.org\/gvg\/en\/wp-json\/wp\/v2\/media\/3087"}],"wp:attachment":[{"href":"https:\/\/noaksark.org\/gvg\/en\/wp-json\/wp\/v2\/media?parent=3329"}],"curies":[{"name":"wp","href":"https:\/\/api.w.org\/{rel}","templated":true}]}}