{"id":2694,"date":"2022-11-23T15:15:40","date_gmt":"2022-11-23T14:15:40","guid":{"rendered":"https:\/\/noaksark.org\/gvg\/kunskapsbank\/quiz\/"},"modified":"2025-11-07T14:36:02","modified_gmt":"2025-11-07T13:36:02","slug":"quiz","status":"publish","type":"page","link":"https:\/\/noaksark.org\/gvg\/en\/for-dig\/quiz\/","title":{"rendered":"Quiz"},"content":{"rendered":"\n<div class=\"wp-block-columns is-layout-flex wp-container-core-columns-is-layout-9d6595d7 wp-block-columns-is-layout-flex\">\n<div class=\"wp-block-column is-layout-flow wp-block-column-is-layout-flow\">\n<div class=\"quizbox-block\">\n    <a href=\"https:\/\/www.riddle.com\/view\/392085\" target=\"_blank\">\n        <div class=\"image-wrapper\">\n            <img decoding=\"async\" src=\"https:\/\/noaksark.org\/gvg\/wp-content\/uploads\/sites\/7\/2023\/05\/reproductive-health-supplies-coalition-lYR44OXwMA4-unsplash-scaled.jpg\">\n        <\/div>\n        <div class=\"quizbox-content\">\n            <h4>How much do you know about:<\/h4>\n            <p>Contraception, the condom, and its history?<\/p>\n            <hr>\n            <div class=\"text-center\">\n                <button class=\"btn btn-inverted btn-sm me-2 mb-2\">Starta quiz<\/button>\n            <\/div>\n        <\/div>\n    <\/a>\n<\/div>\n\n<\/div>\n\n\n\n<div class=\"wp-block-column is-layout-flow wp-block-column-is-layout-flow\">\n<div class=\"quizbox-block\">\n    <a href=\"https:\/\/www.riddle.com\/view\/387117\" target=\"_blank\">\n        <div class=\"image-wrapper\">\n            <img decoding=\"async\" src=\"https:\/\/noaksark.org\/gvg\/wp-content\/uploads\/sites\/7\/2023\/05\/Mockups-Instagram.png\">\n        <\/div>\n        <div class=\"quizbox-content\">\n            <h4>What do you know about HIV?<\/h4>\n            <p>Maybe you know a lot about the coronavirus now &#8211; but what about HIV? Take our quiz and test your knowledge!<\/p>\n            <hr>\n            <div class=\"text-center\">\n                <button class=\"btn btn-inverted btn-sm me-2 mb-2\">Starta quiz<\/button>\n            <\/div>\n        <\/div>\n    <\/a>\n<\/div>\n\n<\/div>\n<\/div>\n\n\n\n<div class=\"wp-block-columns is-layout-flex wp-container-core-columns-is-layout-9d6595d7 wp-block-columns-is-layout-flex\">\n<div class=\"wp-block-column is-layout-flow wp-block-column-is-layout-flow\">\n<div class=\"quizbox-block\">\n    <a href=\"https:\/\/www.riddle.com\/view\/389392\" target=\"_blank\">\n        <div class=\"image-wrapper\">\n            <img decoding=\"async\" src=\"https:\/\/noaksark.org\/gvg\/wp-content\/uploads\/sites\/7\/2023\/05\/karim-manjra-b7cBIaCAVPs-unsplash-scaled.jpg\">\n        <\/div>\n        <div class=\"quizbox-content\">\n            <h4>Are you also tricked?<\/h4>\n            <p>Although we have known about HIV for over 35 years, there is a great deal of ignorance, and myths about HIV are easily spread. On Noaks Ark, we meet them daily. Time to sort out what is true and false. What do you think?<\/p>\n            <hr>\n            <div class=\"text-center\">\n                <button class=\"btn btn-inverted btn-sm me-2 mb-2\">Starta quiz<\/button>\n            <\/div>\n        <\/div>\n    <\/a>\n<\/div>\n\n<\/div>\n\n\n\n<div class=\"wp-block-column is-layout-flow wp-block-column-is-layout-flow\">\n<div class=\"quizbox-block\">\n    <a href=\"https:\/\/www.riddle.com\/view\/390175\" target=\"_blank\">\n        <div class=\"image-wrapper\">\n            <img decoding=\"async\" src=\"https:\/\/noaksark.org\/gvg\/wp-content\/uploads\/sites\/7\/2023\/05\/danny-g-_Utk8ZYT4tI-unsplash-scaled.jpg\">\n        <\/div>\n        <div class=\"quizbox-content\">\n            <h4>Ready for hot encounters?<\/h4>\n            <p>What do you know about sex and sexually transmitted diseases? What do you need to know to be ready for autumn&#8217;s hot encounters?<\/p>\n            <hr>\n            <div class=\"text-center\">\n                <button class=\"btn btn-inverted btn-sm me-2 mb-2\">Starta quiz<\/button>\n            <\/div>\n        <\/div>\n    <\/a>\n<\/div>\n\n<\/div>\n<\/div>\n\n\n\n<div class=\"quizbox-block\">\n    <a href=\"https:\/\/www.riddle.com\/view\/482726\" target=\"_blank\">\n        <div class=\"image-wrapper\">\n            <img decoding=\"async\" src=\"https:\/\/noaksark.org\/gvg\/wp-content\/uploads\/sites\/7\/2023\/05\/deon-black-xiWzZnZFdqo-unsplash-scaled.jpg\">\n        <\/div>\n        <div class=\"quizbox-content\">\n            <h4>What do you know about sexually transmitted diseases?\ud83e\udd14<\/h4>\n            <p>Take our quiz and test your knowledge about sexually transmitted diseases! \ud83d\udc4f\ud83c\udffc<\/p>\n            <hr>\n            <div class=\"text-center\">\n                <button class=\"btn btn-inverted btn-sm me-2 mb-2\">Starta quiz<\/button>\n            <\/div>\n        <\/div>\n    <\/a>\n<\/div>\n\n","protected":false},"excerpt":{"rendered":"","protected":false},"author":27,"featured_media":0,"parent":2650,"menu_order":0,"comment_status":"closed","ping_status":"closed","template":"","meta":{"_acf_changed":false,"footnotes":""},"class_list":["post-2694","page","type-page","status-publish","hentry"],"acf":[],"yoast_head":"<!-- This site is optimized with the Yoast SEO Premium plugin v27.3 (Yoast SEO v27.4) - https:\/\/yoast.com\/product\/yoast-seo-premium-wordpress\/ -->\n<title>Quiz - Noaks Ark G\u00f6teborg &amp; V\u00e4stra G\u00f6taland<\/title>\n<meta name=\"description\" content=\"Try out your knowledge about hiv and sexually transmitted infections here at Noaksark.org. Read more about our quizes here.\" \/>\n<meta name=\"robots\" content=\"index, follow, max-snippet:-1, max-image-preview:large, max-video-preview:-1\" \/>\n<link rel=\"canonical\" href=\"https:\/\/noaksark.org\/gvg\/en\/for-dig\/quiz\/\" \/>\n<meta property=\"og:locale\" content=\"en_US\" \/>\n<meta property=\"og:type\" content=\"article\" \/>\n<meta property=\"og:title\" content=\"Quiz\" \/>\n<meta property=\"og:description\" content=\"Try out your knowledge about hiv and sexually transmitted infections here at Noaksark.org. Read more about our quizes here.\" \/>\n<meta property=\"og:url\" content=\"https:\/\/noaksark.org\/gvg\/en\/for-dig\/quiz\/\" \/>\n<meta property=\"og:site_name\" content=\"Noaks Ark G\u00f6teborg &amp; V\u00e4stra G\u00f6taland\" \/>\n<meta property=\"article:modified_time\" content=\"2025-11-07T13:36:02+00:00\" \/>\n<meta name=\"twitter:card\" content=\"summary_large_image\" \/>\n<script type=\"application\/ld+json\" class=\"yoast-schema-graph\">{\"@context\":\"https:\\\/\\\/schema.org\",\"@graph\":[{\"@type\":\"WebPage\",\"@id\":\"https:\\\/\\\/noaksark.org\\\/gvg\\\/en\\\/for-dig\\\/quiz\\\/\",\"url\":\"https:\\\/\\\/noaksark.org\\\/gvg\\\/en\\\/for-dig\\\/quiz\\\/\",\"name\":\"Quiz - Noaks Ark G\u00f6teborg &amp; V\u00e4stra G\u00f6taland\",\"isPartOf\":{\"@id\":\"https:\\\/\\\/noaksark.org\\\/gvg\\\/en\\\/#website\"},\"datePublished\":\"2022-11-23T14:15:40+00:00\",\"dateModified\":\"2025-11-07T13:36:02+00:00\",\"description\":\"Try out your knowledge about hiv and sexually transmitted infections here at Noaksark.org. Read more about our quizes here.\",\"breadcrumb\":{\"@id\":\"https:\\\/\\\/noaksark.org\\\/gvg\\\/en\\\/for-dig\\\/quiz\\\/#breadcrumb\"},\"inLanguage\":\"en-US\",\"potentialAction\":[{\"@type\":\"ReadAction\",\"target\":[\"https:\\\/\\\/noaksark.org\\\/gvg\\\/en\\\/for-dig\\\/quiz\\\/\"]}]},{\"@type\":\"BreadcrumbList\",\"@id\":\"https:\\\/\\\/noaksark.org\\\/gvg\\\/en\\\/for-dig\\\/quiz\\\/#breadcrumb\",\"itemListElement\":[{\"@type\":\"ListItem\",\"position\":1,\"name\":\"Home\",\"item\":\"https:\\\/\\\/noaksark.org\\\/gvg\\\/en\\\/\"},{\"@type\":\"ListItem\",\"position\":2,\"name\":\"Knowledge bank\",\"item\":\"https:\\\/\\\/noaksark.org\\\/gvg\\\/en\\\/kunskapsbank\\\/\"},{\"@type\":\"ListItem\",\"position\":3,\"name\":\"Quiz\"}]},{\"@type\":\"WebSite\",\"@id\":\"https:\\\/\\\/noaksark.org\\\/gvg\\\/en\\\/#website\",\"url\":\"https:\\\/\\\/noaksark.org\\\/gvg\\\/en\\\/\",\"name\":\"Noaks Ark G\u00f6teborg &amp; V\u00e4stra G\u00f6taland\",\"description\":\"\",\"potentialAction\":[{\"@type\":\"SearchAction\",\"target\":{\"@type\":\"EntryPoint\",\"urlTemplate\":\"https:\\\/\\\/noaksark.org\\\/gvg\\\/en\\\/?s={search_term_string}\"},\"query-input\":{\"@type\":\"PropertyValueSpecification\",\"valueRequired\":true,\"valueName\":\"search_term_string\"}}],\"inLanguage\":\"en-US\"}]}<\/script>\n<!-- \/ Yoast SEO Premium plugin. -->","yoast_head_json":{"title":"Quiz - Noaks Ark G\u00f6teborg &amp; V\u00e4stra G\u00f6taland","description":"Try out your knowledge about hiv and sexually transmitted infections here at Noaksark.org. Read more about our quizes here.","robots":{"index":"index","follow":"follow","max-snippet":"max-snippet:-1","max-image-preview":"max-image-preview:large","max-video-preview":"max-video-preview:-1"},"canonical":"https:\/\/noaksark.org\/gvg\/en\/for-dig\/quiz\/","og_locale":"en_US","og_type":"article","og_title":"Quiz","og_description":"Try out your knowledge about hiv and sexually transmitted infections here at Noaksark.org. Read more about our quizes here.","og_url":"https:\/\/noaksark.org\/gvg\/en\/for-dig\/quiz\/","og_site_name":"Noaks Ark G\u00f6teborg &amp; V\u00e4stra G\u00f6taland","article_modified_time":"2025-11-07T13:36:02+00:00","twitter_card":"summary_large_image","schema":{"@context":"https:\/\/schema.org","@graph":[{"@type":"WebPage","@id":"https:\/\/noaksark.org\/gvg\/en\/for-dig\/quiz\/","url":"https:\/\/noaksark.org\/gvg\/en\/for-dig\/quiz\/","name":"Quiz - Noaks Ark G\u00f6teborg &amp; V\u00e4stra G\u00f6taland","isPartOf":{"@id":"https:\/\/noaksark.org\/gvg\/en\/#website"},"datePublished":"2022-11-23T14:15:40+00:00","dateModified":"2025-11-07T13:36:02+00:00","description":"Try out your knowledge about hiv and sexually transmitted infections here at Noaksark.org. Read more about our quizes here.","breadcrumb":{"@id":"https:\/\/noaksark.org\/gvg\/en\/for-dig\/quiz\/#breadcrumb"},"inLanguage":"en-US","potentialAction":[{"@type":"ReadAction","target":["https:\/\/noaksark.org\/gvg\/en\/for-dig\/quiz\/"]}]},{"@type":"BreadcrumbList","@id":"https:\/\/noaksark.org\/gvg\/en\/for-dig\/quiz\/#breadcrumb","itemListElement":[{"@type":"ListItem","position":1,"name":"Home","item":"https:\/\/noaksark.org\/gvg\/en\/"},{"@type":"ListItem","position":2,"name":"Knowledge bank","item":"https:\/\/noaksark.org\/gvg\/en\/kunskapsbank\/"},{"@type":"ListItem","position":3,"name":"Quiz"}]},{"@type":"WebSite","@id":"https:\/\/noaksark.org\/gvg\/en\/#website","url":"https:\/\/noaksark.org\/gvg\/en\/","name":"Noaks Ark G\u00f6teborg &amp; V\u00e4stra G\u00f6taland","description":"","potentialAction":[{"@type":"SearchAction","target":{"@type":"EntryPoint","urlTemplate":"https:\/\/noaksark.org\/gvg\/en\/?s={search_term_string}"},"query-input":{"@type":"PropertyValueSpecification","valueRequired":true,"valueName":"search_term_string"}}],"inLanguage":"en-US"}]}},"_links":{"self":[{"href":"https:\/\/noaksark.org\/gvg\/en\/wp-json\/wp\/v2\/pages\/2694","targetHints":{"allow":["GET"]}}],"collection":[{"href":"https:\/\/noaksark.org\/gvg\/en\/wp-json\/wp\/v2\/pages"}],"about":[{"href":"https:\/\/noaksark.org\/gvg\/en\/wp-json\/wp\/v2\/types\/page"}],"author":[{"embeddable":true,"href":"https:\/\/noaksark.org\/gvg\/en\/wp-json\/wp\/v2\/users\/27"}],"replies":[{"embeddable":true,"href":"https:\/\/noaksark.org\/gvg\/en\/wp-json\/wp\/v2\/comments?post=2694"}],"version-history":[{"count":2,"href":"https:\/\/noaksark.org\/gvg\/en\/wp-json\/wp\/v2\/pages\/2694\/revisions"}],"predecessor-version":[{"id":2697,"href":"https:\/\/noaksark.org\/gvg\/en\/wp-json\/wp\/v2\/pages\/2694\/revisions\/2697"}],"up":[{"embeddable":true,"href":"https:\/\/noaksark.org\/gvg\/en\/wp-json\/wp\/v2\/pages\/2650"}],"wp:attachment":[{"href":"https:\/\/noaksark.org\/gvg\/en\/wp-json\/wp\/v2\/media?parent=2694"}],"curies":[{"name":"wp","href":"https:\/\/api.w.org\/{rel}","templated":true}]}}