{"id":2692,"date":"2022-11-23T15:16:08","date_gmt":"2022-11-23T14:16:08","guid":{"rendered":"https:\/\/noaksark.org\/gvg\/kunskapsbank\/podd\/"},"modified":"2023-06-09T12:36:18","modified_gmt":"2023-06-09T11:36:18","slug":"podd","status":"publish","type":"page","link":"https:\/\/noaksark.org\/gvg\/en\/for-dig\/podd\/","title":{"rendered":"Podcast"},"content":{"rendered":"\n<p>Noaks Ark podcast &#8211; You can now listen to facts about HIV in twelve different languages To Noaks Ark podcast<\/p>\n\n\n\n<figure class=\"wp-block-image size-large is-style-rounded-corners\"><img loading=\"lazy\" decoding=\"async\" width=\"1024\" height=\"769\" src=\"https:\/\/noaksark.org\/gvg\/wp-content\/uploads\/sites\/7\/2023\/05\/noaks-ark-gvg-podd-1024x769.jpg\" alt=\"Noaks Ark G\u00f6teborg &amp; V\u00e4stra G\u00f6taland - Podd\" class=\"wp-image-2518\" srcset=\"https:\/\/noaksark.org\/gvg\/wp-content\/uploads\/sites\/7\/2023\/05\/noaks-ark-gvg-podd-1024x769.jpg 1024w, https:\/\/noaksark.org\/gvg\/wp-content\/uploads\/sites\/7\/2023\/05\/noaks-ark-gvg-podd-300x225.jpg 300w, https:\/\/noaksark.org\/gvg\/wp-content\/uploads\/sites\/7\/2023\/05\/noaks-ark-gvg-podd-768x577.jpg 768w, https:\/\/noaksark.org\/gvg\/wp-content\/uploads\/sites\/7\/2023\/05\/noaks-ark-gvg-podd-133x100.jpg 133w, https:\/\/noaksark.org\/gvg\/wp-content\/uploads\/sites\/7\/2023\/05\/noaks-ark-gvg-podd-1023x768.jpg 1023w, https:\/\/noaksark.org\/gvg\/wp-content\/uploads\/sites\/7\/2023\/05\/noaks-ark-gvg-podd.jpg 1400w\" sizes=\"auto, (max-width: 1024px) 100vw, 1024px\" \/><\/figure>\n\n\n\n<p><a href=\"https:\/\/noaksark.org\/noaks-ark-podden\/\">To Noaks Ark podcast<\/a><\/p>\n","protected":false},"excerpt":{"rendered":"<p>Noaks Ark podcast &#8211; You can now listen to facts about HIV in twelve different languages To Noaks Ark podcast To Noaks Ark podcast<\/p>\n","protected":false},"author":27,"featured_media":0,"parent":2650,"menu_order":0,"comment_status":"closed","ping_status":"closed","template":"","meta":{"_acf_changed":false,"footnotes":""},"class_list":["post-2692","page","type-page","status-publish","hentry"],"acf":[],"yoast_head":"<!-- This site is optimized with the Yoast SEO Premium plugin v27.5 (Yoast SEO v27.5) - https:\/\/yoast.com\/product\/yoast-seo-premium-wordpress\/ -->\n<title>Podcast - Noaks Ark G\u00f6teborg &amp; V\u00e4stra G\u00f6taland<\/title>\n<meta name=\"robots\" content=\"index, follow, max-snippet:-1, max-image-preview:large, max-video-preview:-1\" \/>\n<link rel=\"canonical\" href=\"https:\/\/noaksark.org\/gvg\/en\/for-dig\/podd\/\" \/>\n<meta property=\"og:locale\" content=\"en_US\" \/>\n<meta property=\"og:type\" content=\"article\" \/>\n<meta property=\"og:title\" content=\"Podcast\" \/>\n<meta property=\"og:description\" content=\"Noaks Ark podcast &#8211; You can now listen to facts about HIV in twelve different languages To Noaks Ark podcast To Noaks Ark podcast\" \/>\n<meta property=\"og:url\" content=\"https:\/\/noaksark.org\/gvg\/en\/for-dig\/podd\/\" \/>\n<meta property=\"og:site_name\" content=\"Noaks Ark G\u00f6teborg &amp; V\u00e4stra G\u00f6taland\" \/>\n<meta property=\"article:modified_time\" content=\"2023-06-09T11:36:18+00:00\" \/>\n<meta property=\"og:image\" content=\"https:\/\/noaksark.org\/gvg\/wp-content\/uploads\/sites\/7\/2023\/05\/noaks-ark-gvg-podd-1024x769.jpg\" \/>\n<meta name=\"twitter:card\" content=\"summary_large_image\" \/>\n<meta name=\"twitter:label1\" content=\"Est. reading time\" \/>\n\t<meta name=\"twitter:data1\" content=\"1 minute\" \/>\n<script type=\"application\/ld+json\" class=\"yoast-schema-graph\">{\"@context\":\"https:\\\/\\\/schema.org\",\"@graph\":[{\"@type\":\"WebPage\",\"@id\":\"https:\\\/\\\/noaksark.org\\\/gvg\\\/en\\\/for-dig\\\/podd\\\/\",\"url\":\"https:\\\/\\\/noaksark.org\\\/gvg\\\/en\\\/for-dig\\\/podd\\\/\",\"name\":\"Podcast - Noaks Ark G\u00f6teborg &amp; V\u00e4stra G\u00f6taland\",\"isPartOf\":{\"@id\":\"https:\\\/\\\/noaksark.org\\\/gvg\\\/en\\\/#website\"},\"primaryImageOfPage\":{\"@id\":\"https:\\\/\\\/noaksark.org\\\/gvg\\\/en\\\/for-dig\\\/podd\\\/#primaryimage\"},\"image\":{\"@id\":\"https:\\\/\\\/noaksark.org\\\/gvg\\\/en\\\/for-dig\\\/podd\\\/#primaryimage\"},\"thumbnailUrl\":\"https:\\\/\\\/noaksark.org\\\/gvg\\\/wp-content\\\/uploads\\\/sites\\\/7\\\/2023\\\/05\\\/noaks-ark-gvg-podd-1024x769.jpg\",\"datePublished\":\"2022-11-23T14:16:08+00:00\",\"dateModified\":\"2023-06-09T11:36:18+00:00\",\"breadcrumb\":{\"@id\":\"https:\\\/\\\/noaksark.org\\\/gvg\\\/en\\\/for-dig\\\/podd\\\/#breadcrumb\"},\"inLanguage\":\"en-US\",\"potentialAction\":[{\"@type\":\"ReadAction\",\"target\":[\"https:\\\/\\\/noaksark.org\\\/gvg\\\/en\\\/for-dig\\\/podd\\\/\"]}]},{\"@type\":\"ImageObject\",\"inLanguage\":\"en-US\",\"@id\":\"https:\\\/\\\/noaksark.org\\\/gvg\\\/en\\\/for-dig\\\/podd\\\/#primaryimage\",\"url\":\"https:\\\/\\\/noaksark.org\\\/gvg\\\/wp-content\\\/uploads\\\/sites\\\/7\\\/2023\\\/05\\\/noaks-ark-gvg-podd-1024x769.jpg\",\"contentUrl\":\"https:\\\/\\\/noaksark.org\\\/gvg\\\/wp-content\\\/uploads\\\/sites\\\/7\\\/2023\\\/05\\\/noaks-ark-gvg-podd-1024x769.jpg\"},{\"@type\":\"BreadcrumbList\",\"@id\":\"https:\\\/\\\/noaksark.org\\\/gvg\\\/en\\\/for-dig\\\/podd\\\/#breadcrumb\",\"itemListElement\":[{\"@type\":\"ListItem\",\"position\":1,\"name\":\"Home\",\"item\":\"https:\\\/\\\/noaksark.org\\\/gvg\\\/en\\\/\"},{\"@type\":\"ListItem\",\"position\":2,\"name\":\"Knowledge bank\",\"item\":\"https:\\\/\\\/noaksark.org\\\/gvg\\\/en\\\/kunskapsbank\\\/\"},{\"@type\":\"ListItem\",\"position\":3,\"name\":\"Podcast\"}]},{\"@type\":\"WebSite\",\"@id\":\"https:\\\/\\\/noaksark.org\\\/gvg\\\/en\\\/#website\",\"url\":\"https:\\\/\\\/noaksark.org\\\/gvg\\\/en\\\/\",\"name\":\"Noaks Ark G\u00f6teborg &amp; V\u00e4stra G\u00f6taland\",\"description\":\"\",\"potentialAction\":[{\"@type\":\"SearchAction\",\"target\":{\"@type\":\"EntryPoint\",\"urlTemplate\":\"https:\\\/\\\/noaksark.org\\\/gvg\\\/en\\\/?s={search_term_string}\"},\"query-input\":{\"@type\":\"PropertyValueSpecification\",\"valueRequired\":true,\"valueName\":\"search_term_string\"}}],\"inLanguage\":\"en-US\"}]}<\/script>\n<!-- \/ Yoast SEO Premium plugin. -->","yoast_head_json":{"title":"Podcast - Noaks Ark G\u00f6teborg &amp; V\u00e4stra G\u00f6taland","robots":{"index":"index","follow":"follow","max-snippet":"max-snippet:-1","max-image-preview":"max-image-preview:large","max-video-preview":"max-video-preview:-1"},"canonical":"https:\/\/noaksark.org\/gvg\/en\/for-dig\/podd\/","og_locale":"en_US","og_type":"article","og_title":"Podcast","og_description":"Noaks Ark podcast &#8211; You can now listen to facts about HIV in twelve different languages To Noaks Ark podcast To Noaks Ark podcast","og_url":"https:\/\/noaksark.org\/gvg\/en\/for-dig\/podd\/","og_site_name":"Noaks Ark G\u00f6teborg &amp; V\u00e4stra G\u00f6taland","article_modified_time":"2023-06-09T11:36:18+00:00","og_image":[{"url":"https:\/\/noaksark.org\/gvg\/wp-content\/uploads\/sites\/7\/2023\/05\/noaks-ark-gvg-podd-1024x769.jpg","type":"","width":"","height":""}],"twitter_card":"summary_large_image","twitter_misc":{"Est. reading time":"1 minute"},"schema":{"@context":"https:\/\/schema.org","@graph":[{"@type":"WebPage","@id":"https:\/\/noaksark.org\/gvg\/en\/for-dig\/podd\/","url":"https:\/\/noaksark.org\/gvg\/en\/for-dig\/podd\/","name":"Podcast - Noaks Ark G\u00f6teborg &amp; V\u00e4stra G\u00f6taland","isPartOf":{"@id":"https:\/\/noaksark.org\/gvg\/en\/#website"},"primaryImageOfPage":{"@id":"https:\/\/noaksark.org\/gvg\/en\/for-dig\/podd\/#primaryimage"},"image":{"@id":"https:\/\/noaksark.org\/gvg\/en\/for-dig\/podd\/#primaryimage"},"thumbnailUrl":"https:\/\/noaksark.org\/gvg\/wp-content\/uploads\/sites\/7\/2023\/05\/noaks-ark-gvg-podd-1024x769.jpg","datePublished":"2022-11-23T14:16:08+00:00","dateModified":"2023-06-09T11:36:18+00:00","breadcrumb":{"@id":"https:\/\/noaksark.org\/gvg\/en\/for-dig\/podd\/#breadcrumb"},"inLanguage":"en-US","potentialAction":[{"@type":"ReadAction","target":["https:\/\/noaksark.org\/gvg\/en\/for-dig\/podd\/"]}]},{"@type":"ImageObject","inLanguage":"en-US","@id":"https:\/\/noaksark.org\/gvg\/en\/for-dig\/podd\/#primaryimage","url":"https:\/\/noaksark.org\/gvg\/wp-content\/uploads\/sites\/7\/2023\/05\/noaks-ark-gvg-podd-1024x769.jpg","contentUrl":"https:\/\/noaksark.org\/gvg\/wp-content\/uploads\/sites\/7\/2023\/05\/noaks-ark-gvg-podd-1024x769.jpg"},{"@type":"BreadcrumbList","@id":"https:\/\/noaksark.org\/gvg\/en\/for-dig\/podd\/#breadcrumb","itemListElement":[{"@type":"ListItem","position":1,"name":"Home","item":"https:\/\/noaksark.org\/gvg\/en\/"},{"@type":"ListItem","position":2,"name":"Knowledge bank","item":"https:\/\/noaksark.org\/gvg\/en\/kunskapsbank\/"},{"@type":"ListItem","position":3,"name":"Podcast"}]},{"@type":"WebSite","@id":"https:\/\/noaksark.org\/gvg\/en\/#website","url":"https:\/\/noaksark.org\/gvg\/en\/","name":"Noaks Ark G\u00f6teborg &amp; V\u00e4stra G\u00f6taland","description":"","potentialAction":[{"@type":"SearchAction","target":{"@type":"EntryPoint","urlTemplate":"https:\/\/noaksark.org\/gvg\/en\/?s={search_term_string}"},"query-input":{"@type":"PropertyValueSpecification","valueRequired":true,"valueName":"search_term_string"}}],"inLanguage":"en-US"}]}},"_links":{"self":[{"href":"https:\/\/noaksark.org\/gvg\/en\/wp-json\/wp\/v2\/pages\/2692","targetHints":{"allow":["GET"]}}],"collection":[{"href":"https:\/\/noaksark.org\/gvg\/en\/wp-json\/wp\/v2\/pages"}],"about":[{"href":"https:\/\/noaksark.org\/gvg\/en\/wp-json\/wp\/v2\/types\/page"}],"author":[{"embeddable":true,"href":"https:\/\/noaksark.org\/gvg\/en\/wp-json\/wp\/v2\/users\/27"}],"replies":[{"embeddable":true,"href":"https:\/\/noaksark.org\/gvg\/en\/wp-json\/wp\/v2\/comments?post=2692"}],"version-history":[{"count":1,"href":"https:\/\/noaksark.org\/gvg\/en\/wp-json\/wp\/v2\/pages\/2692\/revisions"}],"predecessor-version":[{"id":2693,"href":"https:\/\/noaksark.org\/gvg\/en\/wp-json\/wp\/v2\/pages\/2692\/revisions\/2693"}],"up":[{"embeddable":true,"href":"https:\/\/noaksark.org\/gvg\/en\/wp-json\/wp\/v2\/pages\/2650"}],"wp:attachment":[{"href":"https:\/\/noaksark.org\/gvg\/en\/wp-json\/wp\/v2\/media?parent=2692"}],"curies":[{"name":"wp","href":"https:\/\/api.w.org\/{rel}","templated":true}]}}