{"id":2680,"date":"2022-11-23T14:52:00","date_gmt":"2022-11-23T13:52:00","guid":{"rendered":"https:\/\/noaksark.org\/gvg\/kunskapsbank\/"},"modified":"2023-06-09T11:04:13","modified_gmt":"2023-06-09T10:04:13","slug":"kunskapsbank","status":"publish","type":"page","link":"https:\/\/noaksark.org\/gvg\/en\/kunskapsbank\/","title":{"rendered":"Knowledge bank"},"content":{"rendered":"\n<p>Curious about what&#8217;s going on? Or do you want to know more about HIV and SRHR, or maybe even test your knowledge? Then you are under the right tab! Feel free to look around and if you have any questions, you are always welcome to get in touch!<\/p>\n","protected":false},"excerpt":{"rendered":"<p>Curious about what&#8217;s going on? Or do you want to know more about HIV and SRHR, or maybe even test your knowledge? Then you are under the right tab! Feel free to look around and&#8230;<\/p>\n","protected":false},"author":27,"featured_media":2918,"parent":0,"menu_order":0,"comment_status":"closed","ping_status":"closed","template":"","meta":{"_acf_changed":false,"footnotes":""},"class_list":["post-2680","page","type-page","status-publish","has-post-thumbnail","hentry"],"acf":[],"yoast_head":"<!-- This site is optimized with the Yoast SEO Premium plugin v27.3 (Yoast SEO v27.4) - https:\/\/yoast.com\/product\/yoast-seo-premium-wordpress\/ -->\n<title>Knowledge bank - Noaks Ark G\u00f6teborg &amp; V\u00e4stra G\u00f6taland<\/title>\n<meta name=\"robots\" content=\"index, follow, max-snippet:-1, max-image-preview:large, max-video-preview:-1\" \/>\n<link rel=\"canonical\" href=\"https:\/\/noaksark.org\/gvg\/en\/kunskapsbank\/\" \/>\n<meta property=\"og:locale\" content=\"en_US\" \/>\n<meta property=\"og:type\" content=\"article\" \/>\n<meta property=\"og:title\" content=\"Knowledge bank\" \/>\n<meta property=\"og:description\" content=\"Curious about what&#8217;s going on? Or do you want to know more about HIV and SRHR, or maybe even test your knowledge? Then you are under the right tab! Feel free to look around and...\" \/>\n<meta property=\"og:url\" content=\"https:\/\/noaksark.org\/gvg\/en\/kunskapsbank\/\" \/>\n<meta property=\"og:site_name\" content=\"Noaks Ark G\u00f6teborg &amp; V\u00e4stra G\u00f6taland\" \/>\n<meta property=\"article:modified_time\" content=\"2023-06-09T10:04:13+00:00\" \/>\n<meta property=\"og:image\" content=\"https:\/\/noaksark.org\/gvg\/wp-content\/uploads\/sites\/7\/2022\/12\/noaks-ark-goteborg-kunskapsbank.jpg\" \/>\n\t<meta property=\"og:image:width\" content=\"1400\" \/>\n\t<meta property=\"og:image:height\" content=\"934\" \/>\n\t<meta property=\"og:image:type\" content=\"image\/jpeg\" \/>\n<meta name=\"twitter:card\" content=\"summary_large_image\" \/>\n<meta name=\"twitter:label1\" content=\"Est. reading time\" \/>\n\t<meta name=\"twitter:data1\" content=\"1 minute\" \/>\n<script type=\"application\/ld+json\" class=\"yoast-schema-graph\">{\"@context\":\"https:\\\/\\\/schema.org\",\"@graph\":[{\"@type\":\"WebPage\",\"@id\":\"https:\\\/\\\/noaksark.org\\\/gvg\\\/en\\\/kunskapsbank\\\/\",\"url\":\"https:\\\/\\\/noaksark.org\\\/gvg\\\/en\\\/kunskapsbank\\\/\",\"name\":\"Knowledge bank - Noaks Ark G\u00f6teborg &amp; V\u00e4stra G\u00f6taland\",\"isPartOf\":{\"@id\":\"https:\\\/\\\/noaksark.org\\\/gvg\\\/en\\\/#website\"},\"primaryImageOfPage\":{\"@id\":\"https:\\\/\\\/noaksark.org\\\/gvg\\\/en\\\/kunskapsbank\\\/#primaryimage\"},\"image\":{\"@id\":\"https:\\\/\\\/noaksark.org\\\/gvg\\\/en\\\/kunskapsbank\\\/#primaryimage\"},\"thumbnailUrl\":\"https:\\\/\\\/noaksark.org\\\/gvg\\\/wp-content\\\/uploads\\\/sites\\\/7\\\/2024\\\/09\\\/francis-painchaud-SMMJHyNBUT4-unsplash-scaled.jpg\",\"datePublished\":\"2022-11-23T13:52:00+00:00\",\"dateModified\":\"2023-06-09T10:04:13+00:00\",\"breadcrumb\":{\"@id\":\"https:\\\/\\\/noaksark.org\\\/gvg\\\/en\\\/kunskapsbank\\\/#breadcrumb\"},\"inLanguage\":\"en-US\",\"potentialAction\":[{\"@type\":\"ReadAction\",\"target\":[\"https:\\\/\\\/noaksark.org\\\/gvg\\\/en\\\/kunskapsbank\\\/\"]}]},{\"@type\":\"ImageObject\",\"inLanguage\":\"en-US\",\"@id\":\"https:\\\/\\\/noaksark.org\\\/gvg\\\/en\\\/kunskapsbank\\\/#primaryimage\",\"url\":\"https:\\\/\\\/noaksark.org\\\/gvg\\\/wp-content\\\/uploads\\\/sites\\\/7\\\/2024\\\/09\\\/francis-painchaud-SMMJHyNBUT4-unsplash-scaled.jpg\",\"contentUrl\":\"https:\\\/\\\/noaksark.org\\\/gvg\\\/wp-content\\\/uploads\\\/sites\\\/7\\\/2024\\\/09\\\/francis-painchaud-SMMJHyNBUT4-unsplash-scaled.jpg\",\"width\":2560,\"height\":1440,\"caption\":\"Noaks Ark - G\u00f6teborg & V\u00e4stra G\u00f6taland - Kunskapsbank\"},{\"@type\":\"BreadcrumbList\",\"@id\":\"https:\\\/\\\/noaksark.org\\\/gvg\\\/en\\\/kunskapsbank\\\/#breadcrumb\",\"itemListElement\":[{\"@type\":\"ListItem\",\"position\":1,\"name\":\"Home\",\"item\":\"https:\\\/\\\/noaksark.org\\\/gvg\\\/en\\\/\"},{\"@type\":\"ListItem\",\"position\":2,\"name\":\"Knowledge bank\"}]},{\"@type\":\"WebSite\",\"@id\":\"https:\\\/\\\/noaksark.org\\\/gvg\\\/en\\\/#website\",\"url\":\"https:\\\/\\\/noaksark.org\\\/gvg\\\/en\\\/\",\"name\":\"Noaks Ark G\u00f6teborg &amp; V\u00e4stra G\u00f6taland\",\"description\":\"\",\"potentialAction\":[{\"@type\":\"SearchAction\",\"target\":{\"@type\":\"EntryPoint\",\"urlTemplate\":\"https:\\\/\\\/noaksark.org\\\/gvg\\\/en\\\/?s={search_term_string}\"},\"query-input\":{\"@type\":\"PropertyValueSpecification\",\"valueRequired\":true,\"valueName\":\"search_term_string\"}}],\"inLanguage\":\"en-US\"}]}<\/script>\n<!-- \/ Yoast SEO Premium plugin. -->","yoast_head_json":{"title":"Knowledge bank - Noaks Ark G\u00f6teborg &amp; V\u00e4stra G\u00f6taland","robots":{"index":"index","follow":"follow","max-snippet":"max-snippet:-1","max-image-preview":"max-image-preview:large","max-video-preview":"max-video-preview:-1"},"canonical":"https:\/\/noaksark.org\/gvg\/en\/kunskapsbank\/","og_locale":"en_US","og_type":"article","og_title":"Knowledge bank","og_description":"Curious about what&#8217;s going on? Or do you want to know more about HIV and SRHR, or maybe even test your knowledge? Then you are under the right tab! Feel free to look around and...","og_url":"https:\/\/noaksark.org\/gvg\/en\/kunskapsbank\/","og_site_name":"Noaks Ark G\u00f6teborg &amp; V\u00e4stra G\u00f6taland","article_modified_time":"2023-06-09T10:04:13+00:00","og_image":[{"width":1400,"height":934,"url":"https:\/\/noaksark.org\/gvg\/wp-content\/uploads\/sites\/7\/2022\/12\/noaks-ark-goteborg-kunskapsbank.jpg","type":"image\/jpeg"}],"twitter_card":"summary_large_image","twitter_misc":{"Est. reading time":"1 minute"},"schema":{"@context":"https:\/\/schema.org","@graph":[{"@type":"WebPage","@id":"https:\/\/noaksark.org\/gvg\/en\/kunskapsbank\/","url":"https:\/\/noaksark.org\/gvg\/en\/kunskapsbank\/","name":"Knowledge bank - Noaks Ark G\u00f6teborg &amp; V\u00e4stra G\u00f6taland","isPartOf":{"@id":"https:\/\/noaksark.org\/gvg\/en\/#website"},"primaryImageOfPage":{"@id":"https:\/\/noaksark.org\/gvg\/en\/kunskapsbank\/#primaryimage"},"image":{"@id":"https:\/\/noaksark.org\/gvg\/en\/kunskapsbank\/#primaryimage"},"thumbnailUrl":"https:\/\/noaksark.org\/gvg\/wp-content\/uploads\/sites\/7\/2024\/09\/francis-painchaud-SMMJHyNBUT4-unsplash-scaled.jpg","datePublished":"2022-11-23T13:52:00+00:00","dateModified":"2023-06-09T10:04:13+00:00","breadcrumb":{"@id":"https:\/\/noaksark.org\/gvg\/en\/kunskapsbank\/#breadcrumb"},"inLanguage":"en-US","potentialAction":[{"@type":"ReadAction","target":["https:\/\/noaksark.org\/gvg\/en\/kunskapsbank\/"]}]},{"@type":"ImageObject","inLanguage":"en-US","@id":"https:\/\/noaksark.org\/gvg\/en\/kunskapsbank\/#primaryimage","url":"https:\/\/noaksark.org\/gvg\/wp-content\/uploads\/sites\/7\/2024\/09\/francis-painchaud-SMMJHyNBUT4-unsplash-scaled.jpg","contentUrl":"https:\/\/noaksark.org\/gvg\/wp-content\/uploads\/sites\/7\/2024\/09\/francis-painchaud-SMMJHyNBUT4-unsplash-scaled.jpg","width":2560,"height":1440,"caption":"Noaks Ark - G\u00f6teborg & V\u00e4stra G\u00f6taland - Kunskapsbank"},{"@type":"BreadcrumbList","@id":"https:\/\/noaksark.org\/gvg\/en\/kunskapsbank\/#breadcrumb","itemListElement":[{"@type":"ListItem","position":1,"name":"Home","item":"https:\/\/noaksark.org\/gvg\/en\/"},{"@type":"ListItem","position":2,"name":"Knowledge bank"}]},{"@type":"WebSite","@id":"https:\/\/noaksark.org\/gvg\/en\/#website","url":"https:\/\/noaksark.org\/gvg\/en\/","name":"Noaks Ark G\u00f6teborg &amp; V\u00e4stra G\u00f6taland","description":"","potentialAction":[{"@type":"SearchAction","target":{"@type":"EntryPoint","urlTemplate":"https:\/\/noaksark.org\/gvg\/en\/?s={search_term_string}"},"query-input":{"@type":"PropertyValueSpecification","valueRequired":true,"valueName":"search_term_string"}}],"inLanguage":"en-US"}]}},"_links":{"self":[{"href":"https:\/\/noaksark.org\/gvg\/en\/wp-json\/wp\/v2\/pages\/2680","targetHints":{"allow":["GET"]}}],"collection":[{"href":"https:\/\/noaksark.org\/gvg\/en\/wp-json\/wp\/v2\/pages"}],"about":[{"href":"https:\/\/noaksark.org\/gvg\/en\/wp-json\/wp\/v2\/types\/page"}],"author":[{"embeddable":true,"href":"https:\/\/noaksark.org\/gvg\/en\/wp-json\/wp\/v2\/users\/27"}],"replies":[{"embeddable":true,"href":"https:\/\/noaksark.org\/gvg\/en\/wp-json\/wp\/v2\/comments?post=2680"}],"version-history":[{"count":1,"href":"https:\/\/noaksark.org\/gvg\/en\/wp-json\/wp\/v2\/pages\/2680\/revisions"}],"predecessor-version":[{"id":2681,"href":"https:\/\/noaksark.org\/gvg\/en\/wp-json\/wp\/v2\/pages\/2680\/revisions\/2681"}],"wp:featuredmedia":[{"embeddable":true,"href":"https:\/\/noaksark.org\/gvg\/en\/wp-json\/wp\/v2\/media\/2918"}],"wp:attachment":[{"href":"https:\/\/noaksark.org\/gvg\/en\/wp-json\/wp\/v2\/media?parent=2680"}],"curies":[{"name":"wp","href":"https:\/\/api.w.org\/{rel}","templated":true}]}}