{"id":2674,"date":"2022-11-23T15:19:39","date_gmt":"2022-11-23T14:19:39","guid":{"rendered":"https:\/\/noaksark.org\/gvg\/engagera-dig\/bli-medlem-eller-stod-oss\/"},"modified":"2023-06-12T12:34:31","modified_gmt":"2023-06-12T11:34:31","slug":"bli-medlem-eller-stod-oss","status":"publish","type":"page","link":"https:\/\/noaksark.org\/gvg\/en\/engagera-dig\/bli-medlem-eller-stod-oss\/","title":{"rendered":"Become a member or support us"},"content":{"rendered":"\n<h2 class=\"wp-block-heading\" id=\"h-your-contribution-means-everything\">Your contribution means everything!<\/h2>\n\n\n\n<p>Become a member, your commitment, big or small, helps our mission! We know that everyone is busy, but your time, contributions, thoughts, or suggestions help us develop and spread knowledge about HIV and its consequences.<\/p>\n\n\n\n<p>Your support helps us in;<\/p>\n\n\n\n<ul class=\"wp-block-list\">\n<li>our work in spreading knowledge and thus reducing the spread of HIV and other sexually transmitted infections.<\/li>\n\n\n\n<li>our work in countering discrimination, stigma, and exclusion.<\/li>\n\n\n\n<li>to get more people to understand and engage with the issue.<\/li>\n<\/ul>\n\n\n\n<p>Support us on your terms by;<\/p>\n\n\n\n<ul class=\"wp-block-list\">\n<li>Sign up<\/li>\n\n\n\n<li>donate<\/li>\n\n\n\n<li>Like and share posts from our social channels<\/li>\n\n\n\n<li>Contact us with development proposals, questions, or collaborations<\/li>\n<\/ul>\n\n\n\n<p>Small or large &#8211; every contribution helps us in our work!<\/p>\n\n\n\n<figure class=\"wp-block-image size-large is-style-rounded-corners\"><img loading=\"lazy\" decoding=\"async\" width=\"1024\" height=\"652\" src=\"https:\/\/noaksark.org\/gvg\/wp-content\/uploads\/sites\/7\/2023\/05\/noaks-ark-gvg-bli-medlem-eller-stod-oss-1024x652.jpg\" alt=\"Noaks Ark G\u00f6teborg &amp; V\u00e4stra G\u00f6taland - Bli medlem eller st\u00f6d oss\" class=\"wp-image-2516\" srcset=\"https:\/\/noaksark.org\/gvg\/wp-content\/uploads\/sites\/7\/2023\/05\/noaks-ark-gvg-bli-medlem-eller-stod-oss-1024x652.jpg 1024w, https:\/\/noaksark.org\/gvg\/wp-content\/uploads\/sites\/7\/2023\/05\/noaks-ark-gvg-bli-medlem-eller-stod-oss-300x191.jpg 300w, https:\/\/noaksark.org\/gvg\/wp-content\/uploads\/sites\/7\/2023\/05\/noaks-ark-gvg-bli-medlem-eller-stod-oss-768x489.jpg 768w, https:\/\/noaksark.org\/gvg\/wp-content\/uploads\/sites\/7\/2023\/05\/noaks-ark-gvg-bli-medlem-eller-stod-oss-157x100.jpg 157w, https:\/\/noaksark.org\/gvg\/wp-content\/uploads\/sites\/7\/2023\/05\/noaks-ark-gvg-bli-medlem-eller-stod-oss-1207x768.jpg 1207w, https:\/\/noaksark.org\/gvg\/wp-content\/uploads\/sites\/7\/2023\/05\/noaks-ark-gvg-bli-medlem-eller-stod-oss.jpg 1400w\" sizes=\"auto, (max-width: 1024px) 100vw, 1024px\" \/><\/figure>\n\n\n\n<h2 class=\"wp-block-heading\" id=\"h-membership\">Membership<\/h2>\n\n\n\n<p>Ever since its inception in 1986, Noaks Ark has worked to increase the well-being and quality of life for people living with HIV and worked to <a href=\"https:\/\/noaksark.org\/gvg\/en\/kunskapsbank\/om-hiv-och-aids\/\">prevent the spread of HIV<\/a> and other sexually transmitted infections.<\/p>\n\n\n\n<p>Today, we contribute to increased knowledge and awareness of issues related to HIV and other sexually transmitted infections, but also sexual and reproductive health and rights, sexuality, and relationships.<\/p>\n\n\n\n<p>Through your membership, you also become part of our work which contributes to promoting pleasurable, safe, and secure sexuality and preventing an increase in the spread of HIV and other sexually transmitted infections.<\/p>\n\n\n\n<p>Become a member and support our association!<\/p>\n\n\n\n<h2 class=\"wp-block-heading\" id=\"h-would-you-like-to-become-a-member\">Would you like to become a member?<\/h2>\n\n\n\n<p>Then send an email to&nbsp;<a href=\"mailto:team@noaksark.org\">medlem@noaksark.org<\/a>&nbsp; \u2013 write a few lines with your: name, address, and telephone number.<\/p>\n\n\n\n<p>The membership fee isr 25 kr\/calendar year.<\/p>\n\n\n\n<p>The membership fee and\/or any gifts are deposited as follows:<br>Bankgironummer: 121-7694<br>Swish: 123 280 1272<\/p>\n\n\n\n<p>Write your name in the message box when paying (membership fee) so we can trace the payment to you<\/p>\n\n\n\n<p>For gifts or contributions, write &#8220;gift&#8221; in the message box.<\/p>\n\n\n\n<p>THANKS &lt;3<\/p>\n\n\n\n<figure class=\"wp-block-image\"><img decoding=\"async\" src=\"https:\/\/noaksark.info\/wp-content\/uploads\/2022\/06\/qr-1-copy-1-549x632.png\" alt=\"\"\/><\/figure>\n\n\n\n<h2 class=\"wp-block-heading\" id=\"h-this-is-included-in-your-membership\">This is included in your membership<\/h2>\n\n\n\n<ul class=\"wp-block-list\">\n<li>Opportunities for involvement, activities and assignments.<\/li>\n\n\n\n<li>Possibility to be part of Noaks arks network for sexual political issues.<\/li>\n\n\n\n<li>Possibility to take part in our newsletter with constant updates on treatment methods, medicines and research.<\/li>\n\n\n\n<li>Information about the association&#8217;s work, current lectures, courses and activities.<\/li>\n<\/ul>\n","protected":false},"excerpt":{"rendered":"<p>Your contribution means everything! Become a member, your commitment, big or small, helps our mission! We know that everyone is busy, but your time, contributions, thoughts, or suggestions help us develop and spread knowledge about&#8230;<\/p>\n","protected":false},"author":27,"featured_media":0,"parent":2672,"menu_order":0,"comment_status":"closed","ping_status":"closed","template":"","meta":{"_acf_changed":false,"footnotes":""},"class_list":["post-2674","page","type-page","status-publish","hentry"],"acf":[],"yoast_head":"<!-- This site is optimized with the Yoast SEO Premium plugin v27.4 (Yoast SEO v27.5) - https:\/\/yoast.com\/product\/yoast-seo-premium-wordpress\/ -->\n<title>Become a member or support us - Noaks Ark G\u00f6teborg &amp; V\u00e4stra G\u00f6taland<\/title>\n<meta name=\"robots\" content=\"index, follow, max-snippet:-1, max-image-preview:large, max-video-preview:-1\" \/>\n<link rel=\"canonical\" href=\"https:\/\/noaksark.org\/gvg\/en\/engagera-dig\/bli-medlem-eller-stod-oss\/\" \/>\n<meta property=\"og:locale\" content=\"en_US\" \/>\n<meta property=\"og:type\" content=\"article\" \/>\n<meta property=\"og:title\" content=\"Become a member or support us\" \/>\n<meta property=\"og:description\" content=\"Your contribution means everything! Become a member, your commitment, big or small, helps our mission! We know that everyone is busy, but your time, contributions, thoughts, or suggestions help us develop and spread knowledge about...\" \/>\n<meta property=\"og:url\" content=\"https:\/\/noaksark.org\/gvg\/en\/engagera-dig\/bli-medlem-eller-stod-oss\/\" \/>\n<meta property=\"og:site_name\" content=\"Noaks Ark G\u00f6teborg &amp; V\u00e4stra G\u00f6taland\" \/>\n<meta property=\"article:modified_time\" content=\"2023-06-12T11:34:31+00:00\" \/>\n<meta property=\"og:image\" content=\"https:\/\/noaksark.org\/gvg\/wp-content\/uploads\/sites\/7\/2023\/05\/noaks-ark-gvg-bli-medlem-eller-stod-oss-1024x652.jpg\" \/>\n<meta name=\"twitter:card\" content=\"summary_large_image\" \/>\n<meta name=\"twitter:label1\" content=\"Est. reading time\" \/>\n\t<meta name=\"twitter:data1\" content=\"3 minutes\" \/>\n<script type=\"application\/ld+json\" class=\"yoast-schema-graph\">{\"@context\":\"https:\\\/\\\/schema.org\",\"@graph\":[{\"@type\":\"WebPage\",\"@id\":\"https:\\\/\\\/noaksark.org\\\/gvg\\\/en\\\/engagera-dig\\\/bli-medlem-eller-stod-oss\\\/\",\"url\":\"https:\\\/\\\/noaksark.org\\\/gvg\\\/en\\\/engagera-dig\\\/bli-medlem-eller-stod-oss\\\/\",\"name\":\"Become a member or support us - Noaks Ark G\u00f6teborg &amp; V\u00e4stra G\u00f6taland\",\"isPartOf\":{\"@id\":\"https:\\\/\\\/noaksark.org\\\/gvg\\\/en\\\/#website\"},\"primaryImageOfPage\":{\"@id\":\"https:\\\/\\\/noaksark.org\\\/gvg\\\/en\\\/engagera-dig\\\/bli-medlem-eller-stod-oss\\\/#primaryimage\"},\"image\":{\"@id\":\"https:\\\/\\\/noaksark.org\\\/gvg\\\/en\\\/engagera-dig\\\/bli-medlem-eller-stod-oss\\\/#primaryimage\"},\"thumbnailUrl\":\"https:\\\/\\\/noaksark.org\\\/gvg\\\/wp-content\\\/uploads\\\/sites\\\/7\\\/2023\\\/05\\\/noaks-ark-gvg-bli-medlem-eller-stod-oss-1024x652.jpg\",\"datePublished\":\"2022-11-23T14:19:39+00:00\",\"dateModified\":\"2023-06-12T11:34:31+00:00\",\"breadcrumb\":{\"@id\":\"https:\\\/\\\/noaksark.org\\\/gvg\\\/en\\\/engagera-dig\\\/bli-medlem-eller-stod-oss\\\/#breadcrumb\"},\"inLanguage\":\"en-US\",\"potentialAction\":[{\"@type\":\"ReadAction\",\"target\":[\"https:\\\/\\\/noaksark.org\\\/gvg\\\/en\\\/engagera-dig\\\/bli-medlem-eller-stod-oss\\\/\"]}]},{\"@type\":\"ImageObject\",\"inLanguage\":\"en-US\",\"@id\":\"https:\\\/\\\/noaksark.org\\\/gvg\\\/en\\\/engagera-dig\\\/bli-medlem-eller-stod-oss\\\/#primaryimage\",\"url\":\"https:\\\/\\\/noaksark.org\\\/gvg\\\/wp-content\\\/uploads\\\/sites\\\/7\\\/2023\\\/05\\\/noaks-ark-gvg-bli-medlem-eller-stod-oss-1024x652.jpg\",\"contentUrl\":\"https:\\\/\\\/noaksark.org\\\/gvg\\\/wp-content\\\/uploads\\\/sites\\\/7\\\/2023\\\/05\\\/noaks-ark-gvg-bli-medlem-eller-stod-oss-1024x652.jpg\"},{\"@type\":\"BreadcrumbList\",\"@id\":\"https:\\\/\\\/noaksark.org\\\/gvg\\\/en\\\/engagera-dig\\\/bli-medlem-eller-stod-oss\\\/#breadcrumb\",\"itemListElement\":[{\"@type\":\"ListItem\",\"position\":1,\"name\":\"Home\",\"item\":\"https:\\\/\\\/noaksark.org\\\/gvg\\\/en\\\/\"},{\"@type\":\"ListItem\",\"position\":2,\"name\":\"Get involved\",\"item\":\"https:\\\/\\\/noaksark.org\\\/gvg\\\/en\\\/engagera-dig\\\/\"},{\"@type\":\"ListItem\",\"position\":3,\"name\":\"Become a member or support us\"}]},{\"@type\":\"WebSite\",\"@id\":\"https:\\\/\\\/noaksark.org\\\/gvg\\\/en\\\/#website\",\"url\":\"https:\\\/\\\/noaksark.org\\\/gvg\\\/en\\\/\",\"name\":\"Noaks Ark G\u00f6teborg &amp; V\u00e4stra G\u00f6taland\",\"description\":\"\",\"potentialAction\":[{\"@type\":\"SearchAction\",\"target\":{\"@type\":\"EntryPoint\",\"urlTemplate\":\"https:\\\/\\\/noaksark.org\\\/gvg\\\/en\\\/?s={search_term_string}\"},\"query-input\":{\"@type\":\"PropertyValueSpecification\",\"valueRequired\":true,\"valueName\":\"search_term_string\"}}],\"inLanguage\":\"en-US\"}]}<\/script>\n<!-- \/ Yoast SEO Premium plugin. -->","yoast_head_json":{"title":"Become a member or support us - Noaks Ark G\u00f6teborg &amp; V\u00e4stra G\u00f6taland","robots":{"index":"index","follow":"follow","max-snippet":"max-snippet:-1","max-image-preview":"max-image-preview:large","max-video-preview":"max-video-preview:-1"},"canonical":"https:\/\/noaksark.org\/gvg\/en\/engagera-dig\/bli-medlem-eller-stod-oss\/","og_locale":"en_US","og_type":"article","og_title":"Become a member or support us","og_description":"Your contribution means everything! Become a member, your commitment, big or small, helps our mission! We know that everyone is busy, but your time, contributions, thoughts, or suggestions help us develop and spread knowledge about...","og_url":"https:\/\/noaksark.org\/gvg\/en\/engagera-dig\/bli-medlem-eller-stod-oss\/","og_site_name":"Noaks Ark G\u00f6teborg &amp; V\u00e4stra G\u00f6taland","article_modified_time":"2023-06-12T11:34:31+00:00","og_image":[{"url":"https:\/\/noaksark.org\/gvg\/wp-content\/uploads\/sites\/7\/2023\/05\/noaks-ark-gvg-bli-medlem-eller-stod-oss-1024x652.jpg","type":"","width":"","height":""}],"twitter_card":"summary_large_image","twitter_misc":{"Est. reading time":"3 minutes"},"schema":{"@context":"https:\/\/schema.org","@graph":[{"@type":"WebPage","@id":"https:\/\/noaksark.org\/gvg\/en\/engagera-dig\/bli-medlem-eller-stod-oss\/","url":"https:\/\/noaksark.org\/gvg\/en\/engagera-dig\/bli-medlem-eller-stod-oss\/","name":"Become a member or support us - Noaks Ark G\u00f6teborg &amp; V\u00e4stra G\u00f6taland","isPartOf":{"@id":"https:\/\/noaksark.org\/gvg\/en\/#website"},"primaryImageOfPage":{"@id":"https:\/\/noaksark.org\/gvg\/en\/engagera-dig\/bli-medlem-eller-stod-oss\/#primaryimage"},"image":{"@id":"https:\/\/noaksark.org\/gvg\/en\/engagera-dig\/bli-medlem-eller-stod-oss\/#primaryimage"},"thumbnailUrl":"https:\/\/noaksark.org\/gvg\/wp-content\/uploads\/sites\/7\/2023\/05\/noaks-ark-gvg-bli-medlem-eller-stod-oss-1024x652.jpg","datePublished":"2022-11-23T14:19:39+00:00","dateModified":"2023-06-12T11:34:31+00:00","breadcrumb":{"@id":"https:\/\/noaksark.org\/gvg\/en\/engagera-dig\/bli-medlem-eller-stod-oss\/#breadcrumb"},"inLanguage":"en-US","potentialAction":[{"@type":"ReadAction","target":["https:\/\/noaksark.org\/gvg\/en\/engagera-dig\/bli-medlem-eller-stod-oss\/"]}]},{"@type":"ImageObject","inLanguage":"en-US","@id":"https:\/\/noaksark.org\/gvg\/en\/engagera-dig\/bli-medlem-eller-stod-oss\/#primaryimage","url":"https:\/\/noaksark.org\/gvg\/wp-content\/uploads\/sites\/7\/2023\/05\/noaks-ark-gvg-bli-medlem-eller-stod-oss-1024x652.jpg","contentUrl":"https:\/\/noaksark.org\/gvg\/wp-content\/uploads\/sites\/7\/2023\/05\/noaks-ark-gvg-bli-medlem-eller-stod-oss-1024x652.jpg"},{"@type":"BreadcrumbList","@id":"https:\/\/noaksark.org\/gvg\/en\/engagera-dig\/bli-medlem-eller-stod-oss\/#breadcrumb","itemListElement":[{"@type":"ListItem","position":1,"name":"Home","item":"https:\/\/noaksark.org\/gvg\/en\/"},{"@type":"ListItem","position":2,"name":"Get involved","item":"https:\/\/noaksark.org\/gvg\/en\/engagera-dig\/"},{"@type":"ListItem","position":3,"name":"Become a member or support us"}]},{"@type":"WebSite","@id":"https:\/\/noaksark.org\/gvg\/en\/#website","url":"https:\/\/noaksark.org\/gvg\/en\/","name":"Noaks Ark G\u00f6teborg &amp; V\u00e4stra G\u00f6taland","description":"","potentialAction":[{"@type":"SearchAction","target":{"@type":"EntryPoint","urlTemplate":"https:\/\/noaksark.org\/gvg\/en\/?s={search_term_string}"},"query-input":{"@type":"PropertyValueSpecification","valueRequired":true,"valueName":"search_term_string"}}],"inLanguage":"en-US"}]}},"_links":{"self":[{"href":"https:\/\/noaksark.org\/gvg\/en\/wp-json\/wp\/v2\/pages\/2674","targetHints":{"allow":["GET"]}}],"collection":[{"href":"https:\/\/noaksark.org\/gvg\/en\/wp-json\/wp\/v2\/pages"}],"about":[{"href":"https:\/\/noaksark.org\/gvg\/en\/wp-json\/wp\/v2\/types\/page"}],"author":[{"embeddable":true,"href":"https:\/\/noaksark.org\/gvg\/en\/wp-json\/wp\/v2\/users\/27"}],"replies":[{"embeddable":true,"href":"https:\/\/noaksark.org\/gvg\/en\/wp-json\/wp\/v2\/comments?post=2674"}],"version-history":[{"count":3,"href":"https:\/\/noaksark.org\/gvg\/en\/wp-json\/wp\/v2\/pages\/2674\/revisions"}],"predecessor-version":[{"id":2753,"href":"https:\/\/noaksark.org\/gvg\/en\/wp-json\/wp\/v2\/pages\/2674\/revisions\/2753"}],"up":[{"embeddable":true,"href":"https:\/\/noaksark.org\/gvg\/en\/wp-json\/wp\/v2\/pages\/2672"}],"wp:attachment":[{"href":"https:\/\/noaksark.org\/gvg\/en\/wp-json\/wp\/v2\/media?parent=2674"}],"curies":[{"name":"wp","href":"https:\/\/api.w.org\/{rel}","templated":true}]}}