{"id":2653,"date":"2022-11-23T15:13:27","date_gmt":"2022-11-23T14:13:27","guid":{"rendered":"https:\/\/noaksark.org\/gvg\/for-dig\/boka-forelasning\/"},"modified":"2023-06-09T10:10:55","modified_gmt":"2023-06-09T09:10:55","slug":"boka-forelasning","status":"publish","type":"page","link":"https:\/\/noaksark.org\/gvg\/en\/for-dig\/boka-forelasning\/","title":{"rendered":"Book a lecture"},"content":{"rendered":"\n<h2 class=\"wp-block-heading\" id=\"h-our-work\">Our work<\/h2>\n\n\n\n<p>A big part of our work is increasing knowledge and awareness around issues related to HIV and other sexually transmitted infections, as well as sexual and reproductive health and rights where our goal is to reduce stigma and discrimination around these issues. Our work is always based on four perspectives;<\/p>\n\n\n\n<ul class=\"wp-block-list\">\n<li>sex and relations perspective<\/li>\n\n\n\n<li>cultural perspective<\/li>\n\n\n\n<li>gender perspective<\/li>\n\n\n\n<li>gender equality perspective<\/li>\n<\/ul>\n\n\n\n<p>We offer various clients and other members of society (everything from private individuals, people living with HIV, young people, various professional groups, etc.) information and education as part of our preventive work. We tailor our lectures and education based on our client&#8217;s wishes and needs. We also take the target group with whom we are to communicate into consideration.<\/p>\n\n\n\n<p>We who work at Noaks Ark G\u00f6teborg and V\u00e4stra G\u00f6taland have a duty of confidentiality.<\/p>\n\n\n\n<p>Do you want us to come to your workplace or school? <a href=\"mailto:team@noaksark.org\">Drop us a few lines<\/a>\u00a0and we&#8217;ll get back to you as soon as possible!<\/p>\n\n\n\n<div class=\"wp-block-cover is-light\"><span aria-hidden=\"true\" class=\"wp-block-cover__background has-background-dim-0 has-background-dim\"><\/span><img decoding=\"async\" class=\"wp-block-cover__image-background wp-image-1322\" alt=\"\" src=\"https:\/\/noaksark.info\/wp-content\/uploads\/2022\/01\/20211207_093305-1024x768.jpg\" data-object-fit=\"cover\"\/><div class=\"wp-block-cover__inner-container is-layout-flow wp-block-cover-is-layout-flow\">\n<p class=\"has-text-align-center has-large-font-size\"><\/p>\n<\/div><\/div>\n\n\n\n<h2 class=\"wp-block-heading\" id=\"h-we-offer\">We offer<\/h2>\n\n\n\n<ul class=\"wp-block-list\">\n<li>Lectures<\/li>\n\n\n\n<li>Training courses<\/li>\n\n\n\n<li>Information desk<\/li>\n<\/ul>\n\n\n\n<h2 class=\"wp-block-heading\" id=\"h-target-groups\">Target groups<\/h2>\n\n\n\n<ul class=\"wp-block-list\">\n<li>Pupils and staff at junior and senior high schools<\/li>\n\n\n\n<li>Students and staff at universities and colleges<\/li>\n\n\n\n<li>Young people and staff at HVB homes<\/li>\n\n\n\n<li>Authorities<\/li>\n<\/ul>\n\n\n\n<p>If you want to book a lecture, discuss the possibility of training or have general questions about HIV and other sexually transmitted infections, you are welcome to\u00a0<a href=\"mailto:team@noaksark.org\">contact us!<\/a><\/p>\n","protected":false},"excerpt":{"rendered":"<p>Our work A big part of our work is increasing knowledge and awareness around issues related to HIV and other sexually transmitted infections, as well as sexual and reproductive health and rights where our goal&#8230;<\/p>\n","protected":false},"author":27,"featured_media":0,"parent":2650,"menu_order":0,"comment_status":"closed","ping_status":"closed","template":"","meta":{"_acf_changed":false,"footnotes":""},"class_list":["post-2653","page","type-page","status-publish","hentry"],"acf":[],"yoast_head":"<!-- This site is optimized with the Yoast SEO Premium plugin v27.4 (Yoast SEO v27.5) - https:\/\/yoast.com\/product\/yoast-seo-premium-wordpress\/ -->\n<title>Book a lecture - Noaks Ark G\u00f6teborg &amp; V\u00e4stra G\u00f6taland<\/title>\n<meta name=\"robots\" content=\"index, follow, max-snippet:-1, max-image-preview:large, max-video-preview:-1\" \/>\n<link rel=\"canonical\" href=\"https:\/\/noaksark.org\/gvg\/en\/for-dig\/boka-forelasning\/\" \/>\n<meta property=\"og:locale\" content=\"en_US\" \/>\n<meta property=\"og:type\" content=\"article\" \/>\n<meta property=\"og:title\" content=\"Book a lecture\" \/>\n<meta property=\"og:description\" content=\"Our work A big part of our work is increasing knowledge and awareness around issues related to HIV and other sexually transmitted infections, as well as sexual and reproductive health and rights where our goal...\" \/>\n<meta property=\"og:url\" content=\"https:\/\/noaksark.org\/gvg\/en\/for-dig\/boka-forelasning\/\" \/>\n<meta property=\"og:site_name\" content=\"Noaks Ark G\u00f6teborg &amp; V\u00e4stra G\u00f6taland\" \/>\n<meta property=\"article:modified_time\" content=\"2023-06-09T09:10:55+00:00\" \/>\n<meta property=\"og:image\" content=\"https:\/\/noaksark.info\/wp-content\/uploads\/2022\/01\/20211207_093305-1024x768.jpg\" \/>\n<meta name=\"twitter:card\" content=\"summary_large_image\" \/>\n<meta name=\"twitter:label1\" content=\"Est. reading time\" \/>\n\t<meta name=\"twitter:data1\" content=\"2 minutes\" \/>\n<script type=\"application\/ld+json\" class=\"yoast-schema-graph\">{\"@context\":\"https:\\\/\\\/schema.org\",\"@graph\":[{\"@type\":\"WebPage\",\"@id\":\"https:\\\/\\\/noaksark.org\\\/gvg\\\/en\\\/for-dig\\\/boka-forelasning\\\/\",\"url\":\"https:\\\/\\\/noaksark.org\\\/gvg\\\/en\\\/for-dig\\\/boka-forelasning\\\/\",\"name\":\"Book a lecture - Noaks Ark G\u00f6teborg &amp; V\u00e4stra G\u00f6taland\",\"isPartOf\":{\"@id\":\"https:\\\/\\\/noaksark.org\\\/gvg\\\/en\\\/#website\"},\"primaryImageOfPage\":{\"@id\":\"https:\\\/\\\/noaksark.org\\\/gvg\\\/en\\\/for-dig\\\/boka-forelasning\\\/#primaryimage\"},\"image\":{\"@id\":\"https:\\\/\\\/noaksark.org\\\/gvg\\\/en\\\/for-dig\\\/boka-forelasning\\\/#primaryimage\"},\"thumbnailUrl\":\"https:\\\/\\\/noaksark.info\\\/wp-content\\\/uploads\\\/2022\\\/01\\\/20211207_093305-1024x768.jpg\",\"datePublished\":\"2022-11-23T14:13:27+00:00\",\"dateModified\":\"2023-06-09T09:10:55+00:00\",\"breadcrumb\":{\"@id\":\"https:\\\/\\\/noaksark.org\\\/gvg\\\/en\\\/for-dig\\\/boka-forelasning\\\/#breadcrumb\"},\"inLanguage\":\"en-US\",\"potentialAction\":[{\"@type\":\"ReadAction\",\"target\":[\"https:\\\/\\\/noaksark.org\\\/gvg\\\/en\\\/for-dig\\\/boka-forelasning\\\/\"]}]},{\"@type\":\"ImageObject\",\"inLanguage\":\"en-US\",\"@id\":\"https:\\\/\\\/noaksark.org\\\/gvg\\\/en\\\/for-dig\\\/boka-forelasning\\\/#primaryimage\",\"url\":\"https:\\\/\\\/noaksark.info\\\/wp-content\\\/uploads\\\/2022\\\/01\\\/20211207_093305-1024x768.jpg\",\"contentUrl\":\"https:\\\/\\\/noaksark.info\\\/wp-content\\\/uploads\\\/2022\\\/01\\\/20211207_093305-1024x768.jpg\"},{\"@type\":\"BreadcrumbList\",\"@id\":\"https:\\\/\\\/noaksark.org\\\/gvg\\\/en\\\/for-dig\\\/boka-forelasning\\\/#breadcrumb\",\"itemListElement\":[{\"@type\":\"ListItem\",\"position\":1,\"name\":\"Home\",\"item\":\"https:\\\/\\\/noaksark.org\\\/gvg\\\/en\\\/\"},{\"@type\":\"ListItem\",\"position\":2,\"name\":\"For you\",\"item\":\"https:\\\/\\\/noaksark.org\\\/gvg\\\/en\\\/for-dig\\\/\"},{\"@type\":\"ListItem\",\"position\":3,\"name\":\"Book a lecture\"}]},{\"@type\":\"WebSite\",\"@id\":\"https:\\\/\\\/noaksark.org\\\/gvg\\\/en\\\/#website\",\"url\":\"https:\\\/\\\/noaksark.org\\\/gvg\\\/en\\\/\",\"name\":\"Noaks Ark G\u00f6teborg &amp; V\u00e4stra G\u00f6taland\",\"description\":\"\",\"potentialAction\":[{\"@type\":\"SearchAction\",\"target\":{\"@type\":\"EntryPoint\",\"urlTemplate\":\"https:\\\/\\\/noaksark.org\\\/gvg\\\/en\\\/?s={search_term_string}\"},\"query-input\":{\"@type\":\"PropertyValueSpecification\",\"valueRequired\":true,\"valueName\":\"search_term_string\"}}],\"inLanguage\":\"en-US\"}]}<\/script>\n<!-- \/ Yoast SEO Premium plugin. -->","yoast_head_json":{"title":"Book a lecture - Noaks Ark G\u00f6teborg &amp; V\u00e4stra G\u00f6taland","robots":{"index":"index","follow":"follow","max-snippet":"max-snippet:-1","max-image-preview":"max-image-preview:large","max-video-preview":"max-video-preview:-1"},"canonical":"https:\/\/noaksark.org\/gvg\/en\/for-dig\/boka-forelasning\/","og_locale":"en_US","og_type":"article","og_title":"Book a lecture","og_description":"Our work A big part of our work is increasing knowledge and awareness around issues related to HIV and other sexually transmitted infections, as well as sexual and reproductive health and rights where our goal...","og_url":"https:\/\/noaksark.org\/gvg\/en\/for-dig\/boka-forelasning\/","og_site_name":"Noaks Ark G\u00f6teborg &amp; V\u00e4stra G\u00f6taland","article_modified_time":"2023-06-09T09:10:55+00:00","og_image":[{"url":"https:\/\/noaksark.info\/wp-content\/uploads\/2022\/01\/20211207_093305-1024x768.jpg","type":"","width":"","height":""}],"twitter_card":"summary_large_image","twitter_misc":{"Est. reading time":"2 minutes"},"schema":{"@context":"https:\/\/schema.org","@graph":[{"@type":"WebPage","@id":"https:\/\/noaksark.org\/gvg\/en\/for-dig\/boka-forelasning\/","url":"https:\/\/noaksark.org\/gvg\/en\/for-dig\/boka-forelasning\/","name":"Book a lecture - Noaks Ark G\u00f6teborg &amp; V\u00e4stra G\u00f6taland","isPartOf":{"@id":"https:\/\/noaksark.org\/gvg\/en\/#website"},"primaryImageOfPage":{"@id":"https:\/\/noaksark.org\/gvg\/en\/for-dig\/boka-forelasning\/#primaryimage"},"image":{"@id":"https:\/\/noaksark.org\/gvg\/en\/for-dig\/boka-forelasning\/#primaryimage"},"thumbnailUrl":"https:\/\/noaksark.info\/wp-content\/uploads\/2022\/01\/20211207_093305-1024x768.jpg","datePublished":"2022-11-23T14:13:27+00:00","dateModified":"2023-06-09T09:10:55+00:00","breadcrumb":{"@id":"https:\/\/noaksark.org\/gvg\/en\/for-dig\/boka-forelasning\/#breadcrumb"},"inLanguage":"en-US","potentialAction":[{"@type":"ReadAction","target":["https:\/\/noaksark.org\/gvg\/en\/for-dig\/boka-forelasning\/"]}]},{"@type":"ImageObject","inLanguage":"en-US","@id":"https:\/\/noaksark.org\/gvg\/en\/for-dig\/boka-forelasning\/#primaryimage","url":"https:\/\/noaksark.info\/wp-content\/uploads\/2022\/01\/20211207_093305-1024x768.jpg","contentUrl":"https:\/\/noaksark.info\/wp-content\/uploads\/2022\/01\/20211207_093305-1024x768.jpg"},{"@type":"BreadcrumbList","@id":"https:\/\/noaksark.org\/gvg\/en\/for-dig\/boka-forelasning\/#breadcrumb","itemListElement":[{"@type":"ListItem","position":1,"name":"Home","item":"https:\/\/noaksark.org\/gvg\/en\/"},{"@type":"ListItem","position":2,"name":"For you","item":"https:\/\/noaksark.org\/gvg\/en\/for-dig\/"},{"@type":"ListItem","position":3,"name":"Book a lecture"}]},{"@type":"WebSite","@id":"https:\/\/noaksark.org\/gvg\/en\/#website","url":"https:\/\/noaksark.org\/gvg\/en\/","name":"Noaks Ark G\u00f6teborg &amp; V\u00e4stra G\u00f6taland","description":"","potentialAction":[{"@type":"SearchAction","target":{"@type":"EntryPoint","urlTemplate":"https:\/\/noaksark.org\/gvg\/en\/?s={search_term_string}"},"query-input":{"@type":"PropertyValueSpecification","valueRequired":true,"valueName":"search_term_string"}}],"inLanguage":"en-US"}]}},"_links":{"self":[{"href":"https:\/\/noaksark.org\/gvg\/en\/wp-json\/wp\/v2\/pages\/2653","targetHints":{"allow":["GET"]}}],"collection":[{"href":"https:\/\/noaksark.org\/gvg\/en\/wp-json\/wp\/v2\/pages"}],"about":[{"href":"https:\/\/noaksark.org\/gvg\/en\/wp-json\/wp\/v2\/types\/page"}],"author":[{"embeddable":true,"href":"https:\/\/noaksark.org\/gvg\/en\/wp-json\/wp\/v2\/users\/27"}],"replies":[{"embeddable":true,"href":"https:\/\/noaksark.org\/gvg\/en\/wp-json\/wp\/v2\/comments?post=2653"}],"version-history":[{"count":1,"href":"https:\/\/noaksark.org\/gvg\/en\/wp-json\/wp\/v2\/pages\/2653\/revisions"}],"predecessor-version":[{"id":2655,"href":"https:\/\/noaksark.org\/gvg\/en\/wp-json\/wp\/v2\/pages\/2653\/revisions\/2655"}],"up":[{"embeddable":true,"href":"https:\/\/noaksark.org\/gvg\/en\/wp-json\/wp\/v2\/pages\/2650"}],"wp:attachment":[{"href":"https:\/\/noaksark.org\/gvg\/en\/wp-json\/wp\/v2\/media?parent=2653"}],"curies":[{"name":"wp","href":"https:\/\/api.w.org\/{rel}","templated":true}]}}