{"id":8170,"date":"2023-05-29T12:19:52","date_gmt":"2023-05-29T10:19:52","guid":{"rendered":"https:\/\/noaksark.org\/for-dig\/for-dig-i-din-yrkesroll\/utbildning\/aktuella-webbinarier-kurser\/"},"modified":"2025-09-05T10:22:15","modified_gmt":"2025-09-05T08:22:15","slug":"aktuella-webbinarier-och-utbildningar","status":"publish","type":"page","link":"https:\/\/noaksark.org\/en\/utbildningar\/aktuella-webbinarier-och-utbildningar\/","title":{"rendered":"Current webinars &amp; training"},"content":{"rendered":"\n<h5 class=\"wp-block-heading\" id=\"h-basic-training-fall-2025\"><strong>Basic training fall 2025<\/strong><\/h5>\n\n\n\n<p>Information regarding Basic training will be announced early 2025.<\/p>\n\n\n\n<p><strong>Free training<\/strong> is conducted digitally. Register your interest now at <a href=\"mailto:osa@noaksark.org\" target=\"_blank\" rel=\"noreferrer noopener\">osa@noaksark.org<\/a>.<\/p>\n\n\n\n<p>Do you have questions about the training?<br>Send your questions to&nbsp;<a href=\"mailto:basutbildning@noaksark.org\">basutbildning@noaksark.org<\/a>.<\/p>\n\n\n\n<figure class=\"wp-block-image size-large\"><img loading=\"lazy\" decoding=\"async\" width=\"1024\" height=\"683\" src=\"https:\/\/noaksark.org\/wp-content\/uploads\/2025\/09\/noaksark-basutbildning-1-1024x683.jpg\" alt=\"Three adults listening to person talking out of screen\" class=\"wp-image-9578\" srcset=\"https:\/\/noaksark.org\/wp-content\/uploads\/2025\/09\/noaksark-basutbildning-1-1024x683.jpg 1024w, https:\/\/noaksark.org\/wp-content\/uploads\/2025\/09\/noaksark-basutbildning-1-300x200.jpg 300w, https:\/\/noaksark.org\/wp-content\/uploads\/2025\/09\/noaksark-basutbildning-1-768x512.jpg 768w, https:\/\/noaksark.org\/wp-content\/uploads\/2025\/09\/noaksark-basutbildning-1-150x100.jpg 150w, https:\/\/noaksark.org\/wp-content\/uploads\/2025\/09\/noaksark-basutbildning-1-1152x768.jpg 1152w, https:\/\/noaksark.org\/wp-content\/uploads\/2025\/09\/noaksark-basutbildning-1.jpg 1500w\" sizes=\"auto, (max-width: 1024px) 100vw, 1024px\" \/><\/figure>\n","protected":false},"excerpt":{"rendered":"<p>Basic training fall 2025 Information regarding Basic training will be announced early 2025. Free training is conducted digitally. Register your interest now at osa@noaksark.org. Do you have questions about the training?Send your questions to&nbsp;basutbildning@noaksark.org.<\/p>\n","protected":false},"author":1,"featured_media":0,"parent":8875,"menu_order":0,"comment_status":"closed","ping_status":"closed","template":"","meta":{"_acf_changed":false,"footnotes":""},"class_list":["post-8170","page","type-page","status-publish","hentry"],"acf":[],"yoast_head":"<!-- This site is optimized with the Yoast SEO Premium plugin v27.3 (Yoast SEO v27.4) - https:\/\/yoast.com\/product\/yoast-seo-premium-wordpress\/ -->\n<title>Current webinars &amp; training - Noaks Ark<\/title>\n<meta name=\"description\" content=\"Webbinarier &amp; kurser. I h\u00f6stens basutbildning f\u00e5r du l\u00e4ra dig fakta om hiv i flera olika perspektiv tillsammans med kompetenta f\u00f6rel\u00e4sare.\" \/>\n<meta name=\"robots\" content=\"index, follow, max-snippet:-1, max-image-preview:large, max-video-preview:-1\" \/>\n<link rel=\"canonical\" href=\"https:\/\/noaksark.org\/en\/utbildningar\/aktuella-webbinarier-och-utbildningar\/\" \/>\n<meta property=\"og:locale\" content=\"en_US\" \/>\n<meta property=\"og:type\" content=\"article\" \/>\n<meta property=\"og:title\" content=\"Current webinars &amp; training\" \/>\n<meta property=\"og:description\" content=\"Webbinarier &amp; kurser. I h\u00f6stens basutbildning f\u00e5r du l\u00e4ra dig fakta om hiv i flera olika perspektiv tillsammans med kompetenta f\u00f6rel\u00e4sare.\" \/>\n<meta property=\"og:url\" content=\"https:\/\/noaksark.org\/en\/utbildningar\/aktuella-webbinarier-och-utbildningar\/\" \/>\n<meta property=\"og:site_name\" content=\"Noaks Ark\" \/>\n<meta property=\"article:modified_time\" content=\"2025-09-05T08:22:15+00:00\" \/>\n<meta property=\"og:image\" content=\"https:\/\/noaksark.org\/wp-content\/uploads\/2025\/09\/noaksark-basutbildning-1.jpg\" \/>\n\t<meta property=\"og:image:width\" content=\"1500\" \/>\n\t<meta property=\"og:image:height\" content=\"1000\" \/>\n\t<meta property=\"og:image:type\" content=\"image\/jpeg\" \/>\n<meta name=\"twitter:card\" content=\"summary_large_image\" \/>\n<meta name=\"twitter:label1\" content=\"Est. reading time\" \/>\n\t<meta name=\"twitter:data1\" content=\"1 minute\" \/>\n<script type=\"application\/ld+json\" class=\"yoast-schema-graph\">{\"@context\":\"https:\\\/\\\/schema.org\",\"@graph\":[{\"@type\":\"WebPage\",\"@id\":\"https:\\\/\\\/noaksark.org\\\/en\\\/utbildningar\\\/aktuella-webbinarier-och-utbildningar\\\/\",\"url\":\"https:\\\/\\\/noaksark.org\\\/en\\\/utbildningar\\\/aktuella-webbinarier-och-utbildningar\\\/\",\"name\":\"Current webinars &amp; training - Noaks Ark\",\"isPartOf\":{\"@id\":\"https:\\\/\\\/noaksark.org\\\/en\\\/#website\"},\"primaryImageOfPage\":{\"@id\":\"https:\\\/\\\/noaksark.org\\\/en\\\/utbildningar\\\/aktuella-webbinarier-och-utbildningar\\\/#primaryimage\"},\"image\":{\"@id\":\"https:\\\/\\\/noaksark.org\\\/en\\\/utbildningar\\\/aktuella-webbinarier-och-utbildningar\\\/#primaryimage\"},\"thumbnailUrl\":\"https:\\\/\\\/noaksark.org\\\/wp-content\\\/uploads\\\/2025\\\/09\\\/noaksark-basutbildning-1-1024x683.jpg\",\"datePublished\":\"2023-05-29T10:19:52+00:00\",\"dateModified\":\"2025-09-05T08:22:15+00:00\",\"description\":\"Webbinarier & kurser. I h\u00f6stens basutbildning f\u00e5r du l\u00e4ra dig fakta om hiv i flera olika perspektiv tillsammans med kompetenta f\u00f6rel\u00e4sare.\",\"breadcrumb\":{\"@id\":\"https:\\\/\\\/noaksark.org\\\/en\\\/utbildningar\\\/aktuella-webbinarier-och-utbildningar\\\/#breadcrumb\"},\"inLanguage\":\"en-US\",\"potentialAction\":[{\"@type\":\"ReadAction\",\"target\":[\"https:\\\/\\\/noaksark.org\\\/en\\\/utbildningar\\\/aktuella-webbinarier-och-utbildningar\\\/\"]}]},{\"@type\":\"ImageObject\",\"inLanguage\":\"en-US\",\"@id\":\"https:\\\/\\\/noaksark.org\\\/en\\\/utbildningar\\\/aktuella-webbinarier-och-utbildningar\\\/#primaryimage\",\"url\":\"https:\\\/\\\/noaksark.org\\\/wp-content\\\/uploads\\\/2025\\\/09\\\/noaksark-basutbildning-1-1024x683.jpg\",\"contentUrl\":\"https:\\\/\\\/noaksark.org\\\/wp-content\\\/uploads\\\/2025\\\/09\\\/noaksark-basutbildning-1-1024x683.jpg\"},{\"@type\":\"BreadcrumbList\",\"@id\":\"https:\\\/\\\/noaksark.org\\\/en\\\/utbildningar\\\/aktuella-webbinarier-och-utbildningar\\\/#breadcrumb\",\"itemListElement\":[{\"@type\":\"ListItem\",\"position\":1,\"name\":\"Home\",\"item\":\"https:\\\/\\\/noaksark.org\\\/en\\\/\"},{\"@type\":\"ListItem\",\"position\":2,\"name\":\"Training\",\"item\":\"https:\\\/\\\/noaksark.org\\\/en\\\/utbildningar\\\/\"},{\"@type\":\"ListItem\",\"position\":3,\"name\":\"Current webinars &amp; training\"}]},{\"@type\":\"WebSite\",\"@id\":\"https:\\\/\\\/noaksark.org\\\/en\\\/#website\",\"url\":\"https:\\\/\\\/noaksark.org\\\/en\\\/\",\"name\":\"Noaks Ark\",\"description\":\"Riks\",\"potentialAction\":[{\"@type\":\"SearchAction\",\"target\":{\"@type\":\"EntryPoint\",\"urlTemplate\":\"https:\\\/\\\/noaksark.org\\\/en\\\/?s={search_term_string}\"},\"query-input\":{\"@type\":\"PropertyValueSpecification\",\"valueRequired\":true,\"valueName\":\"search_term_string\"}}],\"inLanguage\":\"en-US\"}]}<\/script>\n<!-- \/ Yoast SEO Premium plugin. -->","yoast_head_json":{"title":"Current webinars &amp; training - Noaks Ark","description":"Webbinarier & kurser. I h\u00f6stens basutbildning f\u00e5r du l\u00e4ra dig fakta om hiv i flera olika perspektiv tillsammans med kompetenta f\u00f6rel\u00e4sare.","robots":{"index":"index","follow":"follow","max-snippet":"max-snippet:-1","max-image-preview":"max-image-preview:large","max-video-preview":"max-video-preview:-1"},"canonical":"https:\/\/noaksark.org\/en\/utbildningar\/aktuella-webbinarier-och-utbildningar\/","og_locale":"en_US","og_type":"article","og_title":"Current webinars &amp; training","og_description":"Webbinarier & kurser. I h\u00f6stens basutbildning f\u00e5r du l\u00e4ra dig fakta om hiv i flera olika perspektiv tillsammans med kompetenta f\u00f6rel\u00e4sare.","og_url":"https:\/\/noaksark.org\/en\/utbildningar\/aktuella-webbinarier-och-utbildningar\/","og_site_name":"Noaks Ark","article_modified_time":"2025-09-05T08:22:15+00:00","og_image":[{"width":1500,"height":1000,"url":"https:\/\/noaksark.org\/wp-content\/uploads\/2025\/09\/noaksark-basutbildning-1.jpg","type":"image\/jpeg"}],"twitter_card":"summary_large_image","twitter_misc":{"Est. reading time":"1 minute"},"schema":{"@context":"https:\/\/schema.org","@graph":[{"@type":"WebPage","@id":"https:\/\/noaksark.org\/en\/utbildningar\/aktuella-webbinarier-och-utbildningar\/","url":"https:\/\/noaksark.org\/en\/utbildningar\/aktuella-webbinarier-och-utbildningar\/","name":"Current webinars &amp; training - Noaks Ark","isPartOf":{"@id":"https:\/\/noaksark.org\/en\/#website"},"primaryImageOfPage":{"@id":"https:\/\/noaksark.org\/en\/utbildningar\/aktuella-webbinarier-och-utbildningar\/#primaryimage"},"image":{"@id":"https:\/\/noaksark.org\/en\/utbildningar\/aktuella-webbinarier-och-utbildningar\/#primaryimage"},"thumbnailUrl":"https:\/\/noaksark.org\/wp-content\/uploads\/2025\/09\/noaksark-basutbildning-1-1024x683.jpg","datePublished":"2023-05-29T10:19:52+00:00","dateModified":"2025-09-05T08:22:15+00:00","description":"Webbinarier & kurser. I h\u00f6stens basutbildning f\u00e5r du l\u00e4ra dig fakta om hiv i flera olika perspektiv tillsammans med kompetenta f\u00f6rel\u00e4sare.","breadcrumb":{"@id":"https:\/\/noaksark.org\/en\/utbildningar\/aktuella-webbinarier-och-utbildningar\/#breadcrumb"},"inLanguage":"en-US","potentialAction":[{"@type":"ReadAction","target":["https:\/\/noaksark.org\/en\/utbildningar\/aktuella-webbinarier-och-utbildningar\/"]}]},{"@type":"ImageObject","inLanguage":"en-US","@id":"https:\/\/noaksark.org\/en\/utbildningar\/aktuella-webbinarier-och-utbildningar\/#primaryimage","url":"https:\/\/noaksark.org\/wp-content\/uploads\/2025\/09\/noaksark-basutbildning-1-1024x683.jpg","contentUrl":"https:\/\/noaksark.org\/wp-content\/uploads\/2025\/09\/noaksark-basutbildning-1-1024x683.jpg"},{"@type":"BreadcrumbList","@id":"https:\/\/noaksark.org\/en\/utbildningar\/aktuella-webbinarier-och-utbildningar\/#breadcrumb","itemListElement":[{"@type":"ListItem","position":1,"name":"Home","item":"https:\/\/noaksark.org\/en\/"},{"@type":"ListItem","position":2,"name":"Training","item":"https:\/\/noaksark.org\/en\/utbildningar\/"},{"@type":"ListItem","position":3,"name":"Current webinars &amp; training"}]},{"@type":"WebSite","@id":"https:\/\/noaksark.org\/en\/#website","url":"https:\/\/noaksark.org\/en\/","name":"Noaks Ark","description":"Riks","potentialAction":[{"@type":"SearchAction","target":{"@type":"EntryPoint","urlTemplate":"https:\/\/noaksark.org\/en\/?s={search_term_string}"},"query-input":{"@type":"PropertyValueSpecification","valueRequired":true,"valueName":"search_term_string"}}],"inLanguage":"en-US"}]}},"_links":{"self":[{"href":"https:\/\/noaksark.org\/en\/wp-json\/wp\/v2\/pages\/8170","targetHints":{"allow":["GET"]}}],"collection":[{"href":"https:\/\/noaksark.org\/en\/wp-json\/wp\/v2\/pages"}],"about":[{"href":"https:\/\/noaksark.org\/en\/wp-json\/wp\/v2\/types\/page"}],"author":[{"embeddable":true,"href":"https:\/\/noaksark.org\/en\/wp-json\/wp\/v2\/users\/1"}],"replies":[{"embeddable":true,"href":"https:\/\/noaksark.org\/en\/wp-json\/wp\/v2\/comments?post=8170"}],"version-history":[{"count":6,"href":"https:\/\/noaksark.org\/en\/wp-json\/wp\/v2\/pages\/8170\/revisions"}],"predecessor-version":[{"id":9585,"href":"https:\/\/noaksark.org\/en\/wp-json\/wp\/v2\/pages\/8170\/revisions\/9585"}],"up":[{"embeddable":true,"href":"https:\/\/noaksark.org\/en\/wp-json\/wp\/v2\/pages\/8875"}],"wp:attachment":[{"href":"https:\/\/noaksark.org\/en\/wp-json\/wp\/v2\/media?parent=8170"}],"curies":[{"name":"wp","href":"https:\/\/api.w.org\/{rel}","templated":true}]}}