{"id":7127,"date":"2022-11-17T10:10:15","date_gmt":"2022-11-17T09:10:15","guid":{"rendered":"https:\/\/noaksark.org\/stod-oss\/volontar\/"},"modified":"2023-06-12T10:18:43","modified_gmt":"2023-06-12T09:18:43","slug":"volontar","status":"publish","type":"page","link":"https:\/\/noaksark.org\/en\/stod-oss\/volontar\/","title":{"rendered":"Volunteer"},"content":{"rendered":"\n<p>Give us some of your time. You are welcome to get involved in Noaks Ark&#8217;s work.<\/p>\n\n\n\n<p>Through our voluntary employees, we can help more people and tap into a broader competence than what would be possible with only our regular employed staff.<\/p>\n\n\n\n<h2 class=\"wp-block-heading\" id=\"h-everyone-is-welcome\">Everyone is welcome<\/h2>\n\n\n\n<p>Working as a volunteer means that you offer your services voluntarily and without compensation. Everyone, regardless of education or professional background, is welcome to apply for a volunteer assignment at Noaks Ark. Surely you have experience and knowledge that are valuable for Noaks Ark. If you have experience with HIV\/AIDS, it is a plus but not a requirement. The main thing is that you are motivated and want to make a difference.<\/p>\n\n\n\n<p>We who work at Noaks Ark have varied professional backgrounds. The staff and volunteers include doctors, nurses, sociologists, assistant nurses, teachers, carpenters, and priests. Of course, both staff and volunteers have a duty of confidentiality.<\/p>\n\n\n\n<p>The assignments as a volunteer vary. It can be helping at dinners or at our test receptions, being a host at one of our courses, or helping us spread information through social media. You don&#8217;t have to visit Noaks Ark to help. You can get your workplace involved by starting a sponsor day, booking a lecture, or making a study visit.<\/p>\n\n\n\n<div class=\"wp-block-contact-form-7-contact-form-selector\">\n<div class=\"wpcf7 no-js\" id=\"wpcf7-f7241-o1\" lang=\"en-US\" dir=\"ltr\" data-wpcf7-id=\"7241\">\n<div class=\"screen-reader-response\"><p role=\"status\" aria-live=\"polite\" aria-atomic=\"true\"><\/p> <ul><\/ul><\/div>\n<form action=\"\/en\/wp-json\/wp\/v2\/pages\/7127#wpcf7-f7241-o1\" method=\"post\" class=\"wpcf7-form init\" aria-label=\"Contact form\" novalidate=\"novalidate\" data-status=\"init\">\n<fieldset class=\"hidden-fields-container\"><input type=\"hidden\" name=\"_wpcf7\" value=\"7241\" \/><input type=\"hidden\" name=\"_wpcf7_version\" value=\"6.1.5\" \/><input type=\"hidden\" name=\"_wpcf7_locale\" value=\"en_US\" \/><input type=\"hidden\" name=\"_wpcf7_unit_tag\" value=\"wpcf7-f7241-o1\" \/><input type=\"hidden\" name=\"_wpcf7_container_post\" value=\"0\" \/><input type=\"hidden\" name=\"_wpcf7_posted_data_hash\" value=\"\" \/><input type=\"hidden\" name=\"_wpcf7_recaptcha_response\" value=\"\" \/>\n<\/fieldset>\n<div class=\"business-partner-form p-3\">\n\t<h4>Do you want to become one of us?\n\t<\/h4>\n\t<p>Send an application via the form below and tell us a little bit about yourself. We will contact you as soon as possible.\n\t<\/p>\n\t<div class=\"col-sm-12\">\n\t\t<h6>Select local association\n\t\t<\/h6>\n\t\t<p><span class=\"wpcf7-form-control-wrap\" data-name=\"your-recipient\"><select class=\"wpcf7-form-control wpcf7-select wpcf7-validates-as-required form-select\" aria-required=\"true\" aria-invalid=\"false\" name=\"your-recipient\"><option value=\"Norra Norrland\">Norra Norrland<\/option><option value=\"\u00d6sterg\u00f6tland\">\u00d6sterg\u00f6tland<\/option><option value=\"G\u00f6teborg &amp; V\u00e4stra G\u00f6taland\">G\u00f6teborg &amp; V\u00e4stra G\u00f6taland<\/option><option value=\"Stockholm\">Stockholm<\/option><option value=\"Sm\u00e5land &amp; Halland\">Sm\u00e5land &amp; Halland<\/option><option value=\"Mosaik\">Mosaik<\/option><\/select><\/span>\n\t\t<\/p>\n\t<\/div>\n\t<div class=\"row\">\n\t\t<div class=\"col-sm-12\">\n\t\t\t<h6>Name\n\t\t\t<\/h6>\n\t\t\t<p><span class=\"wpcf7-form-control-wrap\" data-name=\"your-name\"><input size=\"40\" maxlength=\"400\" class=\"wpcf7-form-control wpcf7-text wpcf7-validates-as-required form-control\" aria-required=\"true\" aria-invalid=\"false\" value=\"\" type=\"text\" name=\"your-name\" \/><\/span>\n\t\t\t<\/p>\n\t\t<\/div>\n\t\t<div class=\"col-sm-12 col-lg-6\">\n\t\t\t<h6>Phone number\n\t\t\t<\/h6>\n\t\t\t<p><span class=\"wpcf7-form-control-wrap\" data-name=\"phone-number\"><input size=\"40\" maxlength=\"400\" class=\"wpcf7-form-control wpcf7-text form-control\" aria-invalid=\"false\" value=\"\" type=\"text\" name=\"phone-number\" \/><\/span>\n\t\t\t<\/p>\n\t\t<\/div>\n\t\t<div class=\"col-sm-12 col-lg-6\">\n\t\t\t<h6>E-mail\n\t\t\t<\/h6>\n\t\t\t<p><span class=\"wpcf7-form-control-wrap\" data-name=\"your-email\"><input size=\"40\" maxlength=\"400\" class=\"wpcf7-form-control wpcf7-email wpcf7-validates-as-required wpcf7-text wpcf7-validates-as-email form-control\" aria-required=\"true\" aria-invalid=\"false\" value=\"\" type=\"email\" name=\"your-email\" \/><\/span>\n\t\t\t<\/p>\n\t\t<\/div>\n\t\t<div class=\"col-sm-12\">\n\t\t\t<h6>Your message\n\t\t\t<\/h6>\n\t\t\t<p><span class=\"wpcf7-form-control-wrap\" data-name=\"your-message\"><textarea cols=\"40\" rows=\"10\" maxlength=\"2000\" class=\"wpcf7-form-control wpcf7-textarea form-control\" aria-invalid=\"false\" name=\"your-message\"><\/textarea><\/span>\n\t\t\t<\/p>\n\t\t<\/div>\n\t\t<p><span class=\"wpcf7-form-control-wrap\" data-name=\"acceptance-41\"><span class=\"wpcf7-form-control wpcf7-acceptance\"><span class=\"wpcf7-list-item\"><label><input type=\"checkbox\" name=\"acceptance-41\" value=\"1\" aria-invalid=\"false\" \/><span class=\"wpcf7-list-item-label\">I approve  Noaks Arks <a href=\"https:\/\/noaksark.org\/en\/om-oss\/personuppgiftspolicy\/\">processing of my personal data.<\/a><\/span><\/label><\/span><\/span><\/span>\n\t\t<\/p>\n\t\t<p><input class=\"wpcf7-form-control wpcf7-submit has-spinner\" type=\"submit\" value=\"Send\" \/>\n\t\t<\/p>\n\t\t<p><a href=\"https:\/\/noaksark.org\/en\/om-oss\/kontakta-oss\/\">Contact us if you have any questions!<\/a>\n\t\t<\/p>\n\t<\/div>\n<\/div><div class=\"wpcf7-response-output\" aria-hidden=\"true\"><\/div>\n<\/form>\n<\/div>\n<\/div>\n","protected":false},"excerpt":{"rendered":"<p>Give us some of your time. You are welcome to get involved in Noaks Ark&#8217;s work. Through our voluntary employees, we can help more people and tap into a broader competence than what would be&#8230;<\/p>\n","protected":false},"author":1,"featured_media":0,"parent":7113,"menu_order":0,"comment_status":"closed","ping_status":"closed","template":"","meta":{"_acf_changed":false,"footnotes":""},"class_list":["post-7127","page","type-page","status-publish","hentry"],"acf":[],"yoast_head":"<!-- This site is optimized with the Yoast SEO Premium plugin v27.5 (Yoast SEO v27.6) - https:\/\/yoast.com\/product\/yoast-seo-premium-wordpress\/ -->\n<title>Volunteer - Noaks Ark<\/title>\n<meta name=\"robots\" content=\"index, follow, max-snippet:-1, max-image-preview:large, max-video-preview:-1\" \/>\n<link rel=\"canonical\" href=\"https:\/\/noaksark.org\/en\/stod-oss\/volontar\/\" \/>\n<meta property=\"og:locale\" content=\"en_US\" \/>\n<meta property=\"og:type\" content=\"article\" \/>\n<meta property=\"og:title\" content=\"Volunteer\" \/>\n<meta property=\"og:description\" content=\"Give us some of your time. You are welcome to get involved in Noaks Ark&#8217;s work. Through our voluntary employees, we can help more people and tap into a broader competence than what would be...\" \/>\n<meta property=\"og:url\" content=\"https:\/\/noaksark.org\/en\/stod-oss\/volontar\/\" \/>\n<meta property=\"og:site_name\" content=\"Noaks Ark\" \/>\n<meta property=\"article:modified_time\" content=\"2023-06-12T09:18:43+00:00\" \/>\n<meta name=\"twitter:card\" content=\"summary_large_image\" \/>\n<meta name=\"twitter:label1\" content=\"Est. reading time\" \/>\n\t<meta name=\"twitter:data1\" content=\"2 minutes\" \/>\n<script type=\"application\/ld+json\" class=\"yoast-schema-graph\">{\"@context\":\"https:\\\/\\\/schema.org\",\"@graph\":[{\"@type\":\"WebPage\",\"@id\":\"https:\\\/\\\/noaksark.org\\\/en\\\/stod-oss\\\/volontar\\\/\",\"url\":\"https:\\\/\\\/noaksark.org\\\/en\\\/stod-oss\\\/volontar\\\/\",\"name\":\"Volunteer - Noaks Ark\",\"isPartOf\":{\"@id\":\"https:\\\/\\\/noaksark.org\\\/en\\\/#website\"},\"datePublished\":\"2022-11-17T09:10:15+00:00\",\"dateModified\":\"2023-06-12T09:18:43+00:00\",\"breadcrumb\":{\"@id\":\"https:\\\/\\\/noaksark.org\\\/en\\\/stod-oss\\\/volontar\\\/#breadcrumb\"},\"inLanguage\":\"en-US\",\"potentialAction\":[{\"@type\":\"ReadAction\",\"target\":[\"https:\\\/\\\/noaksark.org\\\/en\\\/stod-oss\\\/volontar\\\/\"]}]},{\"@type\":\"BreadcrumbList\",\"@id\":\"https:\\\/\\\/noaksark.org\\\/en\\\/stod-oss\\\/volontar\\\/#breadcrumb\",\"itemListElement\":[{\"@type\":\"ListItem\",\"position\":1,\"name\":\"Home\",\"item\":\"https:\\\/\\\/noaksark.org\\\/en\\\/\"},{\"@type\":\"ListItem\",\"position\":2,\"name\":\"Support us\",\"item\":\"https:\\\/\\\/noaksark.org\\\/en\\\/stod-oss\\\/\"},{\"@type\":\"ListItem\",\"position\":3,\"name\":\"Volunteer\"}]},{\"@type\":\"WebSite\",\"@id\":\"https:\\\/\\\/noaksark.org\\\/en\\\/#website\",\"url\":\"https:\\\/\\\/noaksark.org\\\/en\\\/\",\"name\":\"Noaks Ark\",\"description\":\"Riks\",\"potentialAction\":[{\"@type\":\"SearchAction\",\"target\":{\"@type\":\"EntryPoint\",\"urlTemplate\":\"https:\\\/\\\/noaksark.org\\\/en\\\/?s={search_term_string}\"},\"query-input\":{\"@type\":\"PropertyValueSpecification\",\"valueRequired\":true,\"valueName\":\"search_term_string\"}}],\"inLanguage\":\"en-US\"}]}<\/script>\n<!-- \/ Yoast SEO Premium plugin. -->","yoast_head_json":{"title":"Volunteer - Noaks Ark","robots":{"index":"index","follow":"follow","max-snippet":"max-snippet:-1","max-image-preview":"max-image-preview:large","max-video-preview":"max-video-preview:-1"},"canonical":"https:\/\/noaksark.org\/en\/stod-oss\/volontar\/","og_locale":"en_US","og_type":"article","og_title":"Volunteer","og_description":"Give us some of your time. You are welcome to get involved in Noaks Ark&#8217;s work. Through our voluntary employees, we can help more people and tap into a broader competence than what would be...","og_url":"https:\/\/noaksark.org\/en\/stod-oss\/volontar\/","og_site_name":"Noaks Ark","article_modified_time":"2023-06-12T09:18:43+00:00","twitter_card":"summary_large_image","twitter_misc":{"Est. reading time":"2 minutes"},"schema":{"@context":"https:\/\/schema.org","@graph":[{"@type":"WebPage","@id":"https:\/\/noaksark.org\/en\/stod-oss\/volontar\/","url":"https:\/\/noaksark.org\/en\/stod-oss\/volontar\/","name":"Volunteer - Noaks Ark","isPartOf":{"@id":"https:\/\/noaksark.org\/en\/#website"},"datePublished":"2022-11-17T09:10:15+00:00","dateModified":"2023-06-12T09:18:43+00:00","breadcrumb":{"@id":"https:\/\/noaksark.org\/en\/stod-oss\/volontar\/#breadcrumb"},"inLanguage":"en-US","potentialAction":[{"@type":"ReadAction","target":["https:\/\/noaksark.org\/en\/stod-oss\/volontar\/"]}]},{"@type":"BreadcrumbList","@id":"https:\/\/noaksark.org\/en\/stod-oss\/volontar\/#breadcrumb","itemListElement":[{"@type":"ListItem","position":1,"name":"Home","item":"https:\/\/noaksark.org\/en\/"},{"@type":"ListItem","position":2,"name":"Support us","item":"https:\/\/noaksark.org\/en\/stod-oss\/"},{"@type":"ListItem","position":3,"name":"Volunteer"}]},{"@type":"WebSite","@id":"https:\/\/noaksark.org\/en\/#website","url":"https:\/\/noaksark.org\/en\/","name":"Noaks Ark","description":"Riks","potentialAction":[{"@type":"SearchAction","target":{"@type":"EntryPoint","urlTemplate":"https:\/\/noaksark.org\/en\/?s={search_term_string}"},"query-input":{"@type":"PropertyValueSpecification","valueRequired":true,"valueName":"search_term_string"}}],"inLanguage":"en-US"}]}},"_links":{"self":[{"href":"https:\/\/noaksark.org\/en\/wp-json\/wp\/v2\/pages\/7127","targetHints":{"allow":["GET"]}}],"collection":[{"href":"https:\/\/noaksark.org\/en\/wp-json\/wp\/v2\/pages"}],"about":[{"href":"https:\/\/noaksark.org\/en\/wp-json\/wp\/v2\/types\/page"}],"author":[{"embeddable":true,"href":"https:\/\/noaksark.org\/en\/wp-json\/wp\/v2\/users\/1"}],"replies":[{"embeddable":true,"href":"https:\/\/noaksark.org\/en\/wp-json\/wp\/v2\/comments?post=7127"}],"version-history":[{"count":3,"href":"https:\/\/noaksark.org\/en\/wp-json\/wp\/v2\/pages\/7127\/revisions"}],"predecessor-version":[{"id":7242,"href":"https:\/\/noaksark.org\/en\/wp-json\/wp\/v2\/pages\/7127\/revisions\/7242"}],"up":[{"embeddable":true,"href":"https:\/\/noaksark.org\/en\/wp-json\/wp\/v2\/pages\/7113"}],"wp:attachment":[{"href":"https:\/\/noaksark.org\/en\/wp-json\/wp\/v2\/media?parent=7127"}],"curies":[{"name":"wp","href":"https:\/\/api.w.org\/{rel}","templated":true}]}}