{"id":7118,"date":"2022-11-17T10:10:51","date_gmt":"2022-11-17T09:10:51","guid":{"rendered":"https:\/\/noaksark.org\/stod-oss\/bli-medlem\/"},"modified":"2023-06-12T10:13:29","modified_gmt":"2023-06-12T09:13:29","slug":"bli-medlem","status":"publish","type":"page","link":"https:\/\/noaksark.org\/en\/stod-oss\/bli-medlem\/","title":{"rendered":"Membership"},"content":{"rendered":"\n<p>Do you want to take a strong statement that HIV should be treated to protect both the person living with HIV and others? Become a member! As a member, you make an active choice to be a part of stopping HIV, discrimination, and exclusion.<\/p>\n\n\n\n<p>For over three decades, we have gathered knowledge and experience under one roof and have been involved both locally and globally. Ever since the start in 1986, the work has been developed together with people living with HIV and their relatives, and integrated support with knowledge. Every year, we help thousands of HIV-positive people and their relatives to get back to living their lives.<\/p>\n\n\n\n<p>As a member, you can participate in the association&#8217;s annual meeting, elect the board, and be elected to positions of trust.<\/p>\n\n\n\n<div class=\"wp-block-contact-form-7-contact-form-selector\">\n<div class=\"wpcf7 no-js\" id=\"wpcf7-f7239-o1\" lang=\"en-US\" dir=\"ltr\" data-wpcf7-id=\"7239\">\n<div class=\"screen-reader-response\"><p role=\"status\" aria-live=\"polite\" aria-atomic=\"true\"><\/p> <ul><\/ul><\/div>\n<form action=\"\/en\/wp-json\/wp\/v2\/pages\/7118#wpcf7-f7239-o1\" method=\"post\" class=\"wpcf7-form init\" aria-label=\"Contact form\" novalidate=\"novalidate\" data-status=\"init\">\n<fieldset class=\"hidden-fields-container\"><input type=\"hidden\" name=\"_wpcf7\" value=\"7239\" \/><input type=\"hidden\" name=\"_wpcf7_version\" value=\"6.1.5\" \/><input type=\"hidden\" name=\"_wpcf7_locale\" value=\"en_US\" \/><input type=\"hidden\" name=\"_wpcf7_unit_tag\" value=\"wpcf7-f7239-o1\" \/><input type=\"hidden\" name=\"_wpcf7_container_post\" value=\"0\" \/><input type=\"hidden\" name=\"_wpcf7_posted_data_hash\" value=\"\" \/><input type=\"hidden\" name=\"_wpcf7_recaptcha_response\" value=\"\" \/>\n<\/fieldset>\n<div class=\"business-partner-form p-3\">\n\t<h4>Bli medlem i Noaks Ark\n\t<\/h4>\n\t<p class=\"lead\">Skicka en ans\u00f6kan via formul\u00e4ret nedan d\u00e4r du ber\u00e4ttar lite om dig sj\u00e4lv s\u00e5 kontaktar vi dig.\n\t<\/p>\n\t<div class=\"col-sm-12\">\n\t\t<h6>V\u00e4lj lokalf\u00f6rening\n\t\t<\/h6>\n\t\t<p><span class=\"wpcf7-form-control-wrap\" data-name=\"your-recipient\"><select class=\"wpcf7-form-control wpcf7-select wpcf7-validates-as-required form-select\" aria-required=\"true\" aria-invalid=\"false\" name=\"your-recipient\"><option value=\"Norra Norrland\">Norra Norrland<\/option><option value=\"\u00d6sterg\u00f6tland\">\u00d6sterg\u00f6tland<\/option><option value=\"G\u00f6teborg &amp; V\u00e4stra G\u00f6taland\">G\u00f6teborg &amp; V\u00e4stra G\u00f6taland<\/option><option value=\"Stockholm\">Stockholm<\/option><option value=\"Sm\u00e5land &amp; Halland\">Sm\u00e5land &amp; Halland<\/option><option value=\"Mosaik\">Mosaik<\/option><\/select><\/span>\n\t\t<\/p>\n\t<\/div>\n\t<div class=\"row\">\n\t\t<div class=\"col-sm-12\">\n\t\t\t<h6>Namn\n\t\t\t<\/h6>\n\t\t\t<p><span class=\"wpcf7-form-control-wrap\" data-name=\"your-name\"><input size=\"40\" maxlength=\"400\" class=\"wpcf7-form-control wpcf7-text wpcf7-validates-as-required form-control\" aria-required=\"true\" aria-invalid=\"false\" value=\"\" type=\"text\" name=\"your-name\" \/><\/span>\n\t\t\t<\/p>\n\t\t<\/div>\n\t\t<div class=\"col-sm-12 col-lg-6\">\n\t\t\t<h6>Telefonnummer\n\t\t\t<\/h6>\n\t\t\t<p><span class=\"wpcf7-form-control-wrap\" data-name=\"phone-number\"><input size=\"40\" maxlength=\"400\" class=\"wpcf7-form-control wpcf7-text form-control\" aria-invalid=\"false\" value=\"\" type=\"text\" name=\"phone-number\" \/><\/span>\n\t\t\t<\/p>\n\t\t<\/div>\n\t\t<div class=\"col-sm-12 col-lg-6\">\n\t\t\t<h6>E-mail\n\t\t\t<\/h6>\n\t\t\t<p><span class=\"wpcf7-form-control-wrap\" data-name=\"your-email\"><input size=\"40\" maxlength=\"400\" class=\"wpcf7-form-control wpcf7-email wpcf7-validates-as-required wpcf7-text wpcf7-validates-as-email form-control\" aria-required=\"true\" aria-invalid=\"false\" value=\"\" type=\"email\" name=\"your-email\" \/><\/span>\n\t\t\t<\/p>\n\t\t<\/div>\n\t\t<div class=\"col-sm-12\">\n\t\t\t<h6>Ditt meddelande\n\t\t\t<\/h6>\n\t\t\t<p><span class=\"wpcf7-form-control-wrap\" data-name=\"your-message\"><textarea cols=\"40\" rows=\"10\" maxlength=\"2000\" class=\"wpcf7-form-control wpcf7-textarea form-control\" aria-invalid=\"false\" name=\"your-message\"><\/textarea><\/span>\n\t\t\t<\/p>\n\t\t<\/div>\n\t\t<p><span class=\"wpcf7-form-control-wrap\" data-name=\"acceptance-41\"><span class=\"wpcf7-form-control wpcf7-acceptance\"><span class=\"wpcf7-list-item\"><label><input type=\"checkbox\" name=\"acceptance-41\" value=\"1\" aria-invalid=\"false\" \/><span class=\"wpcf7-list-item-label\">Jag godk\u00e4nner Noaks Arks <a href=\"https:\/\/noaksark.org\/om-oss\/personuppgiftspolicy\/\">behandling av mina personuppgifter.<\/a><\/span><\/label><\/span><\/span><\/span>\n\t\t<\/p>\n\t\t<p><input class=\"wpcf7-form-control wpcf7-submit has-spinner\" type=\"submit\" value=\"Skicka intresseanm\u00e4lan\" \/>\n\t\t<\/p>\n\t\t<p>Eller <a href=\"https:\/\/noaksark.org\/om-oss\/kontakta-oss\/\">kontakta oss<\/a> om du har n\u00e5gra fr\u00e5gor!\n\t\t<\/p>\n\t<\/div>\n<\/div><div class=\"wpcf7-response-output\" aria-hidden=\"true\"><\/div>\n<\/form>\n<\/div>\n<\/div>\n","protected":false},"excerpt":{"rendered":"<p>Do you want to take a strong statement that HIV should be treated to protect both the person living with HIV and others? Become a member! As a member, you make an active choice to&#8230;<\/p>\n","protected":false},"author":1,"featured_media":0,"parent":7113,"menu_order":0,"comment_status":"closed","ping_status":"closed","template":"","meta":{"_acf_changed":false,"footnotes":""},"class_list":["post-7118","page","type-page","status-publish","hentry"],"acf":[],"yoast_head":"<!-- This site is optimized with the Yoast SEO Premium plugin v27.3 (Yoast SEO v27.4) - https:\/\/yoast.com\/product\/yoast-seo-premium-wordpress\/ -->\n<title>Membership - Noaks Ark<\/title>\n<meta name=\"robots\" content=\"index, follow, max-snippet:-1, max-image-preview:large, max-video-preview:-1\" \/>\n<link rel=\"canonical\" href=\"https:\/\/noaksark.org\/en\/stod-oss\/bli-medlem\/\" \/>\n<meta property=\"og:locale\" content=\"en_US\" \/>\n<meta property=\"og:type\" content=\"article\" \/>\n<meta property=\"og:title\" content=\"Membership\" \/>\n<meta property=\"og:description\" content=\"Do you want to take a strong statement that HIV should be treated to protect both the person living with HIV and others? Become a member! As a member, you make an active choice to...\" \/>\n<meta property=\"og:url\" content=\"https:\/\/noaksark.org\/en\/stod-oss\/bli-medlem\/\" \/>\n<meta property=\"og:site_name\" content=\"Noaks Ark\" \/>\n<meta property=\"article:modified_time\" content=\"2023-06-12T09:13:29+00:00\" \/>\n<meta name=\"twitter:card\" content=\"summary_large_image\" \/>\n<meta name=\"twitter:label1\" content=\"Est. reading time\" \/>\n\t<meta name=\"twitter:data1\" content=\"1 minute\" \/>\n<script type=\"application\/ld+json\" class=\"yoast-schema-graph\">{\"@context\":\"https:\\\/\\\/schema.org\",\"@graph\":[{\"@type\":\"WebPage\",\"@id\":\"https:\\\/\\\/noaksark.org\\\/en\\\/stod-oss\\\/bli-medlem\\\/\",\"url\":\"https:\\\/\\\/noaksark.org\\\/en\\\/stod-oss\\\/bli-medlem\\\/\",\"name\":\"Membership - Noaks Ark\",\"isPartOf\":{\"@id\":\"https:\\\/\\\/noaksark.org\\\/en\\\/#website\"},\"datePublished\":\"2022-11-17T09:10:51+00:00\",\"dateModified\":\"2023-06-12T09:13:29+00:00\",\"breadcrumb\":{\"@id\":\"https:\\\/\\\/noaksark.org\\\/en\\\/stod-oss\\\/bli-medlem\\\/#breadcrumb\"},\"inLanguage\":\"en-US\",\"potentialAction\":[{\"@type\":\"ReadAction\",\"target\":[\"https:\\\/\\\/noaksark.org\\\/en\\\/stod-oss\\\/bli-medlem\\\/\"]}]},{\"@type\":\"BreadcrumbList\",\"@id\":\"https:\\\/\\\/noaksark.org\\\/en\\\/stod-oss\\\/bli-medlem\\\/#breadcrumb\",\"itemListElement\":[{\"@type\":\"ListItem\",\"position\":1,\"name\":\"Home\",\"item\":\"https:\\\/\\\/noaksark.org\\\/en\\\/\"},{\"@type\":\"ListItem\",\"position\":2,\"name\":\"Support us\",\"item\":\"https:\\\/\\\/noaksark.org\\\/en\\\/stod-oss\\\/\"},{\"@type\":\"ListItem\",\"position\":3,\"name\":\"Membership\"}]},{\"@type\":\"WebSite\",\"@id\":\"https:\\\/\\\/noaksark.org\\\/en\\\/#website\",\"url\":\"https:\\\/\\\/noaksark.org\\\/en\\\/\",\"name\":\"Noaks Ark\",\"description\":\"Riks\",\"potentialAction\":[{\"@type\":\"SearchAction\",\"target\":{\"@type\":\"EntryPoint\",\"urlTemplate\":\"https:\\\/\\\/noaksark.org\\\/en\\\/?s={search_term_string}\"},\"query-input\":{\"@type\":\"PropertyValueSpecification\",\"valueRequired\":true,\"valueName\":\"search_term_string\"}}],\"inLanguage\":\"en-US\"}]}<\/script>\n<!-- \/ Yoast SEO Premium plugin. -->","yoast_head_json":{"title":"Membership - Noaks Ark","robots":{"index":"index","follow":"follow","max-snippet":"max-snippet:-1","max-image-preview":"max-image-preview:large","max-video-preview":"max-video-preview:-1"},"canonical":"https:\/\/noaksark.org\/en\/stod-oss\/bli-medlem\/","og_locale":"en_US","og_type":"article","og_title":"Membership","og_description":"Do you want to take a strong statement that HIV should be treated to protect both the person living with HIV and others? Become a member! As a member, you make an active choice to...","og_url":"https:\/\/noaksark.org\/en\/stod-oss\/bli-medlem\/","og_site_name":"Noaks Ark","article_modified_time":"2023-06-12T09:13:29+00:00","twitter_card":"summary_large_image","twitter_misc":{"Est. reading time":"1 minute"},"schema":{"@context":"https:\/\/schema.org","@graph":[{"@type":"WebPage","@id":"https:\/\/noaksark.org\/en\/stod-oss\/bli-medlem\/","url":"https:\/\/noaksark.org\/en\/stod-oss\/bli-medlem\/","name":"Membership - Noaks Ark","isPartOf":{"@id":"https:\/\/noaksark.org\/en\/#website"},"datePublished":"2022-11-17T09:10:51+00:00","dateModified":"2023-06-12T09:13:29+00:00","breadcrumb":{"@id":"https:\/\/noaksark.org\/en\/stod-oss\/bli-medlem\/#breadcrumb"},"inLanguage":"en-US","potentialAction":[{"@type":"ReadAction","target":["https:\/\/noaksark.org\/en\/stod-oss\/bli-medlem\/"]}]},{"@type":"BreadcrumbList","@id":"https:\/\/noaksark.org\/en\/stod-oss\/bli-medlem\/#breadcrumb","itemListElement":[{"@type":"ListItem","position":1,"name":"Home","item":"https:\/\/noaksark.org\/en\/"},{"@type":"ListItem","position":2,"name":"Support us","item":"https:\/\/noaksark.org\/en\/stod-oss\/"},{"@type":"ListItem","position":3,"name":"Membership"}]},{"@type":"WebSite","@id":"https:\/\/noaksark.org\/en\/#website","url":"https:\/\/noaksark.org\/en\/","name":"Noaks Ark","description":"Riks","potentialAction":[{"@type":"SearchAction","target":{"@type":"EntryPoint","urlTemplate":"https:\/\/noaksark.org\/en\/?s={search_term_string}"},"query-input":{"@type":"PropertyValueSpecification","valueRequired":true,"valueName":"search_term_string"}}],"inLanguage":"en-US"}]}},"_links":{"self":[{"href":"https:\/\/noaksark.org\/en\/wp-json\/wp\/v2\/pages\/7118","targetHints":{"allow":["GET"]}}],"collection":[{"href":"https:\/\/noaksark.org\/en\/wp-json\/wp\/v2\/pages"}],"about":[{"href":"https:\/\/noaksark.org\/en\/wp-json\/wp\/v2\/types\/page"}],"author":[{"embeddable":true,"href":"https:\/\/noaksark.org\/en\/wp-json\/wp\/v2\/users\/1"}],"replies":[{"embeddable":true,"href":"https:\/\/noaksark.org\/en\/wp-json\/wp\/v2\/comments?post=7118"}],"version-history":[{"count":3,"href":"https:\/\/noaksark.org\/en\/wp-json\/wp\/v2\/pages\/7118\/revisions"}],"predecessor-version":[{"id":7240,"href":"https:\/\/noaksark.org\/en\/wp-json\/wp\/v2\/pages\/7118\/revisions\/7240"}],"up":[{"embeddable":true,"href":"https:\/\/noaksark.org\/en\/wp-json\/wp\/v2\/pages\/7113"}],"wp:attachment":[{"href":"https:\/\/noaksark.org\/en\/wp-json\/wp\/v2\/media?parent=7118"}],"curies":[{"name":"wp","href":"https:\/\/api.w.org\/{rel}","templated":true}]}}