{"id":7042,"date":"2022-11-28T13:53:33","date_gmt":"2022-11-28T12:53:33","guid":{"rendered":"https:\/\/noaksark.org\/for-dig\/nyheter\/"},"modified":"2023-06-05T09:17:02","modified_gmt":"2023-06-05T08:17:02","slug":"nyheter","status":"publish","type":"page","link":"https:\/\/noaksark.org\/en\/for-dig\/nyheter\/","title":{"rendered":"News"},"content":{"rendered":"\n<p>On our blog you can read reports, portraits, and chronicles about HIV and our activities. Here you will also find factual articles by Lars Moberg, a specialist in infectious medicine.<\/p>\n","protected":false},"excerpt":{"rendered":"<p>On our blog you can read reports, portraits, and chronicles about HIV and our activities. Here you will also find factual articles by Lars Moberg, a specialist in infectious medicine.<\/p>\n","protected":false},"author":1,"featured_media":0,"parent":6958,"menu_order":0,"comment_status":"closed","ping_status":"closed","template":"_template-news.php","meta":{"_acf_changed":false,"footnotes":""},"class_list":["post-7042","page","type-page","status-publish","hentry"],"acf":[],"yoast_head":"<!-- This site is optimized with the Yoast SEO Premium plugin v27.5 (Yoast SEO v27.5) - https:\/\/yoast.com\/product\/yoast-seo-premium-wordpress\/ -->\n<title>News - Noaks Ark<\/title>\n<meta name=\"description\" content=\"P\u00e5 v\u00e5r blogg kan du l\u00e4sa nyheter, reportage, portr\u00e4tt och kr\u00f6nikor om hiv och v\u00e5r verksamhet.\" \/>\n<meta name=\"robots\" content=\"index, follow, max-snippet:-1, max-image-preview:large, max-video-preview:-1\" \/>\n<link rel=\"canonical\" href=\"https:\/\/noaksark.org\/en\/for-dig\/nyheter\/\" \/>\n<meta property=\"og:locale\" content=\"en_US\" \/>\n<meta property=\"og:type\" content=\"article\" \/>\n<meta property=\"og:title\" content=\"News\" \/>\n<meta property=\"og:description\" content=\"P\u00e5 v\u00e5r blogg kan du l\u00e4sa nyheter, reportage, portr\u00e4tt och kr\u00f6nikor om hiv och v\u00e5r verksamhet.\" \/>\n<meta property=\"og:url\" content=\"https:\/\/noaksark.org\/en\/for-dig\/nyheter\/\" \/>\n<meta property=\"og:site_name\" content=\"Noaks Ark\" \/>\n<meta property=\"article:modified_time\" content=\"2023-06-05T08:17:02+00:00\" \/>\n<meta name=\"twitter:card\" content=\"summary_large_image\" \/>\n<meta name=\"twitter:label1\" content=\"Est. reading time\" \/>\n\t<meta name=\"twitter:data1\" content=\"1 minute\" \/>\n<script type=\"application\/ld+json\" class=\"yoast-schema-graph\">{\"@context\":\"https:\\\/\\\/schema.org\",\"@graph\":[{\"@type\":\"WebPage\",\"@id\":\"https:\\\/\\\/noaksark.org\\\/en\\\/for-dig\\\/nyheter\\\/\",\"url\":\"https:\\\/\\\/noaksark.org\\\/en\\\/for-dig\\\/nyheter\\\/\",\"name\":\"News - Noaks Ark\",\"isPartOf\":{\"@id\":\"https:\\\/\\\/noaksark.org\\\/en\\\/#website\"},\"datePublished\":\"2022-11-28T12:53:33+00:00\",\"dateModified\":\"2023-06-05T08:17:02+00:00\",\"description\":\"P\u00e5 v\u00e5r blogg kan du l\u00e4sa nyheter, reportage, portr\u00e4tt och kr\u00f6nikor om hiv och v\u00e5r verksamhet.\",\"breadcrumb\":{\"@id\":\"https:\\\/\\\/noaksark.org\\\/en\\\/for-dig\\\/nyheter\\\/#breadcrumb\"},\"inLanguage\":\"en-US\",\"potentialAction\":[{\"@type\":\"ReadAction\",\"target\":[\"https:\\\/\\\/noaksark.org\\\/en\\\/for-dig\\\/nyheter\\\/\"]}]},{\"@type\":\"BreadcrumbList\",\"@id\":\"https:\\\/\\\/noaksark.org\\\/en\\\/for-dig\\\/nyheter\\\/#breadcrumb\",\"itemListElement\":[{\"@type\":\"ListItem\",\"position\":1,\"name\":\"Home\",\"item\":\"https:\\\/\\\/noaksark.org\\\/en\\\/\"},{\"@type\":\"ListItem\",\"position\":2,\"name\":\"For you\",\"item\":\"https:\\\/\\\/noaksark.org\\\/en\\\/for-dig\\\/\"},{\"@type\":\"ListItem\",\"position\":3,\"name\":\"News\"}]},{\"@type\":\"WebSite\",\"@id\":\"https:\\\/\\\/noaksark.org\\\/en\\\/#website\",\"url\":\"https:\\\/\\\/noaksark.org\\\/en\\\/\",\"name\":\"Noaks Ark\",\"description\":\"Riks\",\"potentialAction\":[{\"@type\":\"SearchAction\",\"target\":{\"@type\":\"EntryPoint\",\"urlTemplate\":\"https:\\\/\\\/noaksark.org\\\/en\\\/?s={search_term_string}\"},\"query-input\":{\"@type\":\"PropertyValueSpecification\",\"valueRequired\":true,\"valueName\":\"search_term_string\"}}],\"inLanguage\":\"en-US\"}]}<\/script>\n<!-- \/ Yoast SEO Premium plugin. -->","yoast_head_json":{"title":"News - Noaks Ark","description":"P\u00e5 v\u00e5r blogg kan du l\u00e4sa nyheter, reportage, portr\u00e4tt och kr\u00f6nikor om hiv och v\u00e5r verksamhet.","robots":{"index":"index","follow":"follow","max-snippet":"max-snippet:-1","max-image-preview":"max-image-preview:large","max-video-preview":"max-video-preview:-1"},"canonical":"https:\/\/noaksark.org\/en\/for-dig\/nyheter\/","og_locale":"en_US","og_type":"article","og_title":"News","og_description":"P\u00e5 v\u00e5r blogg kan du l\u00e4sa nyheter, reportage, portr\u00e4tt och kr\u00f6nikor om hiv och v\u00e5r verksamhet.","og_url":"https:\/\/noaksark.org\/en\/for-dig\/nyheter\/","og_site_name":"Noaks Ark","article_modified_time":"2023-06-05T08:17:02+00:00","twitter_card":"summary_large_image","twitter_misc":{"Est. reading time":"1 minute"},"schema":{"@context":"https:\/\/schema.org","@graph":[{"@type":"WebPage","@id":"https:\/\/noaksark.org\/en\/for-dig\/nyheter\/","url":"https:\/\/noaksark.org\/en\/for-dig\/nyheter\/","name":"News - Noaks Ark","isPartOf":{"@id":"https:\/\/noaksark.org\/en\/#website"},"datePublished":"2022-11-28T12:53:33+00:00","dateModified":"2023-06-05T08:17:02+00:00","description":"P\u00e5 v\u00e5r blogg kan du l\u00e4sa nyheter, reportage, portr\u00e4tt och kr\u00f6nikor om hiv och v\u00e5r verksamhet.","breadcrumb":{"@id":"https:\/\/noaksark.org\/en\/for-dig\/nyheter\/#breadcrumb"},"inLanguage":"en-US","potentialAction":[{"@type":"ReadAction","target":["https:\/\/noaksark.org\/en\/for-dig\/nyheter\/"]}]},{"@type":"BreadcrumbList","@id":"https:\/\/noaksark.org\/en\/for-dig\/nyheter\/#breadcrumb","itemListElement":[{"@type":"ListItem","position":1,"name":"Home","item":"https:\/\/noaksark.org\/en\/"},{"@type":"ListItem","position":2,"name":"For you","item":"https:\/\/noaksark.org\/en\/for-dig\/"},{"@type":"ListItem","position":3,"name":"News"}]},{"@type":"WebSite","@id":"https:\/\/noaksark.org\/en\/#website","url":"https:\/\/noaksark.org\/en\/","name":"Noaks Ark","description":"Riks","potentialAction":[{"@type":"SearchAction","target":{"@type":"EntryPoint","urlTemplate":"https:\/\/noaksark.org\/en\/?s={search_term_string}"},"query-input":{"@type":"PropertyValueSpecification","valueRequired":true,"valueName":"search_term_string"}}],"inLanguage":"en-US"}]}},"_links":{"self":[{"href":"https:\/\/noaksark.org\/en\/wp-json\/wp\/v2\/pages\/7042","targetHints":{"allow":["GET"]}}],"collection":[{"href":"https:\/\/noaksark.org\/en\/wp-json\/wp\/v2\/pages"}],"about":[{"href":"https:\/\/noaksark.org\/en\/wp-json\/wp\/v2\/types\/page"}],"author":[{"embeddable":true,"href":"https:\/\/noaksark.org\/en\/wp-json\/wp\/v2\/users\/1"}],"replies":[{"embeddable":true,"href":"https:\/\/noaksark.org\/en\/wp-json\/wp\/v2\/comments?post=7042"}],"version-history":[{"count":2,"href":"https:\/\/noaksark.org\/en\/wp-json\/wp\/v2\/pages\/7042\/revisions"}],"predecessor-version":[{"id":7044,"href":"https:\/\/noaksark.org\/en\/wp-json\/wp\/v2\/pages\/7042\/revisions\/7044"}],"up":[{"embeddable":true,"href":"https:\/\/noaksark.org\/en\/wp-json\/wp\/v2\/pages\/6958"}],"wp:attachment":[{"href":"https:\/\/noaksark.org\/en\/wp-json\/wp\/v2\/media?parent=7042"}],"curies":[{"name":"wp","href":"https:\/\/api.w.org\/{rel}","templated":true}]}}