{"id":7021,"date":"2022-11-17T09:21:36","date_gmt":"2022-11-17T08:21:36","guid":{"rendered":"https:\/\/noaksark.org\/for-dig\/hivtesta-dig\/"},"modified":"2023-06-12T12:22:13","modified_gmt":"2023-06-12T11:22:13","slug":"hivtesta-dig","status":"publish","type":"page","link":"https:\/\/noaksark.org\/en\/for-dig\/hivtesta-dig\/","title":{"rendered":"Get your HIV tested"},"content":{"rendered":"\n<p>Here at Noaks Ark you can test yourself for HIV easily, discreetly, and free of charge. We offer quick answer HIV tests in Stockholm, V\u00e4xj\u00f6, Link\u00f6ping, Norrk\u00f6ping, and Malm\u00f6. <a href=\"https:\/\/noaksark.org\/en\/hiv\/boka-test\/\">At our receptions<\/a>, experienced staff are on site for conversations and support. Noaks Ark never denies anyone an HIV test. It is important to find out about your HIV diagnosis early, this provides the opportunity for better care and treatment. It also contributes to the reduced spread of HIV. Treated HIV is not transmitted during sex.<\/p>\n\n\n\n<h2 class=\"wp-block-heading\" id=\"h-this-is-how-the-hiv-test-works\">This is how the HIV test works<\/h2>\n\n\n\n<p>The test is taken with a finger-prick test. After a capillary blood test, you will receive your answer within 20 minutes. While waiting for the answer, there is an opportunity to talk and ask questions about HIV and various sexually transmitted diseases.<\/p>\n\n\n\n<h2 class=\"wp-block-heading\" id=\"h-early-diagnosis-is-important\">Early diagnosis is important<\/h2>\n\n\n\n<p>It is important to find out about your HIV diagnosis early, this provides the opportunity for better care and treatment. It also contributes to the reduced spread of HIV. Treated HIV is not transmitted during sex.<\/p>\n\n\n\n<h2 class=\"wp-block-heading\" id=\"h-our-tests\">Our tests<\/h2>\n\n\n\n<p>We use so-called quick answer HIV tests, which means a finger-prick test and you recieve your answer within 20 minutes. The tests we use &#8211; Abbott Determine HIV-1\/2 &#8211; are approved by the Swedish Medicines Agency and have the same reliability as the tests that are taken in the crease of the arm and analyzed in a laboratory.<\/p>\n\n\n\n<h2 class=\"wp-block-heading\" id=\"h-when-can-i-trust-a-negative-test-result\">When can I trust a negative test result?<\/h2>\n\n\n\n<p>The quick answer HIV test we use reacts to antibodies against HIV, which in the vast majority of people can be detected between three to six weeks after infection. The result is fully reliable only after eight weeks from the time of risk. (Six weeks if the sample is taken in the armpit.)<\/p>\n\n\n\n<h2 class=\"wp-block-heading\" id=\"h-where-can-i-test-myself\">Where can I test myself?<\/h2>\n\n\n\n<p>We offer quick answer HIV tests in Stockholm, V\u00e4xj\u00f6, Link\u00f6ping, Norrk\u00f6ping, and Malm\u00f6. For other receptions, please contact&nbsp;<a href=\"http:\/\/www.1177.se\/\">1177<\/a>.<\/p>\n\n\n\n<p><a href=\"https:\/\/noaksark.org\/hiv-sti\/fragor-svar\/\">More questions and answers about HIV.<\/a><\/p>\n\n\n\n<p>Listen to everything you need to know about HIV testing (Link to the Noaks Ark podcast)<\/p>\n\n\n\n<figure class=\"wp-block-image size-full is-style-rounded-corners\"><img loading=\"lazy\" decoding=\"async\" width=\"1000\" height=\"1000\" src=\"https:\/\/noaksark.org\/wp-content\/uploads\/2023\/04\/noaksArk_Fingret_2022_LLerin_webb2.jpg\" alt=\"Noaks Ark - Ett stick i fingret - Lars Lerin - Hiv g\u00e5r att behandla - Behandlad hiv smittar inte.\" class=\"wp-image-6284\" srcset=\"https:\/\/noaksark.org\/wp-content\/uploads\/2023\/04\/noaksArk_Fingret_2022_LLerin_webb2.jpg 1000w, https:\/\/noaksark.org\/wp-content\/uploads\/2023\/04\/noaksArk_Fingret_2022_LLerin_webb2-300x300.jpg 300w, https:\/\/noaksark.org\/wp-content\/uploads\/2023\/04\/noaksArk_Fingret_2022_LLerin_webb2-150x150.jpg 150w, https:\/\/noaksark.org\/wp-content\/uploads\/2023\/04\/noaksArk_Fingret_2022_LLerin_webb2-768x768.jpg 768w, https:\/\/noaksark.org\/wp-content\/uploads\/2023\/04\/noaksArk_Fingret_2022_LLerin_webb2-100x100.jpg 100w\" sizes=\"auto, (max-width: 1000px) 100vw, 1000px\" \/><\/figure>\n","protected":false},"excerpt":{"rendered":"<p>Here at Noaks Ark you can test yourself for HIV easily, discreetly, and free of charge. We offer quick answer HIV tests in Stockholm, V\u00e4xj\u00f6, Link\u00f6ping, Norrk\u00f6ping, and Malm\u00f6. At our receptions, experienced staff are&#8230;<\/p>\n","protected":false},"author":1,"featured_media":0,"parent":6958,"menu_order":0,"comment_status":"closed","ping_status":"closed","template":"","meta":{"_acf_changed":false,"footnotes":""},"class_list":["post-7021","page","type-page","status-publish","hentry"],"acf":[],"yoast_head":"<!-- This site is optimized with the Yoast SEO Premium plugin v27.4 (Yoast SEO v27.4) - https:\/\/yoast.com\/product\/yoast-seo-premium-wordpress\/ -->\n<title>Get your HIV tested - Noaks Ark<\/title>\n<meta name=\"robots\" content=\"index, follow, max-snippet:-1, max-image-preview:large, max-video-preview:-1\" \/>\n<link rel=\"canonical\" href=\"https:\/\/noaksark.org\/en\/for-dig\/hivtesta-dig\/\" \/>\n<meta property=\"og:locale\" content=\"en_US\" \/>\n<meta property=\"og:type\" content=\"article\" \/>\n<meta property=\"og:title\" content=\"Get your HIV tested\" \/>\n<meta property=\"og:description\" content=\"Here at Noaks Ark you can test yourself for HIV easily, discreetly, and free of charge. We offer quick answer HIV tests in Stockholm, V\u00e4xj\u00f6, Link\u00f6ping, Norrk\u00f6ping, and Malm\u00f6. At our receptions, experienced staff are...\" \/>\n<meta property=\"og:url\" content=\"https:\/\/noaksark.org\/en\/for-dig\/hivtesta-dig\/\" \/>\n<meta property=\"og:site_name\" content=\"Noaks Ark\" \/>\n<meta property=\"article:modified_time\" content=\"2023-06-12T11:22:13+00:00\" \/>\n<meta property=\"og:image\" content=\"https:\/\/noaksark.org\/wp-content\/uploads\/2023\/04\/noaksArk_Fingret_2022_LLerin_webb2.jpg\" \/>\n<meta name=\"twitter:card\" content=\"summary_large_image\" \/>\n<meta name=\"twitter:label1\" content=\"Est. reading time\" \/>\n\t<meta name=\"twitter:data1\" content=\"2 minutes\" \/>\n<script type=\"application\/ld+json\" class=\"yoast-schema-graph\">{\"@context\":\"https:\\\/\\\/schema.org\",\"@graph\":[{\"@type\":\"WebPage\",\"@id\":\"https:\\\/\\\/noaksark.org\\\/en\\\/for-dig\\\/hivtesta-dig\\\/\",\"url\":\"https:\\\/\\\/noaksark.org\\\/en\\\/for-dig\\\/hivtesta-dig\\\/\",\"name\":\"Get your HIV tested - Noaks Ark\",\"isPartOf\":{\"@id\":\"https:\\\/\\\/noaksark.org\\\/en\\\/#website\"},\"primaryImageOfPage\":{\"@id\":\"https:\\\/\\\/noaksark.org\\\/en\\\/for-dig\\\/hivtesta-dig\\\/#primaryimage\"},\"image\":{\"@id\":\"https:\\\/\\\/noaksark.org\\\/en\\\/for-dig\\\/hivtesta-dig\\\/#primaryimage\"},\"thumbnailUrl\":\"https:\\\/\\\/noaksark.org\\\/wp-content\\\/uploads\\\/2023\\\/04\\\/noaksArk_Fingret_2022_LLerin_webb2.jpg\",\"datePublished\":\"2022-11-17T08:21:36+00:00\",\"dateModified\":\"2023-06-12T11:22:13+00:00\",\"breadcrumb\":{\"@id\":\"https:\\\/\\\/noaksark.org\\\/en\\\/for-dig\\\/hivtesta-dig\\\/#breadcrumb\"},\"inLanguage\":\"en-US\",\"potentialAction\":[{\"@type\":\"ReadAction\",\"target\":[\"https:\\\/\\\/noaksark.org\\\/en\\\/for-dig\\\/hivtesta-dig\\\/\"]}]},{\"@type\":\"ImageObject\",\"inLanguage\":\"en-US\",\"@id\":\"https:\\\/\\\/noaksark.org\\\/en\\\/for-dig\\\/hivtesta-dig\\\/#primaryimage\",\"url\":\"https:\\\/\\\/noaksark.org\\\/wp-content\\\/uploads\\\/2023\\\/04\\\/noaksArk_Fingret_2022_LLerin_webb2.jpg\",\"contentUrl\":\"https:\\\/\\\/noaksark.org\\\/wp-content\\\/uploads\\\/2023\\\/04\\\/noaksArk_Fingret_2022_LLerin_webb2.jpg\"},{\"@type\":\"BreadcrumbList\",\"@id\":\"https:\\\/\\\/noaksark.org\\\/en\\\/for-dig\\\/hivtesta-dig\\\/#breadcrumb\",\"itemListElement\":[{\"@type\":\"ListItem\",\"position\":1,\"name\":\"Home\",\"item\":\"https:\\\/\\\/noaksark.org\\\/en\\\/\"},{\"@type\":\"ListItem\",\"position\":2,\"name\":\"For you\",\"item\":\"https:\\\/\\\/noaksark.org\\\/en\\\/for-dig\\\/\"},{\"@type\":\"ListItem\",\"position\":3,\"name\":\"Get your HIV tested\"}]},{\"@type\":\"WebSite\",\"@id\":\"https:\\\/\\\/noaksark.org\\\/en\\\/#website\",\"url\":\"https:\\\/\\\/noaksark.org\\\/en\\\/\",\"name\":\"Noaks Ark\",\"description\":\"Riks\",\"potentialAction\":[{\"@type\":\"SearchAction\",\"target\":{\"@type\":\"EntryPoint\",\"urlTemplate\":\"https:\\\/\\\/noaksark.org\\\/en\\\/?s={search_term_string}\"},\"query-input\":{\"@type\":\"PropertyValueSpecification\",\"valueRequired\":true,\"valueName\":\"search_term_string\"}}],\"inLanguage\":\"en-US\"}]}<\/script>\n<!-- \/ Yoast SEO Premium plugin. -->","yoast_head_json":{"title":"Get your HIV tested - Noaks Ark","robots":{"index":"index","follow":"follow","max-snippet":"max-snippet:-1","max-image-preview":"max-image-preview:large","max-video-preview":"max-video-preview:-1"},"canonical":"https:\/\/noaksark.org\/en\/for-dig\/hivtesta-dig\/","og_locale":"en_US","og_type":"article","og_title":"Get your HIV tested","og_description":"Here at Noaks Ark you can test yourself for HIV easily, discreetly, and free of charge. We offer quick answer HIV tests in Stockholm, V\u00e4xj\u00f6, Link\u00f6ping, Norrk\u00f6ping, and Malm\u00f6. At our receptions, experienced staff are...","og_url":"https:\/\/noaksark.org\/en\/for-dig\/hivtesta-dig\/","og_site_name":"Noaks Ark","article_modified_time":"2023-06-12T11:22:13+00:00","og_image":[{"url":"https:\/\/noaksark.org\/wp-content\/uploads\/2023\/04\/noaksArk_Fingret_2022_LLerin_webb2.jpg","type":"","width":"","height":""}],"twitter_card":"summary_large_image","twitter_misc":{"Est. reading time":"2 minutes"},"schema":{"@context":"https:\/\/schema.org","@graph":[{"@type":"WebPage","@id":"https:\/\/noaksark.org\/en\/for-dig\/hivtesta-dig\/","url":"https:\/\/noaksark.org\/en\/for-dig\/hivtesta-dig\/","name":"Get your HIV tested - Noaks Ark","isPartOf":{"@id":"https:\/\/noaksark.org\/en\/#website"},"primaryImageOfPage":{"@id":"https:\/\/noaksark.org\/en\/for-dig\/hivtesta-dig\/#primaryimage"},"image":{"@id":"https:\/\/noaksark.org\/en\/for-dig\/hivtesta-dig\/#primaryimage"},"thumbnailUrl":"https:\/\/noaksark.org\/wp-content\/uploads\/2023\/04\/noaksArk_Fingret_2022_LLerin_webb2.jpg","datePublished":"2022-11-17T08:21:36+00:00","dateModified":"2023-06-12T11:22:13+00:00","breadcrumb":{"@id":"https:\/\/noaksark.org\/en\/for-dig\/hivtesta-dig\/#breadcrumb"},"inLanguage":"en-US","potentialAction":[{"@type":"ReadAction","target":["https:\/\/noaksark.org\/en\/for-dig\/hivtesta-dig\/"]}]},{"@type":"ImageObject","inLanguage":"en-US","@id":"https:\/\/noaksark.org\/en\/for-dig\/hivtesta-dig\/#primaryimage","url":"https:\/\/noaksark.org\/wp-content\/uploads\/2023\/04\/noaksArk_Fingret_2022_LLerin_webb2.jpg","contentUrl":"https:\/\/noaksark.org\/wp-content\/uploads\/2023\/04\/noaksArk_Fingret_2022_LLerin_webb2.jpg"},{"@type":"BreadcrumbList","@id":"https:\/\/noaksark.org\/en\/for-dig\/hivtesta-dig\/#breadcrumb","itemListElement":[{"@type":"ListItem","position":1,"name":"Home","item":"https:\/\/noaksark.org\/en\/"},{"@type":"ListItem","position":2,"name":"For you","item":"https:\/\/noaksark.org\/en\/for-dig\/"},{"@type":"ListItem","position":3,"name":"Get your HIV tested"}]},{"@type":"WebSite","@id":"https:\/\/noaksark.org\/en\/#website","url":"https:\/\/noaksark.org\/en\/","name":"Noaks Ark","description":"Riks","potentialAction":[{"@type":"SearchAction","target":{"@type":"EntryPoint","urlTemplate":"https:\/\/noaksark.org\/en\/?s={search_term_string}"},"query-input":{"@type":"PropertyValueSpecification","valueRequired":true,"valueName":"search_term_string"}}],"inLanguage":"en-US"}]}},"_links":{"self":[{"href":"https:\/\/noaksark.org\/en\/wp-json\/wp\/v2\/pages\/7021","targetHints":{"allow":["GET"]}}],"collection":[{"href":"https:\/\/noaksark.org\/en\/wp-json\/wp\/v2\/pages"}],"about":[{"href":"https:\/\/noaksark.org\/en\/wp-json\/wp\/v2\/types\/page"}],"author":[{"embeddable":true,"href":"https:\/\/noaksark.org\/en\/wp-json\/wp\/v2\/users\/1"}],"replies":[{"embeddable":true,"href":"https:\/\/noaksark.org\/en\/wp-json\/wp\/v2\/comments?post=7021"}],"version-history":[{"count":4,"href":"https:\/\/noaksark.org\/en\/wp-json\/wp\/v2\/pages\/7021\/revisions"}],"predecessor-version":[{"id":7251,"href":"https:\/\/noaksark.org\/en\/wp-json\/wp\/v2\/pages\/7021\/revisions\/7251"}],"up":[{"embeddable":true,"href":"https:\/\/noaksark.org\/en\/wp-json\/wp\/v2\/pages\/6958"}],"wp:attachment":[{"href":"https:\/\/noaksark.org\/en\/wp-json\/wp\/v2\/media?parent=7021"}],"curies":[{"name":"wp","href":"https:\/\/api.w.org\/{rel}","templated":true}]}}